{"id":214,"date":"2019-07-06T11:45:05","date_gmt":"2019-07-06T09:45:05","guid":{"rendered":"http:\/\/madagascar-design.com\/quincaillerie\/?post_type=product&#038;p=214"},"modified":"2024-09-16T01:11:41","modified_gmt":"2024-09-15T23:11:41","slug":"verrou-de-securite-double-entree-cogex-3-cles","status":"publish","type":"product","link":"https:\/\/madagascar-design.com\/quincaillerie\/produit\/verrou-de-securite-double-entree-cogex-3-cles\/","title":{"rendered":"Verrou de s\u00e9curit\u00e9 double entr\u00e9e COGEX 3 cl\u00e9s"},"content":{"rendered":"<p>Informations g\u00e9n\u00e9rales sur le produit<br \/>\nMarque : COGEX<br \/>\nNom du produit : Verrou de s\u00e9curit\u00e9 double entr\u00e9e COGEX 3 cl\u00e9s<br \/>\nCat\u00e9gorie : SERRURE &#8211; BARILLET<\/p>\n<p>G\u00e9n\u00e9ral<br \/>\nType de Produit : Verrou de s\u00e9curit\u00e9<br \/>\nSans fil : Oui<br \/>\nMati\u00e8res : M\u00e9tal<br \/>\nCouleur principale : Jaune <\/p>\n","protected":false},"excerpt":{"rendered":"<p>Verrou de s\u00e9curit\u00e9 COGEX &#8211; Diam\u00e8tre : 23mm &#8211; Nombre de cl\u00e9s : 3 cl\u00e9s &#8211; Type de verrou : double entr\u00e9e.<\/p>\n","protected":false},"featured_media":215,"comment_status":"open","ping_status":"closed","template":"","meta":[],"_links":{"self":[{"href":"https:\/\/madagascar-design.com\/quincaillerie\/wp-json\/wp\/v2\/product\/214"}],"collection":[{"href":"https:\/\/madagascar-design.com\/quincaillerie\/wp-json\/wp\/v2\/product"}],"about":[{"href":"https:\/\/madagascar-design.com\/quincaillerie\/wp-json\/wp\/v2\/types\/product"}],"replies":[{"embeddable":true,"href":"https:\/\/madagascar-design.com\/quincaillerie\/wp-json\/wp\/v2\/comments?post=214"}],"wp:featuredmedia":[{"embeddable":true,"href":"https:\/\/madagascar-design.com\/quincaillerie\/wp-json\/wp\/v2\/media\/215"}],"wp:attachment":[{"href":"https:\/\/madagascar-design.com\/quincaillerie\/wp-json\/wp\/v2\/media?parent=214"}],"curies":[{"name":"wp","href":"https:\/\/api.w.org\/{rel}","templated":true}]}}