{"id":212,"date":"2019-07-06T11:41:49","date_gmt":"2019-07-06T09:41:49","guid":{"rendered":"http:\/\/madagascar-design.com\/quincaillerie\/?post_type=product&#038;p=212"},"modified":"2024-07-18T07:32:00","modified_gmt":"2024-07-18T05:32:00","slug":"chassis-aluminium","status":"publish","type":"product","link":"https:\/\/madagascar-design.com\/quincaillerie\/produit\/chassis-aluminium\/","title":{"rendered":"Ch\u00e2ssis aluminium"},"content":{"rendered":"<p>Confection, fourniture et pose d\u2019un ch\u00e2ssis aluminium vitr\u00e9 de s\u00e9paration entre le salon et la piscine.<\/p>\n","protected":false},"excerpt":{"rendered":"<p>Confection, fourniture et pose d\u2019un ch\u00e2ssis aluminium vitr\u00e9 de s\u00e9paration entre le salon et la piscine.<\/p>\n","protected":false},"featured_media":213,"comment_status":"open","ping_status":"closed","template":"","meta":[],"_links":{"self":[{"href":"https:\/\/madagascar-design.com\/quincaillerie\/wp-json\/wp\/v2\/product\/212"}],"collection":[{"href":"https:\/\/madagascar-design.com\/quincaillerie\/wp-json\/wp\/v2\/product"}],"about":[{"href":"https:\/\/madagascar-design.com\/quincaillerie\/wp-json\/wp\/v2\/types\/product"}],"replies":[{"embeddable":true,"href":"https:\/\/madagascar-design.com\/quincaillerie\/wp-json\/wp\/v2\/comments?post=212"}],"wp:featuredmedia":[{"embeddable":true,"href":"https:\/\/madagascar-design.com\/quincaillerie\/wp-json\/wp\/v2\/media\/213"}],"wp:attachment":[{"href":"https:\/\/madagascar-design.com\/quincaillerie\/wp-json\/wp\/v2\/media?parent=212"}],"curies":[{"name":"wp","href":"https:\/\/api.w.org\/{rel}","templated":true}]}}