{"id":210,"date":"2019-07-06T11:30:35","date_gmt":"2019-07-06T09:30:35","guid":{"rendered":"http:\/\/madagascar-design.com\/quincaillerie\/?post_type=product&#038;p=210"},"modified":"2024-06-29T14:47:36","modified_gmt":"2024-06-29T12:47:36","slug":"colonne-de-douche-thermostatique","status":"publish","type":"product","link":"https:\/\/madagascar-design.com\/quincaillerie\/produit\/colonne-de-douche-thermostatique\/","title":{"rendered":"Colonne de douche thermostatique"},"content":{"rendered":"<p>Colonne thermostatique 2 fonctions, r\u00e9glable en hauteur (T\u00e9lescopique<br \/>\nMitigeur thermostatique 2 sorties NF &#8211; entraxe 150 mm<br \/>\nColonne \u00d8 20\/23 mm &#8211; R\u00e9glage en hauteur t\u00e9lescopique (Plage 50 cm)<br \/>\nSupport mural de fixation colonne<br \/>\nDouche de t\u00eate carr\u00e9e plate 20 x 20 cm &#8211; Syst\u00e8me anticalcaire<br \/>\nDouchette \u00e0 main 1 jet avec syst\u00e8me anticalcaire<br \/>\nFlexible \u00e9crous coniques 1,50 m double agrafage<\/p>\n","protected":false},"excerpt":{"rendered":"<p>Vous serez s\u00e9duit par cette colonne de douche thermostatique !<\/p>\n","protected":false},"featured_media":211,"comment_status":"open","ping_status":"closed","template":"","meta":[],"_links":{"self":[{"href":"https:\/\/madagascar-design.com\/quincaillerie\/wp-json\/wp\/v2\/product\/210"}],"collection":[{"href":"https:\/\/madagascar-design.com\/quincaillerie\/wp-json\/wp\/v2\/product"}],"about":[{"href":"https:\/\/madagascar-design.com\/quincaillerie\/wp-json\/wp\/v2\/types\/product"}],"replies":[{"embeddable":true,"href":"https:\/\/madagascar-design.com\/quincaillerie\/wp-json\/wp\/v2\/comments?post=210"}],"wp:featuredmedia":[{"embeddable":true,"href":"https:\/\/madagascar-design.com\/quincaillerie\/wp-json\/wp\/v2\/media\/211"}],"wp:attachment":[{"href":"https:\/\/madagascar-design.com\/quincaillerie\/wp-json\/wp\/v2\/media?parent=210"}],"curies":[{"name":"wp","href":"https:\/\/api.w.org\/{rel}","templated":true}]}}