{"id":208,"date":"2019-07-06T11:27:45","date_gmt":"2019-07-06T09:27:45","guid":{"rendered":"http:\/\/madagascar-design.com\/quincaillerie\/?post_type=product&#038;p=208"},"modified":"2024-05-28T11:59:38","modified_gmt":"2024-05-28T09:59:38","slug":"mitigeur-de-lavabo-en-laiton-chrome","status":"publish","type":"product","link":"https:\/\/madagascar-design.com\/quincaillerie\/produit\/mitigeur-de-lavabo-en-laiton-chrome\/","title":{"rendered":"Mitigeur de lavabo en laiton chrom\u00e9"},"content":{"rendered":"<p>Corps Laiton, Poign\u00e9e m\u00e9tallique,<br \/>\nBec bas fixe avec a\u00e9rateur mousseur<br \/>\nCartouche \u00e0 disque c\u00e9ramique diam:40 mm<br \/>\nFlexibles d&#8217;alimentation m\u00e9talliques 12&#215;17<br \/>\nVidage complet<br \/>\nLe vidage fournit gratuitement convient aux vasques \u00e9quip\u00e9s d&#8217;un trop plein.<\/p>\n","protected":false},"excerpt":{"rendered":"<p>Fabriqu\u00e9 \u00e0 l&#8217;aide de laiton pour le corps et de m\u00e9tal pour la poign\u00e9e, l&#8217;ensemble de ce mitigeur est chrom\u00e9 pour lui apporter un effet miroir et brillant. Il est dot\u00e9 d&#8217;un bec bas fixe avec a\u00e9rateur mousseur.<\/p>\n","protected":false},"featured_media":209,"comment_status":"open","ping_status":"closed","template":"","meta":[],"_links":{"self":[{"href":"https:\/\/madagascar-design.com\/quincaillerie\/wp-json\/wp\/v2\/product\/208"}],"collection":[{"href":"https:\/\/madagascar-design.com\/quincaillerie\/wp-json\/wp\/v2\/product"}],"about":[{"href":"https:\/\/madagascar-design.com\/quincaillerie\/wp-json\/wp\/v2\/types\/product"}],"replies":[{"embeddable":true,"href":"https:\/\/madagascar-design.com\/quincaillerie\/wp-json\/wp\/v2\/comments?post=208"}],"wp:featuredmedia":[{"embeddable":true,"href":"https:\/\/madagascar-design.com\/quincaillerie\/wp-json\/wp\/v2\/media\/209"}],"wp:attachment":[{"href":"https:\/\/madagascar-design.com\/quincaillerie\/wp-json\/wp\/v2\/media?parent=208"}],"curies":[{"name":"wp","href":"https:\/\/api.w.org\/{rel}","templated":true}]}}