{"id":204,"date":"2019-07-06T11:10:22","date_gmt":"2019-07-06T09:10:22","guid":{"rendered":"http:\/\/madagascar-design.com\/quincaillerie\/?post_type=product&#038;p=204"},"modified":"2024-08-23T19:38:22","modified_gmt":"2024-08-23T17:38:22","slug":"tronconneuse-elagueuse-thermique","status":"publish","type":"product","link":"https:\/\/madagascar-design.com\/quincaillerie\/produit\/tronconneuse-elagueuse-thermique\/","title":{"rendered":"Tron\u00e7onneuse \u00e9lagueuse thermique"},"content":{"rendered":"<p>Tron\u00e7onneuse \u00e9lagueuse tr\u00e8s l\u00e9g\u00e8re con\u00e7ue pour les travaux d&#8217;\u00e9lagage. Extr\u00eamement maniable et dot\u00e9e d&#8217;une excellente ergonomie, cette tron\u00e7onneuse \u00e9lagueuse est \u00e9quip\u00e9e d&#8217;une pompe d&#8217;amor\u00e7age pour un d\u00e9marrage facile et sans effort.<\/p>\n<p>Caract\u00e9ristiques techniques :<br \/>\n&#8211; Marque fran\u00e7aise : GT GARDEN<br \/>\n&#8211; Moteur : 2 temps refroidi par air<br \/>\n&#8211; Homologation : CE, T\u00dcV, GS<br \/>\n&#8211; Cylindr\u00e9e : 25 cm3<br \/>\n&#8211; Puissance : 1.2 CV (0.9 kW)<br \/>\n&#8211; Longueur du guide : 26 cm (10 pouces)<br \/>\n&#8211; Cha\u00eene : Cha\u00eene 40 maillons 3\/8 &#8211; 1.3<br \/>\n&#8211; Graissage de la cha\u00eene : Automatique<br \/>\n&#8211; Dispositif de d\u00e9marrage facile<br \/>\n&#8211; Carburant : M\u00e9lange SP95 ou SP98 + 2,5% d&#8217;huile de synth\u00e8se pour moteur 2 temps<br \/>\n&#8211; Volume du r\u00e9servoir d&#8217;essence : 230 ml<br \/>\n&#8211; Volume du r\u00e9servoir d&#8217;huile : 160 ml<br \/>\n&#8211; Poids : 3.6 kg (poids total hors carburant)<br \/>\n&#8211; Notice en Fran\u00e7ais : Oui<\/p>\n","protected":false},"excerpt":{"rendered":"<p>Tron\u00e7onneuse \u00e9lagueuse thermique 25 cm3, 1.2 CV, guide 26 cm <\/p>\n","protected":false},"featured_media":205,"comment_status":"open","ping_status":"closed","template":"","meta":[],"_links":{"self":[{"href":"https:\/\/madagascar-design.com\/quincaillerie\/wp-json\/wp\/v2\/product\/204"}],"collection":[{"href":"https:\/\/madagascar-design.com\/quincaillerie\/wp-json\/wp\/v2\/product"}],"about":[{"href":"https:\/\/madagascar-design.com\/quincaillerie\/wp-json\/wp\/v2\/types\/product"}],"replies":[{"embeddable":true,"href":"https:\/\/madagascar-design.com\/quincaillerie\/wp-json\/wp\/v2\/comments?post=204"}],"wp:featuredmedia":[{"embeddable":true,"href":"https:\/\/madagascar-design.com\/quincaillerie\/wp-json\/wp\/v2\/media\/205"}],"wp:attachment":[{"href":"https:\/\/madagascar-design.com\/quincaillerie\/wp-json\/wp\/v2\/media?parent=204"}],"curies":[{"name":"wp","href":"https:\/\/api.w.org\/{rel}","templated":true}]}}