{"id":200,"date":"2019-07-06T10:57:06","date_gmt":"2019-07-06T08:57:06","guid":{"rendered":"http:\/\/madagascar-design.com\/quincaillerie\/?post_type=product&#038;p=200"},"modified":"2024-08-15T15:32:03","modified_gmt":"2024-08-15T13:32:03","slug":"applique-en-platre","status":"publish","type":"product","link":"https:\/\/madagascar-design.com\/quincaillerie\/produit\/applique-en-platre\/","title":{"rendered":"Applique en pl\u00e2tre"},"content":{"rendered":"<p>Applique Milo moderne en pl\u00e2tre \u00e0 peindre<\/p>\n<p>Un abat-jour arqu\u00e9, ouvert vers le haut et le bas, garantit le bel effet lumineux de l\u2019applique murale Milo. L\u2019applique en pl\u00e2tre Milo affiche un blanc \u00e9l\u00e9gant et intemporel. Mais si cette discr\u00e9tion classique devient trop minimaliste au go\u00fbt de certains, on peut \u00e9galement personnaliser la lampe Milo. En effet, l\u2019abat-jour peut se peindre \u00e0 volont\u00e9 avec des peintures \u00e0 \u00e9mulsion et ainsi se changer en une \u0153uvre d\u2019art individuelle au mur. En fonction du nouveau design, le luminaire s&#8217;int\u00e8gre dans les pi\u00e8ces les plus vari\u00e9es et peut enrichir le concept d\u2019am\u00e9nagement comme une v\u00e9ritable pi\u00e8ce unique. Milo garantit donc un v\u00e9ritable point phare sur le mur ! <\/p>\n","protected":false},"excerpt":{"rendered":"<p>Adapt\u00e9 aux ampoules basse conso &#038; LED<br \/>\nLivr\u00e9 sans ampoules<br \/>\nQualit\u00e9 Premium<\/p>\n","protected":false},"featured_media":201,"comment_status":"open","ping_status":"closed","template":"","meta":[],"_links":{"self":[{"href":"https:\/\/madagascar-design.com\/quincaillerie\/wp-json\/wp\/v2\/product\/200"}],"collection":[{"href":"https:\/\/madagascar-design.com\/quincaillerie\/wp-json\/wp\/v2\/product"}],"about":[{"href":"https:\/\/madagascar-design.com\/quincaillerie\/wp-json\/wp\/v2\/types\/product"}],"replies":[{"embeddable":true,"href":"https:\/\/madagascar-design.com\/quincaillerie\/wp-json\/wp\/v2\/comments?post=200"}],"wp:featuredmedia":[{"embeddable":true,"href":"https:\/\/madagascar-design.com\/quincaillerie\/wp-json\/wp\/v2\/media\/201"}],"wp:attachment":[{"href":"https:\/\/madagascar-design.com\/quincaillerie\/wp-json\/wp\/v2\/media?parent=200"}],"curies":[{"name":"wp","href":"https:\/\/api.w.org\/{rel}","templated":true}]}}