{"id":198,"date":"2019-07-06T10:54:29","date_gmt":"2019-07-06T08:54:29","guid":{"rendered":"http:\/\/madagascar-design.com\/quincaillerie\/?post_type=product&#038;p=198"},"modified":"2024-08-06T05:48:28","modified_gmt":"2024-08-06T03:48:28","slug":"lampadaire-led","status":"publish","type":"product","link":"https:\/\/madagascar-design.com\/quincaillerie\/produit\/lampadaire-led\/","title":{"rendered":"Lampadaire LED"},"content":{"rendered":"<p>Une d\u00e9coration compl\u00e9mentaire pour n&#8217;importe quel salon : Le lampadaire Elaina fonctionne avec une ampoule LED E14 \u00e9changeable<\/p>\n<p>Les lampadaires sont toujours un bon compl\u00e9ment \u00e0 l&#8217;\u00e9clairage principal dans les pi\u00e8ces \u00e0 vivre o\u00f9 ils jouent un r\u00f4le d\u00e9coratif bien particulier. Le lampadaire Elaina est muni d&#8217;un abat-jour en verre opale blanc et de deux articulations flexibles permettant de parfaitement orienter et adapter la lumi\u00e8re selon les besoins individuels et la situation. Pour une commande confortable du lampadaire, l&#8217;interrupteur se trouve environ \u00e0 mi-hauteur du support, \u00e0 un point rapidement accessible si l&#8217;on souhaite se retirer sur le canap\u00e9 pour lire et se reposer.<\/p>\n<p>La livraison inclut une ampoule LED blanc chaud E14.<\/p>\n","protected":false},"excerpt":{"rendered":"<p>Technologie LED<br \/>\nAmpoule(s) inclus(es)<br \/>\nOffres sp\u00e9ciales<\/p>\n","protected":false},"featured_media":199,"comment_status":"open","ping_status":"closed","template":"","meta":[],"_links":{"self":[{"href":"https:\/\/madagascar-design.com\/quincaillerie\/wp-json\/wp\/v2\/product\/198"}],"collection":[{"href":"https:\/\/madagascar-design.com\/quincaillerie\/wp-json\/wp\/v2\/product"}],"about":[{"href":"https:\/\/madagascar-design.com\/quincaillerie\/wp-json\/wp\/v2\/types\/product"}],"replies":[{"embeddable":true,"href":"https:\/\/madagascar-design.com\/quincaillerie\/wp-json\/wp\/v2\/comments?post=198"}],"wp:featuredmedia":[{"embeddable":true,"href":"https:\/\/madagascar-design.com\/quincaillerie\/wp-json\/wp\/v2\/media\/199"}],"wp:attachment":[{"href":"https:\/\/madagascar-design.com\/quincaillerie\/wp-json\/wp\/v2\/media?parent=198"}],"curies":[{"name":"wp","href":"https:\/\/api.w.org\/{rel}","templated":true}]}}