{"id":196,"date":"2019-07-06T10:52:03","date_gmt":"2019-07-06T08:52:03","guid":{"rendered":"http:\/\/madagascar-design.com\/quincaillerie\/?post_type=product&#038;p=196"},"modified":"2024-08-20T19:46:08","modified_gmt":"2024-08-20T17:46:08","slug":"lampe-a-poser","status":"publish","type":"product","link":"https:\/\/madagascar-design.com\/quincaillerie\/produit\/lampe-a-poser\/","title":{"rendered":"Lampe \u00e0 poser"},"content":{"rendered":"<p>La lampe \u00e0 poser Elaine arbore un abat-jour style Tiffany aux motifs floraux.<\/p>\n<p>La lampe \u00e0 poser style Tiffany ne manquera pas de vous s\u00e9duire avec sa mosa\u00efque de fleurs color\u00e9es. Le diffuseur style Tiffany est constitu\u00e9 de 851 pi\u00e8ces de verre assembl\u00e9es \u00e0 la main qui conf\u00e8rent au luminaire un design unique tout en cr\u00e9ant de magnifiques effets de lumi\u00e8re. La lampe \u00e0 poser Elaine peut \u00eatre utilis\u00e9e avec deux ampoules.<\/p>\n","protected":false},"excerpt":{"rendered":"<p>Adapt\u00e9 aux ampoules basse conso &#038; LED.<br \/>\nLivr\u00e9 sans ampoules.<\/p>\n","protected":false},"featured_media":197,"comment_status":"open","ping_status":"closed","template":"","meta":[],"_links":{"self":[{"href":"https:\/\/madagascar-design.com\/quincaillerie\/wp-json\/wp\/v2\/product\/196"}],"collection":[{"href":"https:\/\/madagascar-design.com\/quincaillerie\/wp-json\/wp\/v2\/product"}],"about":[{"href":"https:\/\/madagascar-design.com\/quincaillerie\/wp-json\/wp\/v2\/types\/product"}],"replies":[{"embeddable":true,"href":"https:\/\/madagascar-design.com\/quincaillerie\/wp-json\/wp\/v2\/comments?post=196"}],"wp:featuredmedia":[{"embeddable":true,"href":"https:\/\/madagascar-design.com\/quincaillerie\/wp-json\/wp\/v2\/media\/197"}],"wp:attachment":[{"href":"https:\/\/madagascar-design.com\/quincaillerie\/wp-json\/wp\/v2\/media?parent=196"}],"curies":[{"name":"wp","href":"https:\/\/api.w.org\/{rel}","templated":true}]}}