{"id":194,"date":"2019-07-06T10:49:23","date_gmt":"2019-07-06T08:49:23","guid":{"rendered":"http:\/\/madagascar-design.com\/quincaillerie\/?post_type=product&#038;p=194"},"modified":"2019-07-06T10:49:24","modified_gmt":"2019-07-06T08:49:24","slug":"plafonnier-ravena-a-spheres-a-4-lampes","status":"publish","type":"product","link":"https:\/\/madagascar-design.com\/quincaillerie\/produit\/plafonnier-ravena-a-spheres-a-4-lampes\/","title":{"rendered":"Plafonnier Ravena \u00e0 sph\u00e8res \u00e0 4 lampes"},"content":{"rendered":"<p>Plafonnier Ravena partiellement chrom\u00e9 avec des sph\u00e8res en verre de diff\u00e9rentes tailles<\/p>\n<p>Gr\u00e2ce \u00e0 la finition chrom\u00e9e brillante de ses abat-jour sph\u00e9riques, Ravena exhale une aura d\u2019\u00e9l\u00e9gance et de raffinement et cr\u00e9e de beaux effets de miroitement. Les sph\u00e8res sont en verre avec des tailles diff\u00e9rentes. Du fait de la bonne visibilit\u00e9 des ampoules, il est recommand\u00e9 de les choisir avec soin et de pr\u00e9f\u00e9rer les ampoules rustiques ou \u00e0 filament pour un aspect authentique.<\/p>\n<p>Un \u00e9l\u00e9ment phare dans la pi\u00e8ce !<\/p>\n","protected":false},"excerpt":{"rendered":"<p>Adapt\u00e9 aux ampoules basse conso &#038; LED.<br \/>\nLivr\u00e9 sans ampoules.<br \/>\nOffres sp\u00e9ciales.<\/p>\n","protected":false},"featured_media":195,"comment_status":"open","ping_status":"closed","template":"","meta":[],"_links":{"self":[{"href":"https:\/\/madagascar-design.com\/quincaillerie\/wp-json\/wp\/v2\/product\/194"}],"collection":[{"href":"https:\/\/madagascar-design.com\/quincaillerie\/wp-json\/wp\/v2\/product"}],"about":[{"href":"https:\/\/madagascar-design.com\/quincaillerie\/wp-json\/wp\/v2\/types\/product"}],"replies":[{"embeddable":true,"href":"https:\/\/madagascar-design.com\/quincaillerie\/wp-json\/wp\/v2\/comments?post=194"}],"wp:featuredmedia":[{"embeddable":true,"href":"https:\/\/madagascar-design.com\/quincaillerie\/wp-json\/wp\/v2\/media\/195"}],"wp:attachment":[{"href":"https:\/\/madagascar-design.com\/quincaillerie\/wp-json\/wp\/v2\/media?parent=194"}],"curies":[{"name":"wp","href":"https:\/\/api.w.org\/{rel}","templated":true}]}}