{"id":192,"date":"2019-07-06T10:32:37","date_gmt":"2019-07-06T08:32:37","guid":{"rendered":"http:\/\/madagascar-design.com\/quincaillerie\/?post_type=product&#038;p=192"},"modified":"2019-07-06T11:31:33","modified_gmt":"2019-07-06T09:31:33","slug":"refrigerateur-americain-525-l-no-frost-a-l","status":"publish","type":"product","link":"https:\/\/madagascar-design.com\/quincaillerie\/produit\/refrigerateur-americain-525-l-no-frost-a-l\/","title":{"rendered":"R\u00e9frig\u00e9rateur am\u00e9ricain-525 L No frost-A+-L"},"content":{"rendered":"<p>No frost-A+-L 89,5 x H 178,5 cm-Display \u00e9lectronique-Distributeur d&#8217;eau 2,5L autonome, arriv\u00e9e d&#8217;eau non necessaire-Inox<br \/>\n&#8211; Cong\u00e9lateur 4*<br \/>\n-Pouvoir de cong\u00e9lation 10kg\/24h-Autonomie 10h<br \/>\n-2 tiroirs-2 tablettes<br \/>\n-Cong\u00e9lation rapide<br \/>\n-Super cong\u00e9lation-Fonction vacances<br \/>\n-R\u00e9frig\u00e9ration rapide-Temp\u00e9rature r\u00e9glable<br \/>\n-S\u00e9curit\u00e9 enfants-Fabrique de gla\u00e7ons manuelle<br \/>\n-Garantie 2 ans pi\u00e8ces main d&#8217;oeuvre et d\u00e9placement <\/p>\n","protected":false},"excerpt":{"rendered":"<p>Garantie (\u00b2) : 2 ans &#8211; pi\u00e8ces, main d\u2019\u0153uvre et d\u00e9placement<br \/>\nType(s) de froid : Froid ventil\u00e9<br \/>\nVolume utile total : 525 litres<br \/>\nDistributeur d&#8217;eau <\/p>\n","protected":false},"featured_media":193,"comment_status":"open","ping_status":"closed","template":"","meta":[],"_links":{"self":[{"href":"https:\/\/madagascar-design.com\/quincaillerie\/wp-json\/wp\/v2\/product\/192"}],"collection":[{"href":"https:\/\/madagascar-design.com\/quincaillerie\/wp-json\/wp\/v2\/product"}],"about":[{"href":"https:\/\/madagascar-design.com\/quincaillerie\/wp-json\/wp\/v2\/types\/product"}],"replies":[{"embeddable":true,"href":"https:\/\/madagascar-design.com\/quincaillerie\/wp-json\/wp\/v2\/comments?post=192"}],"wp:featuredmedia":[{"embeddable":true,"href":"https:\/\/madagascar-design.com\/quincaillerie\/wp-json\/wp\/v2\/media\/193"}],"wp:attachment":[{"href":"https:\/\/madagascar-design.com\/quincaillerie\/wp-json\/wp\/v2\/media?parent=192"}],"curies":[{"name":"wp","href":"https:\/\/api.w.org\/{rel}","templated":true}]}}