{"id":190,"date":"2019-07-06T09:58:31","date_gmt":"2019-07-06T07:58:31","guid":{"rendered":"http:\/\/madagascar-design.com\/quincaillerie\/?post_type=product&#038;p=190"},"modified":"2019-07-06T09:58:31","modified_gmt":"2019-07-06T07:58:31","slug":"fer-a-repasser-vapeur-2400-w-capacite-03l","status":"publish","type":"product","link":"https:\/\/madagascar-design.com\/quincaillerie\/produit\/fer-a-repasser-vapeur-2400-w-capacite-03l\/","title":{"rendered":"Fer \u00e0 repasser vapeur &#8211; 2400 W &#8211; Capacit\u00e9 0,3L"},"content":{"rendered":"<p>Mode Eco, syst\u00e8me anti-goutte, fonction jet d&#8217;eau, fonction d&#8217;auto-nettoyage, Manche souple, logement pour fil, fonction vapeur automatique, pointe de pr\u00e9cision triple <\/p>\n","protected":false},"excerpt":{"rendered":"<p>D\u00e9bit de vapeur : 40 g-min<br \/>\nContenance d&#8217;un r\u00e9servoir d&#8217;eau pour fer \u00e0 repasser : 300 ml<br \/>\nType de semelle : SteamGlide<br \/>\nFonction pressing : 140 g-min <\/p>\n","protected":false},"featured_media":191,"comment_status":"open","ping_status":"closed","template":"","meta":[],"_links":{"self":[{"href":"https:\/\/madagascar-design.com\/quincaillerie\/wp-json\/wp\/v2\/product\/190"}],"collection":[{"href":"https:\/\/madagascar-design.com\/quincaillerie\/wp-json\/wp\/v2\/product"}],"about":[{"href":"https:\/\/madagascar-design.com\/quincaillerie\/wp-json\/wp\/v2\/types\/product"}],"replies":[{"embeddable":true,"href":"https:\/\/madagascar-design.com\/quincaillerie\/wp-json\/wp\/v2\/comments?post=190"}],"wp:featuredmedia":[{"embeddable":true,"href":"https:\/\/madagascar-design.com\/quincaillerie\/wp-json\/wp\/v2\/media\/191"}],"wp:attachment":[{"href":"https:\/\/madagascar-design.com\/quincaillerie\/wp-json\/wp\/v2\/media?parent=190"}],"curies":[{"name":"wp","href":"https:\/\/api.w.org\/{rel}","templated":true}]}}