{"id":186,"date":"2019-07-06T09:45:59","date_gmt":"2019-07-06T07:45:59","guid":{"rendered":"http:\/\/madagascar-design.com\/quincaillerie\/?post_type=product&#038;p=186"},"modified":"2019-07-06T09:52:16","modified_gmt":"2019-07-06T07:52:16","slug":"lave-linge-bosch","status":"publish","type":"product","link":"https:\/\/madagascar-design.com\/quincaillerie\/produit\/lave-linge-bosch\/","title":{"rendered":"Lave linge BOSCH"},"content":{"rendered":"<p>Lave-linge frontal &#8211; Capacit\u00e9 : 8kg &#8211; Vitesse d&#8217;essorage : 1200trs\/min &#8211; Niveau sonore lavage\/essorage : 55dB\/76dB &#8211; Classe \u00e9nerg\u00e9tique A+++ (-10%) &#8211; Moteur EcoSilence Drive &#8211; Ecran LED &#8211; Fonctions ActiveWater et VarioPerfect &#8211; Volume tambour : 55L &#8211; Design Anti-vibration &#8211; Fin diff\u00e9r\u00e9e 24h &#8211; Fermeture hublot m\u00e9gn\u00e9tique avec ouverture imm\u00e9diate pour rajout de linge &#8211; Coloris : Blanc<\/p>\n","protected":false},"excerpt":{"rendered":"<p>BOSCH WAN24130FF &#8211; Lave-linge frontal &#8211; 8kg &#8211; 1200 tr \/ min &#8211; A+++ -10% &#8211; Induction EcoSilence Drive<\/p>\n","protected":false},"featured_media":187,"comment_status":"open","ping_status":"closed","template":"","meta":[],"_links":{"self":[{"href":"https:\/\/madagascar-design.com\/quincaillerie\/wp-json\/wp\/v2\/product\/186"}],"collection":[{"href":"https:\/\/madagascar-design.com\/quincaillerie\/wp-json\/wp\/v2\/product"}],"about":[{"href":"https:\/\/madagascar-design.com\/quincaillerie\/wp-json\/wp\/v2\/types\/product"}],"replies":[{"embeddable":true,"href":"https:\/\/madagascar-design.com\/quincaillerie\/wp-json\/wp\/v2\/comments?post=186"}],"wp:featuredmedia":[{"embeddable":true,"href":"https:\/\/madagascar-design.com\/quincaillerie\/wp-json\/wp\/v2\/media\/187"}],"wp:attachment":[{"href":"https:\/\/madagascar-design.com\/quincaillerie\/wp-json\/wp\/v2\/media?parent=186"}],"curies":[{"name":"wp","href":"https:\/\/api.w.org\/{rel}","templated":true}]}}