{"id":184,"date":"2019-07-06T09:36:49","date_gmt":"2019-07-06T07:36:49","guid":{"rendered":"http:\/\/madagascar-design.com\/quincaillerie\/?post_type=product&#038;p=184"},"modified":"2019-07-06T09:36:49","modified_gmt":"2019-07-06T07:36:49","slug":"lot-de-3-fusibles-electriques","status":"publish","type":"product","link":"https:\/\/madagascar-design.com\/quincaillerie\/produit\/lot-de-3-fusibles-electriques\/","title":{"rendered":"Lot de 3 fusibles \u00e9lectriques"},"content":{"rendered":"<p>Diam\u00e8tre (en mm) : 8,5<br \/>\nSp\u00e9cificit\u00e9 du produit : Avec t\u00e9moin qui permet de rep\u00e9rer facilement le fusible fondu, responsable de la panne \u00e9lectrique<br \/>\nIntensit\u00e9 (en A) : 20<br \/>\nTension (en V)  : 380<br \/>\nTaille des fusibles (en mm) : 8.5 x 31.5<br \/>\nHauteur (en mm) : 115<br \/>\nGarantie (en ann\u00e9e) : 1<br \/>\nProduit emball\u00e9 : hauteur (en cm) 10,7<br \/>\nProduit emball\u00e9 : largeur (en cm) 6,4<br \/>\nProduit emball\u00e9 : profondeur (en cm) 1 <\/p>\n","protected":false},"excerpt":{"rendered":"<p>Lot de 3 fusibles c\u00e9ramique 20 A, 8.5 x 31.5 mm<\/p>\n","protected":false},"featured_media":185,"comment_status":"open","ping_status":"closed","template":"","meta":[],"_links":{"self":[{"href":"https:\/\/madagascar-design.com\/quincaillerie\/wp-json\/wp\/v2\/product\/184"}],"collection":[{"href":"https:\/\/madagascar-design.com\/quincaillerie\/wp-json\/wp\/v2\/product"}],"about":[{"href":"https:\/\/madagascar-design.com\/quincaillerie\/wp-json\/wp\/v2\/types\/product"}],"replies":[{"embeddable":true,"href":"https:\/\/madagascar-design.com\/quincaillerie\/wp-json\/wp\/v2\/comments?post=184"}],"wp:featuredmedia":[{"embeddable":true,"href":"https:\/\/madagascar-design.com\/quincaillerie\/wp-json\/wp\/v2\/media\/185"}],"wp:attachment":[{"href":"https:\/\/madagascar-design.com\/quincaillerie\/wp-json\/wp\/v2\/media?parent=184"}],"curies":[{"name":"wp","href":"https:\/\/api.w.org\/{rel}","templated":true}]}}