{"id":182,"date":"2019-07-06T09:32:49","date_gmt":"2019-07-06T07:32:49","guid":{"rendered":"http:\/\/madagascar-design.com\/quincaillerie\/?post_type=product&#038;p=182"},"modified":"2019-07-06T09:32:49","modified_gmt":"2019-07-06T07:32:49","slug":"compteur-electrique-residentiel-110-230-v","status":"publish","type":"product","link":"https:\/\/madagascar-design.com\/quincaillerie\/produit\/compteur-electrique-residentiel-110-230-v\/","title":{"rendered":"Compteur \u00e9lectrique r\u00e9sidentiel &#8211; 110-230 V"},"content":{"rendered":"<p>Cet \u00e9cocompteur modulaire IP, de la marque Legrand, est un dispositif permettant de mesurer les consommations de diff\u00e9rents appareils. Il peut \u00eatre utilis\u00e9 pour la mesure de la consommation en \u00e9lectricit\u00e9 du chauffage, du refroidissement, de l\u2019eau chaude sanitaire. Il permet \u00e9galement de mesurer la consommation en gaz et en eau. Il est floqu\u00e9 d\u2019un \u00e9cran LCD pour simplifier la lecture des donn\u00e9es. Cet \u00e9cocompteur peut \u00eatre configur\u00e9 pour afficher les consommations des appareils avec lesquels il est connect\u00e9 en euro (\u20ac), en kilowattheure (kWh) ou en m\u00e8tre cube (m3).<\/p>\n","protected":false},"excerpt":{"rendered":"<p>Ecocompteur r\u00e9sidentiel Legrand  &#8211; 5 entr\u00e9es &#8211; 110-230 V &#8211; 6 modules<\/p>\n","protected":false},"featured_media":183,"comment_status":"open","ping_status":"closed","template":"","meta":[],"_links":{"self":[{"href":"https:\/\/madagascar-design.com\/quincaillerie\/wp-json\/wp\/v2\/product\/182"}],"collection":[{"href":"https:\/\/madagascar-design.com\/quincaillerie\/wp-json\/wp\/v2\/product"}],"about":[{"href":"https:\/\/madagascar-design.com\/quincaillerie\/wp-json\/wp\/v2\/types\/product"}],"replies":[{"embeddable":true,"href":"https:\/\/madagascar-design.com\/quincaillerie\/wp-json\/wp\/v2\/comments?post=182"}],"wp:featuredmedia":[{"embeddable":true,"href":"https:\/\/madagascar-design.com\/quincaillerie\/wp-json\/wp\/v2\/media\/183"}],"wp:attachment":[{"href":"https:\/\/madagascar-design.com\/quincaillerie\/wp-json\/wp\/v2\/media?parent=182"}],"curies":[{"name":"wp","href":"https:\/\/api.w.org\/{rel}","templated":true}]}}