{"id":179,"date":"2019-07-06T09:12:18","date_gmt":"2019-07-06T07:12:18","guid":{"rendered":"http:\/\/madagascar-design.com\/quincaillerie\/?post_type=product&#038;p=179"},"modified":"2019-07-06T09:52:46","modified_gmt":"2019-07-06T07:52:46","slug":"fil-electrique-6-mm-rouge","status":"publish","type":"product","link":"https:\/\/madagascar-design.com\/quincaillerie\/produit\/fil-electrique-6-mm-rouge\/","title":{"rendered":"Fil \u00e9lectrique 6 mm ROUGE"},"content":{"rendered":"<p>cable Fil H07 VK 6 mm2 ROUGE Souple, au m\u00e8tre. Cable de Qualit\u00e9 Norme NF<\/p>\n<ul>\n<li>Longueur : au m\u00e8tre<\/li>\n<li>Type de c\u00e2ble : Cable Souple<\/li>\n<li>Couleur : Rouge<\/li>\n<li>Section de c\u00e2ble : 6<\/li>\n<\/ul>\n","protected":false},"excerpt":{"rendered":"<p>Fil H07VK 6 mm2 ROUGE, cable souple <\/p>\n","protected":false},"featured_media":180,"comment_status":"open","ping_status":"closed","template":"","meta":[],"_links":{"self":[{"href":"https:\/\/madagascar-design.com\/quincaillerie\/wp-json\/wp\/v2\/product\/179"}],"collection":[{"href":"https:\/\/madagascar-design.com\/quincaillerie\/wp-json\/wp\/v2\/product"}],"about":[{"href":"https:\/\/madagascar-design.com\/quincaillerie\/wp-json\/wp\/v2\/types\/product"}],"replies":[{"embeddable":true,"href":"https:\/\/madagascar-design.com\/quincaillerie\/wp-json\/wp\/v2\/comments?post=179"}],"wp:featuredmedia":[{"embeddable":true,"href":"https:\/\/madagascar-design.com\/quincaillerie\/wp-json\/wp\/v2\/media\/180"}],"wp:attachment":[{"href":"https:\/\/madagascar-design.com\/quincaillerie\/wp-json\/wp\/v2\/media?parent=179"}],"curies":[{"name":"wp","href":"https:\/\/api.w.org\/{rel}","templated":true}]}}