{"id":177,"date":"2019-07-06T09:06:04","date_gmt":"2019-07-06T07:06:04","guid":{"rendered":"http:\/\/madagascar-design.com\/quincaillerie\/?post_type=product&#038;p=177"},"modified":"2019-07-06T09:06:04","modified_gmt":"2019-07-06T07:06:04","slug":"ampoule-led-4w25w","status":"publish","type":"product","link":"https:\/\/madagascar-design.com\/quincaillerie\/produit\/ampoule-led-4w25w\/","title":{"rendered":"Ampoule LED 4W=25W"},"content":{"rendered":"<p>Achetez nos ampoules PHILIPS et b\u00e9n\u00e9ficiez de d\u00e9gressif et de remises importantes sur notre site.<\/p>\n<p>Ampoule LED CorePro Luster E14 4W=25W 2700k D\u00e9polie \u00e0 petits prix, exp\u00e9dition le jour m\u00eame si la lampe est en stock n&#8217;h\u00e9sitez pas \u00e0 nous contacter pour avoir des renseignements compl\u00e9mentaires.<br \/>\nCette Ampoules Led PHILIPS consomme 4 Watts et remplace une lampe traditionnelle de 25W, le rendu lumineux de cette lampe et de 250lm.<\/p>\n<p>Lors de votre achat, pensez \u00e0 bien v\u00e9rifier que la forme Standard et les dimensions de l&#8217;Ampoule LED CorePro Luster E14 4W=25W 2700k D\u00e9polie ( ) soient bien adapt\u00e9es au luminaire ou vous souhaitez l&#8217;installer et bien sur \u00e0 son culot E14 qui doit etre compatible !<\/p>\n<p>L&#8217;excellent rendu des couleurs de cette Ampoules Led vous apportera une lumi\u00e9re de grande qualit\u00e9, sa temp\u00e9rature de couleur est de 2700K, on peut dire qu il s&#8217;agit d&#8217;un \u00e9clairage Blanc chaud.<br \/>\nSon \u00e9tiquette energ\u00e9tiques est ce qui correspond \u00e0 son degr\u00e9 de performance , plus la lettre est proche du A moins cette ampoule est energivore. ( On trouve des produits jusqu&#8217;\u00e0 A+++)<\/p>\n","protected":false},"excerpt":{"rendered":"<p>Ampoule LED CorePro Luster E14 4W=25W 2700k D\u00e9polie<\/p>\n","protected":false},"featured_media":178,"comment_status":"open","ping_status":"closed","template":"","meta":[],"_links":{"self":[{"href":"https:\/\/madagascar-design.com\/quincaillerie\/wp-json\/wp\/v2\/product\/177"}],"collection":[{"href":"https:\/\/madagascar-design.com\/quincaillerie\/wp-json\/wp\/v2\/product"}],"about":[{"href":"https:\/\/madagascar-design.com\/quincaillerie\/wp-json\/wp\/v2\/types\/product"}],"replies":[{"embeddable":true,"href":"https:\/\/madagascar-design.com\/quincaillerie\/wp-json\/wp\/v2\/comments?post=177"}],"wp:featuredmedia":[{"embeddable":true,"href":"https:\/\/madagascar-design.com\/quincaillerie\/wp-json\/wp\/v2\/media\/178"}],"wp:attachment":[{"href":"https:\/\/madagascar-design.com\/quincaillerie\/wp-json\/wp\/v2\/media?parent=177"}],"curies":[{"name":"wp","href":"https:\/\/api.w.org\/{rel}","templated":true}]}}