{"id":66,"date":"2019-06-02T11:59:32","date_gmt":"2019-06-02T09:59:32","guid":{"rendered":"http:\/\/madagascar-design.com\/quincaillerie\/?page_id=66"},"modified":"2019-06-06T01:03:40","modified_gmt":"2019-06-05T23:03:40","slug":"livraison","status":"publish","type":"page","link":"https:\/\/madagascar-design.com\/quincaillerie\/livraison\/","title":{"rendered":"Livraison"},"content":{"rendered":"<h2>LIVRAISON \u00c0 DOMICILE (Tananarive)<\/h2>\n<p>Pour les clients habitant Tananarive, votre colis vous sera livr\u00e9 chez vous en 1 jour ouvr\u00e9 apr\u00e8s validation de votre commande. Rien de plus simple ! <\/p>\n<p>Vous recevrez un email d\u00e8s que votre colis sera remis \u00e0 notre transporteur. <\/p>\n<p>Un frais suppl\u00e9mentaire de livraison sera appliqu\u00e9 au prix des produits command\u00e9s selon le grille tarifaire ci-dessous.<\/p>\n<h2>LIVRAISON par COLIS EXPRESS (Di\u00e9go, Fianarantsoa, Tamatave, Tul\u00e9ar, Majunga)<\/h2>\n<p>Pour les clients en province , votre colis vous sera livr\u00e9 chez vous par colis express en 2 \u00e0 5 jours ouvr\u00e9s apr\u00e8s validation de votre commande. <\/p>\n<p>Vous recevrez un email d\u00e8s que votre colis sera remis \u00e0 un responsable du colis express. <\/p>\n<p>Un frais suppl\u00e9mentaire de livraison sera appliqu\u00e9 au prix des produits command\u00e9s selon le grille tarifaire ci-dessous.<\/p>\n","protected":false},"excerpt":{"rendered":"<p>LIVRAISON \u00c0 DOMICILE (Tananarive) Pour les clients habitant Tananarive, votre colis vous sera livr\u00e9 chez vous en 1 jour ouvr\u00e9 apr\u00e8s validation de votre commande. Rien de plus simple ! Vous recevrez un email d\u00e8s que votre colis sera remis \u00e0 notre transporteur. Un frais suppl\u00e9mentaire de livraison sera appliqu\u00e9 au prix des produits command\u00e9s [&hellip;]<\/p>\n","protected":false},"author":1,"featured_media":93,"parent":0,"menu_order":0,"comment_status":"closed","ping_status":"closed","template":"","meta":{"footnotes":""},"_links":{"self":[{"href":"https:\/\/madagascar-design.com\/quincaillerie\/wp-json\/wp\/v2\/pages\/66"}],"collection":[{"href":"https:\/\/madagascar-design.com\/quincaillerie\/wp-json\/wp\/v2\/pages"}],"about":[{"href":"https:\/\/madagascar-design.com\/quincaillerie\/wp-json\/wp\/v2\/types\/page"}],"author":[{"embeddable":true,"href":"https:\/\/madagascar-design.com\/quincaillerie\/wp-json\/wp\/v2\/users\/1"}],"replies":[{"embeddable":true,"href":"https:\/\/madagascar-design.com\/quincaillerie\/wp-json\/wp\/v2\/comments?post=66"}],"version-history":[{"count":1,"href":"https:\/\/madagascar-design.com\/quincaillerie\/wp-json\/wp\/v2\/pages\/66\/revisions"}],"predecessor-version":[{"id":67,"href":"https:\/\/madagascar-design.com\/quincaillerie\/wp-json\/wp\/v2\/pages\/66\/revisions\/67"}],"wp:featuredmedia":[{"embeddable":true,"href":"https:\/\/madagascar-design.com\/quincaillerie\/wp-json\/wp\/v2\/media\/93"}],"wp:attachment":[{"href":"https:\/\/madagascar-design.com\/quincaillerie\/wp-json\/wp\/v2\/media?parent=66"}],"curies":[{"name":"wp","href":"https:\/\/api.w.org\/{rel}","templated":true}]}}