{"id":216,"date":"2019-07-06T11:50:09","date_gmt":"2019-07-06T09:50:09","guid":{"rendered":"http:\/\/madagascar-design.com\/quincaillerie\/?page_id=216"},"modified":"2019-07-06T11:53:56","modified_gmt":"2019-07-06T09:53:56","slug":"electricite-eclairage","status":"publish","type":"page","link":"https:\/\/madagascar-design.com\/quincaillerie\/electricite-eclairage\/","title":{"rendered":"Electricit\u00e9 &#038; Eclairage"},"content":{"rendered":"<p>D\u00e9couvrez tous nos produits en Electricit\u00e9 &#038; Eclairage.<br \/>\n<div class=\"woocommerce columns-4 \"><ul class=\"products columns-4\">\n<li class=\"product type-product post-177 status-publish first instock product_cat-electricite-eclairage product_tag-ampoule-led-madagascar has-post-thumbnail sale shipping-taxable purchasable product-type-simple\">\n\t<img width=\"262\" height=\"328\" src=\"https:\/\/madagascar-design.com\/quincaillerie\/wp-content\/uploads\/2019\/07\/vente-ampoule-led-madagascar-262x328.jpg\" class=\"attachment-shop_catalog size-shop_catalog wp-post-image\" alt=\"\" decoding=\"async\" title=\"vente-ampoule-led-madagascar\" srcset=\"https:\/\/madagascar-design.com\/quincaillerie\/wp-content\/uploads\/2019\/07\/vente-ampoule-led-madagascar-262x328.jpg 262w, https:\/\/madagascar-design.com\/quincaillerie\/wp-content\/uploads\/2019\/07\/vente-ampoule-led-madagascar-58x72.jpg 58w\" sizes=\"(max-width: 262px) 100vw, 262px\" \/>\n\t<span class=\"onsale\">Promo\u00a0!<\/span>\n\t<a href=\"https:\/\/madagascar-design.com\/quincaillerie?action=yith-woocompare-add-product&id=177\" class=\"compare button\" data-product_id=\"177\" rel=\"nofollow\">Comparer<\/a><\/li>\n<li class=\"product type-product post-182 status-publish instock product_cat-electricite-eclairage product_tag-compteur-electrique-madagascar has-post-thumbnail sale shipping-taxable purchasable product-type-simple\">\n\t<img width=\"262\" height=\"328\" src=\"https:\/\/madagascar-design.com\/quincaillerie\/wp-content\/uploads\/2019\/07\/vente-compteur-electrique-madagascar-262x328.jpeg\" class=\"attachment-shop_catalog size-shop_catalog wp-post-image\" alt=\"\" decoding=\"async\" title=\"vente-compteur-electrique-madagascar\" srcset=\"https:\/\/madagascar-design.com\/quincaillerie\/wp-content\/uploads\/2019\/07\/vente-compteur-electrique-madagascar-262x328.jpeg 262w, https:\/\/madagascar-design.com\/quincaillerie\/wp-content\/uploads\/2019\/07\/vente-compteur-electrique-madagascar-58x72.jpeg 58w\" sizes=\"(max-width: 262px) 100vw, 262px\" \/>\n\t<span class=\"onsale\">Promo\u00a0!<\/span>\n\t<a href=\"https:\/\/madagascar-design.com\/quincaillerie?action=yith-woocompare-add-product&id=182\" class=\"compare button\" data-product_id=\"182\" rel=\"nofollow\">Comparer<\/a><\/li>\n<li class=\"product type-product post-179 status-publish instock product_cat-electricite-eclairage product_tag-vente-fil-electrique-madagascar has-post-thumbnail shipping-taxable purchasable product-type-simple\">\n\t<img width=\"262\" height=\"328\" src=\"https:\/\/madagascar-design.com\/quincaillerie\/wp-content\/uploads\/2019\/07\/vente-fils-electriques-madagscar-262x328.jpg\" class=\"attachment-shop_catalog size-shop_catalog wp-post-image\" alt=\"\" decoding=\"async\" title=\"vente-fils-electriques-madagscar\" srcset=\"https:\/\/madagascar-design.com\/quincaillerie\/wp-content\/uploads\/2019\/07\/vente-fils-electriques-madagscar-262x328.jpg 262w, https:\/\/madagascar-design.com\/quincaillerie\/wp-content\/uploads\/2019\/07\/vente-fils-electriques-madagscar-58x72.jpg 58w\" sizes=\"(max-width: 262px) 100vw, 262px\" \/><a href=\"https:\/\/madagascar-design.com\/quincaillerie?action=yith-woocompare-add-product&id=179\" class=\"compare button\" data-product_id=\"179\" rel=\"nofollow\">Comparer<\/a><\/li>\n<li class=\"product type-product post-184 status-publish last instock product_cat-electricite-eclairage product_tag-vente-fusible-madagascar has-post-thumbnail sale shipping-taxable purchasable product-type-simple\">\n\t<img width=\"262\" height=\"328\" src=\"https:\/\/madagascar-design.com\/quincaillerie\/wp-content\/uploads\/2019\/07\/vente-fusible-electrique-madagascar-262x328.jpg\" class=\"attachment-shop_catalog size-shop_catalog wp-post-image\" alt=\"\" decoding=\"async\" title=\"vente-fusible-electrique-madagascar\" srcset=\"https:\/\/madagascar-design.com\/quincaillerie\/wp-content\/uploads\/2019\/07\/vente-fusible-electrique-madagascar-262x328.jpg 262w, https:\/\/madagascar-design.com\/quincaillerie\/wp-content\/uploads\/2019\/07\/vente-fusible-electrique-madagascar-58x72.jpg 58w\" sizes=\"(max-width: 262px) 100vw, 262px\" \/>\n\t<span class=\"onsale\">Promo\u00a0!<\/span>\n\t<a href=\"https:\/\/madagascar-design.com\/quincaillerie?action=yith-woocompare-add-product&id=184\" class=\"compare button\" data-product_id=\"184\" rel=\"nofollow\">Comparer<\/a><\/li>\n<\/ul>\n<\/div><\/p>\n","protected":false},"excerpt":{"rendered":"<p>D\u00e9couvrez tous nos produits en Electricit\u00e9 &#038; Eclairage.<\/p>\n","protected":false},"author":1,"featured_media":0,"parent":0,"menu_order":0,"comment_status":"closed","ping_status":"closed","template":"template-fullwidth.php","meta":{"footnotes":""},"_links":{"self":[{"href":"https:\/\/madagascar-design.com\/quincaillerie\/wp-json\/wp\/v2\/pages\/216"}],"collection":[{"href":"https:\/\/madagascar-design.com\/quincaillerie\/wp-json\/wp\/v2\/pages"}],"about":[{"href":"https:\/\/madagascar-design.com\/quincaillerie\/wp-json\/wp\/v2\/types\/page"}],"author":[{"embeddable":true,"href":"https:\/\/madagascar-design.com\/quincaillerie\/wp-json\/wp\/v2\/users\/1"}],"replies":[{"embeddable":true,"href":"https:\/\/madagascar-design.com\/quincaillerie\/wp-json\/wp\/v2\/comments?post=216"}],"version-history":[{"count":2,"href":"https:\/\/madagascar-design.com\/quincaillerie\/wp-json\/wp\/v2\/pages\/216\/revisions"}],"predecessor-version":[{"id":219,"href":"https:\/\/madagascar-design.com\/quincaillerie\/wp-json\/wp\/v2\/pages\/216\/revisions\/219"}],"wp:attachment":[{"href":"https:\/\/madagascar-design.com\/quincaillerie\/wp-json\/wp\/v2\/media?parent=216"}],"curies":[{"name":"wp","href":"https:\/\/api.w.org\/{rel}","templated":true}]}}