{"id":150,"date":"2019-06-06T17:06:15","date_gmt":"2019-06-06T15:06:15","guid":{"rendered":"http:\/\/madagascar-design.com\/quincaillerie\/?page_id=150"},"modified":"2019-06-06T17:19:07","modified_gmt":"2019-06-06T15:19:07","slug":"alerte-offres-promo","status":"publish","type":"page","link":"https:\/\/madagascar-design.com\/quincaillerie\/alerte-offres-promo\/","title":{"rendered":"Alerte OFFRES PROMO"},"content":{"rendered":"<p><strong>Inscrivez-vous \u00e0 notre NEWSLETTER<\/strong> pour \u00eatre inform\u00e9 de nos <strong>derni\u00e8res OFFRES PROMOS<\/strong> post\u00e9es sur notre site web.<\/p>\n<div class=\"tnp tnp-subscription\">\n<form method=\"post\" action=\"http:\/\/madagascar-design.com\/quincaillerie\/?na=s\" onsubmit=\"return newsletter_check(this)\">\n<p><input type=\"hidden\" name=\"nlang\" value=\"\"><\/p>\n<div class=\"tnp-field tnp-field-firstname\"><label>Votre nom<\/label><input class=\"tnp-firstname\" type=\"text\" name=\"nn\" ><\/div>\n<div class=\"tnp-field tnp-field-email\"><label>Email<\/label><input class=\"tnp-email\" type=\"email\" name=\"ne\" required><\/div>\n<div class=\"tnp-field tnp-field-button\"><input class=\"tnp-submit\" type=\"submit\" value=\"S'inscrire\">\n<\/div>\n<\/form>\n<\/div>\n","protected":false},"excerpt":{"rendered":"<p>Inscrivez-vous \u00e0 notre NEWSLETTER pour \u00eatre inform\u00e9 de nos derni\u00e8res OFFRES PROMOS post\u00e9es sur notre site web. Votre nom Email<\/p>\n","protected":false},"author":1,"featured_media":152,"parent":0,"menu_order":0,"comment_status":"closed","ping_status":"closed","template":"","meta":{"footnotes":""},"_links":{"self":[{"href":"https:\/\/madagascar-design.com\/quincaillerie\/wp-json\/wp\/v2\/pages\/150"}],"collection":[{"href":"https:\/\/madagascar-design.com\/quincaillerie\/wp-json\/wp\/v2\/pages"}],"about":[{"href":"https:\/\/madagascar-design.com\/quincaillerie\/wp-json\/wp\/v2\/types\/page"}],"author":[{"embeddable":true,"href":"https:\/\/madagascar-design.com\/quincaillerie\/wp-json\/wp\/v2\/users\/1"}],"replies":[{"embeddable":true,"href":"https:\/\/madagascar-design.com\/quincaillerie\/wp-json\/wp\/v2\/comments?post=150"}],"version-history":[{"count":2,"href":"https:\/\/madagascar-design.com\/quincaillerie\/wp-json\/wp\/v2\/pages\/150\/revisions"}],"predecessor-version":[{"id":154,"href":"https:\/\/madagascar-design.com\/quincaillerie\/wp-json\/wp\/v2\/pages\/150\/revisions\/154"}],"wp:featuredmedia":[{"embeddable":true,"href":"https:\/\/madagascar-design.com\/quincaillerie\/wp-json\/wp\/v2\/media\/152"}],"wp:attachment":[{"href":"https:\/\/madagascar-design.com\/quincaillerie\/wp-json\/wp\/v2\/media?parent=150"}],"curies":[{"name":"wp","href":"https:\/\/api.w.org\/{rel}","templated":true}]}}