{"id":1184,"date":"2020-08-24T09:52:45","date_gmt":"2020-08-24T07:52:45","guid":{"rendered":"http:\/\/madagascar-design.com\/mobilier-design\/about\/"},"modified":"2023-10-04T13:46:03","modified_gmt":"2023-10-04T11:46:03","slug":"a-propos","status":"publish","type":"page","link":"https:\/\/madagascar-design.com\/mobilier-design\/a-propos\/","title":{"rendered":"A propos"},"content":{"rendered":"\n<div class=\"wp-block-uagb-container uagb-block-e3fbacbb alignfull uagb-is-root-container\"><div class=\"uagb-container-inner-blocks-wrap\">\n<div class=\"wp-block-uagb-info-box uagb-block-dad8622f uagb-infobox__content-wrap  uagb-infobox-icon-above-title uagb-infobox-image-valign-top\"><div class=\"uagb-ifb-content\"><div class=\"uagb-ifb-title-wrap\"><span class=\"uagb-ifb-title-prefix\"><strong><strong>L&rsquo;exclusivit\u00e9 devient votre nouvelle nor<\/strong>me<\/strong><\/span><h1 class=\"uagb-ifb-title\">A propos<\/h1><\/div><p class=\"uagb-ifb-desc\">Plus qu&rsquo;un magasin, une exp\u00e9rience. Explorez le design \u00e0 travers tous vos sens <br>et transformez votre espace de vie en une \u0153uvre d&rsquo;art fonctionnelle.<\/p><\/div><\/div>\n<\/div><\/div>\n\n\n\n<div class=\"wp-block-uagb-container uagb-block-2c672d86 alignfull uagb-is-root-container\"><div class=\"uagb-container-inner-blocks-wrap\">\n<div class=\"wp-block-uagb-container uagb-block-c7d61e6b\">\n<div class=\"wp-block-uagb-info-box uagb-block-935f1529 uagb-infobox__content-wrap  uagb-infobox-icon-above-title uagb-infobox-image-valign-top\"><div class=\"uagb-ifb-content\"><div class=\"uagb-ifb-title-wrap\"><span class=\"uagb-ifb-title-prefix\"><strong>INTERIOR DESIGNER. CEO\u200b<\/strong><\/span><h2 class=\"uagb-ifb-title\">Mariane DESCHAMPS\u200b<\/h2><\/div><p class=\"uagb-ifb-desc\">J&rsquo;ai commenc\u00e9 par une passion pour l&rsquo;esth\u00e9tique et la fonctionnalit\u00e9. J&rsquo;ai d\u00e9but\u00e9 par des \u00e9tudes en design industriel et en design d&rsquo;int\u00e9rieur, o\u00f9 l&rsquo;apprentissage des concepts de base du design, des mat\u00e9riaux et des technologies est essentiel.<br><br>Au fil du temps, j&rsquo;ai d\u00e9velopp\u00e9 ma propre vision esth\u00e9tique et la compr\u00e9hension des tendances actuelles. J&rsquo;ai explor\u00e9 diverses techniques de conception, de la mod\u00e9lisation 3D \u00e0 la cr\u00e9ation de prototypes.<br><br>Notre magasin cherche \u00e0 cr\u00e9er des pi\u00e8ces qui transcendent la fonction pour devenir de v\u00e9ritables \u0153uvres d&rsquo;art fonctionnelles, enrichissant ainsi notre quotidien gr\u00e2ce \u00e0 l&rsquo;esth\u00e9tique et \u00e0 l&rsquo;innovation.<\/p><\/div><\/div>\n\n\n\n<div class=\"wp-block-uagb-advanced-heading uagb-block-9ab57f42\"><h4 class=\"uagb-heading-text\">Suivez-nous sur<\/h4><\/div>\n\n\n\n<div class=\"wp-block-uagb-social-share uagb-social-share__outer-wrap uagb-social-share__layout-horizontal uagb-block-d78f5284 kl-social-marge\">\n<div class=\"wp-block-uagb-social-share-child uagb-ss-repeater uagb-ss__wrapper uagb-block-3aa192a0\"><span class=\"uagb-ss__link\" data-href=\"https:\/\/www.facebook.com\/sharer.php?u=\" tabindex=\"0\" role=\"button\" aria-label=\"facebook\"><span class=\"uagb-ss__source-wrap\"><span class=\"uagb-ss__source-icon\"><svg xmlns=\"https:\/\/www.w3.org\/2000\/svg\" viewBox=\"0 0 320 512\"><path d=\"M279.1 288l14.22-92.66h-88.91v-60.13c0-25.35 12.42-50.06 52.24-50.06h40.42V6.26S260.4 0 225.4 0c-73.22 0-121.1 44.38-121.1 124.7v70.62H22.89V288h81.39v224h100.2V288z\"><\/path><\/svg><\/span><\/span><\/span><\/div>\n\n\n\n<div class=\"wp-block-uagb-social-share-child uagb-ss-repeater uagb-ss__wrapper uagb-block-f538c0bf\"><span class=\"uagb-ss__link\" data-href=\"https:\/\/twitter.com\/share?url=\" tabindex=\"0\" role=\"button\" aria-label=\"twitter\"><span class=\"uagb-ss__source-wrap\"><span class=\"uagb-ss__source-icon\"><svg xmlns=\"https:\/\/www.w3.org\/2000\/svg\" viewBox=\"0 0 448 512\"><path d=\"M400 32H48C21.5 32 0 53.5 0 80v352c0 26.5 21.5 48 48 48h352c26.5 0 48-21.5 48-48V80c0-26.5-21.5-48-48-48zm-48.9 158.8c.2 2.8 .2 5.7 .2 8.5 0 86.7-66 186.6-186.6 186.6-37.2 0-71.7-10.8-100.7-29.4 5.3 .6 10.4 .8 15.8 .8 30.7 0 58.9-10.4 81.4-28-28.8-.6-53-19.5-61.3-45.5 10.1 1.5 19.2 1.5 29.6-1.2-30-6.1-52.5-32.5-52.5-64.4v-.8c8.7 4.9 18.9 7.9 29.6 8.3a65.45 65.45 0 0 1 -29.2-54.6c0-12.2 3.2-23.4 8.9-33.1 32.3 39.8 80.8 65.8 135.2 68.6-9.3-44.5 24-80.6 64-80.6 18.9 0 35.9 7.9 47.9 20.7 14.8-2.8 29-8.3 41.6-15.8-4.9 15.2-15.2 28-28.8 36.1 13.2-1.4 26-5.1 37.8-10.2-8.9 13.1-20.1 24.7-32.9 34z\"><\/path><\/svg><\/span><\/span><\/span><\/div>\n\n\n\n<div class=\"wp-block-uagb-social-share-child uagb-ss-repeater uagb-ss__wrapper uagb-block-57d38b29\"><span class=\"uagb-ss__link\" data-href=\"https:\/\/www.linkedin.com\/shareArticle?url=\" tabindex=\"0\" role=\"button\" aria-label=\"linkedin\"><span class=\"uagb-ss__source-wrap\"><span class=\"uagb-ss__source-icon\"><svg xmlns=\"https:\/\/www.w3.org\/2000\/svg\" viewBox=\"0 0 448 512\"><path d=\"M100.3 448H7.4V148.9h92.88zM53.79 108.1C24.09 108.1 0 83.5 0 53.8a53.79 53.79 0 0 1 107.6 0c0 29.7-24.1 54.3-53.79 54.3zM447.9 448h-92.68V302.4c0-34.7-.7-79.2-48.29-79.2-48.29 0-55.69 37.7-55.69 76.7V448h-92.78V148.9h89.08v40.8h1.3c12.4-23.5 42.69-48.3 87.88-48.3 94 0 111.3 61.9 111.3 142.3V448z\"><\/path><\/svg><\/span><\/span><\/span><\/div>\n<\/div>\n<\/div>\n\n\n\n<div class=\"wp-block-uagb-container uagb-block-0a938490\">\n<figure class=\"wp-block-image size-large\"><img decoding=\"async\" src=\"http:\/\/madagascar-design.com\/mobilier-design\/wp-content\/uploads\/2023\/09\/mobilier-3.jpeg\" alt=\"\"\/><\/figure>\n\n\n\n<div class=\"wp-block-uagb-advanced-heading uagb-block-5212be41\"><h6 class=\"uagb-heading-text\">Un magasin qui  transforme chaque moment en une exp\u00e9rience \u00e9l\u00e9gante<\/h6><\/div>\n<\/div>\n<\/div><\/div>\n\n\n\n<div class=\"wp-block-uagb-container kl-block-project uagb-block-25fe3647 alignfull uagb-is-root-container\"><div class=\"uagb-container-inner-blocks-wrap\">\n<div class=\"wp-block-uagb-container uagb-block-98bd110f\">\n<div class=\"wp-block-uagb-info-box uagb-block-80a097b1 uagb-infobox__content-wrap  uagb-infobox-icon-above-title uagb-infobox-image-valign-top\"><div class=\"uagb-ifb-content\"><div class=\"uagb-ifb-icon-wrap\"><div class=\"uagb-iconbox-icon-wrap uagb-infobox-shape-circle\"><svg xmlns=\"https:\/\/www.w3.org\/2000\/svg\" viewBox=\"0 0 448 512\"><path d=\"M384 32C419.3 32 448 60.65 448 96V416C448 451.3 419.3 480 384 480H64C28.65 480 0 451.3 0 416V96C0 60.65 28.65 32 64 32H384zM384 96H256V224H384V96zM384 288H256V416H384V288zM192 224V96H64V224H192zM64 416H192V288H64V416z\"><\/path><\/svg><\/div><\/div><div class=\"uagb-ifb-title-wrap\"><h4 class=\"uagb-ifb-title\"><strong>250\u200b<\/strong><\/h4><\/div><p class=\"uagb-ifb-desc\">PROJETS R\u00c9ALIS\u00c9S<\/p><\/div><\/div>\n<\/div>\n\n\n\n<div class=\"wp-block-uagb-container uagb-block-9d069f34\">\n<div class=\"wp-block-uagb-info-box uagb-block-49f87517 uagb-infobox__content-wrap  uagb-infobox-icon-above-title uagb-infobox-image-valign-top\"><div class=\"uagb-ifb-content\"><div class=\"uagb-ifb-icon-wrap\"><div class=\"uagb-iconbox-icon-wrap uagb-infobox-shape-circle\"><svg xmlns=\"https:\/\/www.w3.org\/2000\/svg\" viewBox=\"0 0 448 512\"><path d=\"M224 256c70.7 0 128-57.31 128-128s-57.3-128-128-128C153.3 0 96 57.31 96 128S153.3 256 224 256zM274.7 304H173.3C77.61 304 0 381.6 0 477.3c0 19.14 15.52 34.67 34.66 34.67h378.7C432.5 512 448 496.5 448 477.3C448 381.6 370.4 304 274.7 304z\"><\/path><\/svg><\/div><\/div><div class=\"uagb-ifb-title-wrap\"><h4 class=\"uagb-ifb-title\"><strong><strong>120+\u200b<\/strong><\/strong><\/h4><\/div><p class=\"uagb-ifb-desc\">CLIENTS \u200b<\/p><\/div><\/div>\n<\/div>\n\n\n\n<div class=\"wp-block-uagb-container uagb-block-4a16907d\">\n<div class=\"wp-block-uagb-info-box uagb-block-b3bafde0 uagb-infobox__content-wrap  uagb-infobox-icon-above-title uagb-infobox-image-valign-top\"><div class=\"uagb-ifb-content\"><div class=\"uagb-ifb-icon-wrap\"><div class=\"uagb-iconbox-icon-wrap uagb-infobox-shape-circle\"><svg xmlns=\"https:\/\/www.w3.org\/2000\/svg\" viewBox=\"0 0 576 512\"><path d=\"M572.1 82.38C569.5 71.59 559.8 64 548.7 64h-100.8c.2422-12.45 .1078-23.7-.1559-33.02C447.3 13.63 433.2 0 415.8 0H160.2C142.8 0 128.7 13.63 128.2 30.98C127.1 40.3 127.8 51.55 128.1 64H27.26C16.16 64 6.537 71.59 3.912 82.38C3.1 85.78-15.71 167.2 37.07 245.9c37.44 55.82 100.6 95.03 187.5 117.4c18.7 4.805 31.41 22.06 31.41 41.37C256 428.5 236.5 448 212.6 448H208c-26.51 0-47.99 21.49-47.99 48c0 8.836 7.163 16 15.1 16h223.1c8.836 0 15.1-7.164 15.1-16c0-26.51-21.48-48-47.99-48h-4.644c-23.86 0-43.36-19.5-43.36-43.35c0-19.31 12.71-36.57 31.41-41.37c86.96-22.34 150.1-61.55 187.5-117.4C591.7 167.2 572.9 85.78 572.1 82.38zM77.41 219.8C49.47 178.6 47.01 135.7 48.38 112h80.39c5.359 59.62 20.35 131.1 57.67 189.1C137.4 281.6 100.9 254.4 77.41 219.8zM498.6 219.8c-23.44 34.6-59.94 61.75-109 81.22C426.9 243.1 441.9 171.6 447.2 112h80.39C528.1 135.7 526.5 178.7 498.6 219.8z\"><\/path><\/svg><\/div><\/div><div class=\"uagb-ifb-title-wrap\"><h4 class=\"uagb-ifb-title\">3<\/h4><\/div><p class=\"uagb-ifb-desc\">NORMES CE\u200b<\/p><\/div><\/div>\n<\/div>\n\n\n\n<div class=\"wp-block-uagb-container uagb-block-38a6e0ee\">\n<div class=\"wp-block-uagb-info-box uagb-block-11d6f82b uagb-infobox__content-wrap  uagb-infobox-icon-above-title uagb-infobox-image-valign-top\"><div class=\"uagb-ifb-content\"><div class=\"uagb-ifb-icon-wrap\"><div class=\"uagb-iconbox-icon-wrap uagb-infobox-shape-circle\"><svg xmlns=\"https:\/\/www.w3.org\/2000\/svg\" viewBox=\"0 0 512 512\"><path d=\"M320 336c0 8.844-7.156 16-16 16h-96C199.2 352 192 344.8 192 336V288H0v144C0 457.6 22.41 480 48 480h416c25.59 0 48-22.41 48-48V288h-192V336zM464 96H384V48C384 22.41 361.6 0 336 0h-160C150.4 0 128 22.41 128 48V96H48C22.41 96 0 118.4 0 144V256h512V144C512 118.4 489.6 96 464 96zM336 96h-160V48h160V96z\"><\/path><\/svg><\/div><\/div><div class=\"uagb-ifb-title-wrap\"><h4 class=\"uagb-ifb-title\"><strong><strong>19\u200b<\/strong>\u200b<\/strong><\/h4><\/div><p class=\"uagb-ifb-desc\">ANN\u00c9ES D&rsquo;EXP\u00c9RIENCE\u200b<\/p><\/div><\/div>\n<\/div>\n<\/div><\/div>\n\n\n\n<div class=\"wp-block-uagb-container uagb-block-6287d212 alignfull uagb-is-root-container\"><div class=\"uagb-container-inner-blocks-wrap\">\n<div class=\"wp-block-uagb-advanced-heading uagb-block-8a36d330\"><h2 class=\"uagb-heading-text\">Equipes<\/h2><\/div>\n\n\n\n<div class=\"wp-block-uagb-advanced-heading uagb-block-78fb2f8f\"><h2 class=\"uagb-heading-text\">L&rsquo;\u00e9quipe\u200b<\/h2><p class=\"uagb-desc-text\">Ensemble, nous formons un collectif inspirant o\u00f9 la cr\u00e9ativit\u00e9, la qualit\u00e9 et le d\u00e9sir de repousser les limites sont au c\u0153ur de chaque projet de mobilier design.<\/p><\/div>\n\n\n\n<div class=\"wp-block-uagb-container uagb-block-5ce7f0c0\">\n<div class=\"wp-block-uagb-info-box uagb-block-122b221a uagb-infobox__content-wrap  uagb-infobox-icon-above-title uagb-infobox-image-valign-top\"><div class=\"uagb-ifb-content\"><div class=\"uagb-ifb-image-content\"><img decoding=\"async\" src=\"http:\/\/madagascar-design.com\/mobilier-design\/wp-content\/uploads\/2023\/09\/interior-Design-1.jpeg\" alt=\"\" width=\"368\" height=\"571\" loading=\"lazy\"\/><\/div><div class=\"uagb-ifb-title-wrap\"><h3 class=\"uagb-ifb-title\">Stan Smith\u200b<\/h3><\/div><p class=\"uagb-ifb-desc\">Lead Interior Designer\u200b<\/p><\/div><\/div>\n\n\n\n<div class=\"wp-block-uagb-info-box uagb-block-60cf4176 uagb-infobox__content-wrap  uagb-infobox-icon-above-title uagb-infobox-image-valign-top\"><div class=\"uagb-ifb-content\"><div class=\"uagb-ifb-image-content\"><img decoding=\"async\" src=\"http:\/\/madagascar-design.com\/mobilier-design\/wp-content\/uploads\/2023\/09\/mobilier-6.jpeg\" alt=\"\" width=\"368\" height=\"571\" loading=\"lazy\"\/><\/div><div class=\"uagb-ifb-title-wrap\"><h3 class=\"uagb-ifb-title\">Michel Legrand<\/h3><\/div><p class=\"uagb-ifb-desc\">Interior Decorator\u200b<\/p><\/div><\/div>\n\n\n\n<div class=\"wp-block-uagb-info-box uagb-block-9049cbdb uagb-infobox__content-wrap  uagb-infobox-icon-above-title uagb-infobox-image-valign-top\"><div class=\"uagb-ifb-content\"><div class=\"uagb-ifb-image-content\"><img decoding=\"async\" src=\"http:\/\/madagascar-design.com\/mobilier-design\/wp-content\/uploads\/2023\/09\/mobilier-design-3.jpeg\" alt=\"\" width=\"368\" height=\"571\" loading=\"lazy\"\/><\/div><div class=\"uagb-ifb-title-wrap\"><h3 class=\"uagb-ifb-title\">Elodie Niels<\/h3><\/div><p class=\"uagb-ifb-desc\">Commerciale<\/p><\/div><\/div>\n<\/div>\n<\/div><\/div>\n\n\n\n<div class=\"wp-block-uagb-container uagb-block-e0319565 alignfull uagb-is-root-container\"><div class=\"uagb-container-inner-blocks-wrap\">\n<div class=\"wp-block-uagb-advanced-heading uagb-block-cf0a4f9e\"><h3 class=\"uagb-heading-text\">Nos marques\u200b<\/h3><\/div>\n\n\n\n<div class=\"wp-block-uagb-container uagb-block-4d7efbbe\">\n<figure class=\"wp-block-image size-large is-resized\"><img loading=\"lazy\" decoding=\"async\" src=\"http:\/\/madagascar-design.com\/mobilier-design\/wp-content\/uploads\/2023\/09\/5.gif\" alt=\"\" style=\"object-fit:cover;width:143px;height:64px\" width=\"143\" height=\"64\"\/><\/figure>\n\n\n\n<figure class=\"wp-block-image size-large is-resized\"><img loading=\"lazy\" decoding=\"async\" src=\"http:\/\/madagascar-design.com\/mobilier-design\/wp-content\/uploads\/2023\/09\/4.gif\" alt=\"\" style=\"object-fit:cover;width:143px;height:64px\" width=\"143\" height=\"64\"\/><\/figure>\n\n\n\n<figure class=\"wp-block-image size-large is-resized\"><img loading=\"lazy\" decoding=\"async\" src=\"http:\/\/madagascar-design.com\/mobilier-design\/wp-content\/uploads\/2023\/09\/3.gif\" alt=\"\" style=\"object-fit:cover;width:143px;height:64px\" width=\"143\" height=\"64\"\/><\/figure>\n\n\n\n<figure class=\"wp-block-image size-large is-resized\"><img loading=\"lazy\" decoding=\"async\" src=\"http:\/\/madagascar-design.com\/mobilier-design\/wp-content\/uploads\/2023\/09\/2.jpg\" alt=\"\" style=\"object-fit:cover;width:143px;height:64px\" width=\"143\" height=\"64\"\/><\/figure>\n\n\n\n<figure class=\"wp-block-image size-large is-resized\"><img loading=\"lazy\" decoding=\"async\" src=\"http:\/\/madagascar-design.com\/mobilier-design\/wp-content\/uploads\/2023\/09\/1.jpg\" alt=\"\" style=\"object-fit:cover;width:143px;height:64px\" width=\"143\" height=\"64\"\/><\/figure>\n<\/div>\n<\/div><\/div>\n","protected":false},"excerpt":{"rendered":"<p>Suivez-nous sur Un magasin qui transforme chaque moment en une exp\u00e9rience \u00e9l\u00e9gante Equipes L&rsquo;\u00e9quipe\u200b Ensemble, nous formons un collectif inspirant o\u00f9 la cr\u00e9ativit\u00e9, la qualit\u00e9 et le d\u00e9sir de repousser les limites sont au c\u0153ur de chaque projet de mobilier design. Nos marques\u200b<\/p>\n","protected":false},"author":1,"featured_media":0,"parent":0,"menu_order":0,"comment_status":"closed","ping_status":"closed","template":"","meta":{"_uag_custom_page_level_css":"","site-sidebar-layout":"no-sidebar","site-content-layout":"plain-container","ast-site-content-layout":"normal-width-container","site-content-style":"unboxed","site-sidebar-style":"unboxed","ast-global-header-display":"","ast-banner-title-visibility":"","ast-main-header-display":"","ast-hfb-above-header-display":"","ast-hfb-below-header-display":"","ast-hfb-mobile-header-display":"","site-post-title":"disabled","ast-breadcrumbs-content":"","ast-featured-img":"disabled","footer-sml-layout":"","theme-transparent-header-meta":"enabled","adv-header-id-meta":"","stick-header-meta":"","header-above-stick-meta":"","header-main-stick-meta":"","header-below-stick-meta":"","astra-migrate-meta-layouts":"set","footnotes":""},"class_list":["post-1184","page","type-page","status-publish","hentry"],"uagb_featured_image_src":{"full":false,"thumbnail":false,"medium":false,"medium_large":false,"large":false,"1536x1536":false,"2048x2048":false},"uagb_author_info":{"display_name":"webmaster","author_link":"https:\/\/madagascar-design.com\/mobilier-design\/author\/webmaster\/"},"uagb_comment_info":0,"uagb_excerpt":"Suivez-nous sur Un magasin qui transforme chaque moment en une exp\u00e9rience \u00e9l\u00e9gante Equipes L&rsquo;\u00e9quipe\u200b Ensemble, nous formons un collectif inspirant o\u00f9 la cr\u00e9ativit\u00e9, la qualit\u00e9 et le d\u00e9sir de repousser les limites sont au c\u0153ur de chaque projet de mobilier design. Nos marques\u200b","_links":{"self":[{"href":"https:\/\/madagascar-design.com\/mobilier-design\/wp-json\/wp\/v2\/pages\/1184","targetHints":{"allow":["GET"]}}],"collection":[{"href":"https:\/\/madagascar-design.com\/mobilier-design\/wp-json\/wp\/v2\/pages"}],"about":[{"href":"https:\/\/madagascar-design.com\/mobilier-design\/wp-json\/wp\/v2\/types\/page"}],"author":[{"embeddable":true,"href":"https:\/\/madagascar-design.com\/mobilier-design\/wp-json\/wp\/v2\/users\/1"}],"replies":[{"embeddable":true,"href":"https:\/\/madagascar-design.com\/mobilier-design\/wp-json\/wp\/v2\/comments?post=1184"}],"version-history":[{"count":10,"href":"https:\/\/madagascar-design.com\/mobilier-design\/wp-json\/wp\/v2\/pages\/1184\/revisions"}],"predecessor-version":[{"id":2316,"href":"https:\/\/madagascar-design.com\/mobilier-design\/wp-json\/wp\/v2\/pages\/1184\/revisions\/2316"}],"wp:attachment":[{"href":"https:\/\/madagascar-design.com\/mobilier-design\/wp-json\/wp\/v2\/media?parent=1184"}],"curies":[{"name":"wp","href":"https:\/\/api.w.org\/{rel}","templated":true}]}}