{"id":1182,"date":"2020-08-24T09:51:59","date_gmt":"2020-08-24T09:51:59","guid":{"rendered":"http:\/\/madagascar-design.com\/mobilier-design\/portfolio\/"},"modified":"2023-09-26T16:33:18","modified_gmt":"2023-09-26T14:33:18","slug":"portfolio","status":"publish","type":"page","link":"https:\/\/madagascar-design.com\/mobilier-design\/portfolio\/","title":{"rendered":"Portfolio"},"content":{"rendered":"\n<div class=\"wp-block-uagb-container uagb-block-224fa387 alignfull uagb-is-root-container\"><div class=\"uagb-container-inner-blocks-wrap\">\n<div class=\"wp-block-uagb-info-box uagb-block-0b152567 uagb-infobox__content-wrap  uagb-infobox-icon-above-title uagb-infobox-image-valign-top\"><div class=\"uagb-ifb-content\"><div class=\"uagb-ifb-title-wrap\"><span class=\"uagb-ifb-title-prefix\">Un univers de cr\u00e9ativit\u00e9 et d&rsquo;innovation<\/span><h1 class=\"uagb-ifb-title\">Portfolio<\/h1><\/div><p class=\"uagb-ifb-desc\">Notre boutique est l&rsquo;endroit o\u00f9 vos id\u00e9es de d\u00e9coration prennent vie, <br>gr\u00e2ce \u00e0 notre s\u00e9lection exceptionnelle de mobilier design.<\/p><\/div><\/div>\n<\/div><\/div>\n\n\n\n<div class=\"wp-block-uagb-container uagb-block-904e0ae3 alignfull uagb-is-root-container\"><div class=\"uagb-container-inner-blocks-wrap\">\n<div class=\"wp-block-uagb-advanced-heading uagb-block-ea8e78d3\"><h2 class=\"uagb-heading-text\">Salon<\/h2><\/div>\n\n\n\n<div class=\"wp-block-uagb-container uagb-block-8461824f alignfull uagb-is-root-container\"><div class=\"uagb-container-inner-blocks-wrap\">\n<div class=\"wp-block-uagb-container uagb-block-4d552068\">\n<div class=\"wp-block-uagb-advanced-heading uagb-block-6f9bc400\"><h2 class=\"uagb-heading-text\">Salon<\/h2><p class=\"uagb-desc-text\">Osez le raffinement absolu : notre magasin de salon design transforme chaque moment en une exp\u00e9rience \u00e9l\u00e9gante.\u200b<\/p><\/div>\n<\/div>\n\n\n\n<div class=\"wp-block-uagb-container uagb-block-1bebd102\"><div class=\"rl-gallery-container rl-loading\" id=\"rl-gallery-container-1\" data-gallery_id=\"2210\"> <div class=\"rl-gallery rl-basicmasonry-gallery \" id=\"rl-gallery-1\" data-gallery_no=\"1\"> <div class=\"rl-gutter-sizer\"><\/div><div class=\"rl-grid-sizer\"><\/div> <div class=\"rl-gallery-item rl-gallery-item-width-4\" > <div class=\"rl-gallery-item-content\"> <a href=\"https:\/\/madagascar-design.com\/mobilier-design\/wp-content\/uploads\/2023\/09\/design.jpg\" title=\"\" data-rl_title=\"\" class=\"rl-gallery-link\" data-rl_caption=\"\" data-rel=\"lightbox-gallery-1\"><img loading=\"lazy\" decoding=\"async\" src=\"https:\/\/madagascar-design.com\/mobilier-design\/wp-content\/uploads\/2023\/09\/design.jpg\" width=\"640\" height=\"427\" alt=\"\"\/><\/a> <\/div> <\/div> <div class=\"rl-gallery-item\" > <div class=\"rl-gallery-item-content\"> <a href=\"https:\/\/madagascar-design.com\/mobilier-design\/wp-content\/uploads\/2023\/09\/interior-Design.jpg\" title=\"\" data-rl_title=\"\" class=\"rl-gallery-link\" data-rl_caption=\"\" data-rel=\"lightbox-gallery-1\"><img loading=\"lazy\" decoding=\"async\" src=\"https:\/\/madagascar-design.com\/mobilier-design\/wp-content\/uploads\/2023\/09\/interior-Design.jpg\" width=\"640\" height=\"427\" alt=\"\"\/><\/a> <\/div> <\/div> <\/div> <\/div>\n<\/div>\n<\/div><\/div>\n\n\n\n<div class=\"wp-block-uagb-container uagb-block-84deead2 alignfull uagb-is-root-container\"><div class=\"uagb-container-inner-blocks-wrap\">\n<div class=\"rl-gallery-container rl-loading\" id=\"rl-gallery-container-2\" data-gallery_id=\"2212\"> <div class=\"rl-gallery rl-basicmasonry-gallery \" id=\"rl-gallery-2\" data-gallery_no=\"2\"> <div class=\"rl-gutter-sizer\"><\/div><div class=\"rl-grid-sizer\"><\/div> <div class=\"rl-gallery-item rl-gallery-item-width-4\" > <div class=\"rl-gallery-item-content\"> <a href=\"https:\/\/madagascar-design.com\/mobilier-design\/wp-content\/uploads\/2023\/09\/Interior.jpg\" title=\"\" data-rl_title=\"\" class=\"rl-gallery-link\" data-rl_caption=\"\" data-rel=\"lightbox-gallery-2\"><img loading=\"lazy\" decoding=\"async\" src=\"https:\/\/madagascar-design.com\/mobilier-design\/wp-content\/uploads\/2023\/09\/Interior.jpg\" width=\"640\" height=\"427\" alt=\"\"\/><\/a> <\/div> <\/div> <div class=\"rl-gallery-item\" > <div class=\"rl-gallery-item-content\"> <a href=\"https:\/\/madagascar-design.com\/mobilier-design\/wp-content\/uploads\/2023\/09\/mobilier-design.jpeg\" title=\"\" data-rl_title=\"\" class=\"rl-gallery-link\" data-rl_caption=\"\" data-rel=\"lightbox-gallery-2\"><img loading=\"lazy\" decoding=\"async\" src=\"https:\/\/madagascar-design.com\/mobilier-design\/wp-content\/uploads\/2023\/09\/mobilier-design.jpeg\" width=\"640\" height=\"427\" alt=\"\"\/><\/a> <\/div> <\/div> <div class=\"rl-gallery-item\" > <div class=\"rl-gallery-item-content\"> <a href=\"https:\/\/madagascar-design.com\/mobilier-design\/wp-content\/uploads\/2023\/09\/mobilier.jpeg\" title=\"\" data-rl_title=\"\" class=\"rl-gallery-link\" data-rl_caption=\"\" data-rel=\"lightbox-gallery-2\"><img loading=\"lazy\" decoding=\"async\" src=\"https:\/\/madagascar-design.com\/mobilier-design\/wp-content\/uploads\/2023\/09\/mobilier.jpeg\" width=\"640\" height=\"427\" alt=\"\"\/><\/a> <\/div> <\/div> <\/div> <\/div>\n<\/div><\/div>\n\n\n\n<div class=\"wp-block-uagb-advanced-heading uagb-block-9c27dbf3\"><h2 class=\"uagb-heading-text\">Cuisine<\/h2><\/div>\n\n\n\n<div class=\"wp-block-uagb-container uagb-block-6961feed alignfull uagb-is-root-container\"><div class=\"uagb-container-inner-blocks-wrap\">\n<div class=\"wp-block-uagb-container uagb-block-d5323140\">\n<div class=\"wp-block-uagb-advanced-heading uagb-block-3dd356cf\"><h2 class=\"uagb-heading-text\">Cuisine<\/h2><p class=\"uagb-desc-text\">Explorez l&rsquo;art culinaire dans un cadre d&rsquo;exception<\/p><\/div>\n<\/div>\n\n\n\n<div class=\"wp-block-uagb-container uagb-block-b7b82bec\"><div class=\"rl-gallery-container rl-loading\" id=\"rl-gallery-container-3\" data-gallery_id=\"2207\"> <div class=\"rl-gallery rl-basicmasonry-gallery \" id=\"rl-gallery-3\" data-gallery_no=\"3\"> <div class=\"rl-gutter-sizer\"><\/div><div class=\"rl-grid-sizer\"><\/div> <div class=\"rl-gallery-item rl-gallery-item-width-4\" > <div class=\"rl-gallery-item-content\"> <a href=\"https:\/\/madagascar-design.com\/mobilier-design\/wp-content\/uploads\/2023\/09\/mobilier-design.jpg\" title=\"\" data-rl_title=\"\" class=\"rl-gallery-link\" data-rl_caption=\"\" data-rel=\"lightbox-gallery-3\"><img loading=\"lazy\" decoding=\"async\" src=\"https:\/\/madagascar-design.com\/mobilier-design\/wp-content\/uploads\/2023\/09\/mobilier-design.jpg\" width=\"640\" height=\"427\" alt=\"\"\/><\/a> <\/div> <\/div> <div class=\"rl-gallery-item\" > <div class=\"rl-gallery-item-content\"> <a href=\"https:\/\/madagascar-design.com\/mobilier-design\/wp-content\/uploads\/2023\/09\/mobilier-de-qualite.jpg\" title=\"\" data-rl_title=\"\" class=\"rl-gallery-link\" data-rl_caption=\"\" data-rel=\"lightbox-gallery-3\"><img loading=\"lazy\" decoding=\"async\" src=\"https:\/\/madagascar-design.com\/mobilier-design\/wp-content\/uploads\/2023\/09\/mobilier-de-qualite.jpg\" width=\"640\" height=\"427\" alt=\"\"\/><\/a> <\/div> <\/div> <\/div> <\/div>\n<\/div>\n<\/div><\/div>\n\n\n\n<div class=\"wp-block-uagb-container uagb-block-d5a23dae alignfull uagb-is-root-container\"><div class=\"uagb-container-inner-blocks-wrap\">\n<div class=\"rl-gallery-container rl-loading\" id=\"rl-gallery-container-4\" data-gallery_id=\"2208\"> <div class=\"rl-gallery rl-basicmasonry-gallery \" id=\"rl-gallery-4\" data-gallery_no=\"4\"> <div class=\"rl-gutter-sizer\"><\/div><div class=\"rl-grid-sizer\"><\/div> <div class=\"rl-gallery-item rl-gallery-item-width-4\" > <div class=\"rl-gallery-item-content\"> <a href=\"https:\/\/madagascar-design.com\/mobilier-design\/wp-content\/uploads\/2023\/09\/interior-1.jpg\" title=\"\" data-rl_title=\"\" class=\"rl-gallery-link\" data-rl_caption=\"\" data-rel=\"lightbox-gallery-4\"><img loading=\"lazy\" decoding=\"async\" src=\"https:\/\/madagascar-design.com\/mobilier-design\/wp-content\/uploads\/2023\/09\/interior-1.jpg\" width=\"640\" height=\"427\" alt=\"\"\/><\/a> <\/div> <\/div> <div class=\"rl-gallery-item\" > <div class=\"rl-gallery-item-content\"> <a href=\"https:\/\/madagascar-design.com\/mobilier-design\/wp-content\/uploads\/2023\/09\/livraison-et-Installation.jpg\" title=\"\" data-rl_title=\"\" class=\"rl-gallery-link\" data-rl_caption=\"\" data-rel=\"lightbox-gallery-4\"><img loading=\"lazy\" decoding=\"async\" src=\"https:\/\/madagascar-design.com\/mobilier-design\/wp-content\/uploads\/2023\/09\/livraison-et-Installation.jpg\" width=\"640\" height=\"427\" alt=\"\"\/><\/a> <\/div> <\/div> <div class=\"rl-gallery-item\" > <div class=\"rl-gallery-item-content\"> <a href=\"https:\/\/madagascar-design.com\/mobilier-design\/wp-content\/uploads\/2023\/09\/design-1.jpg\" title=\"\" data-rl_title=\"\" class=\"rl-gallery-link\" data-rl_caption=\"\" data-rel=\"lightbox-gallery-4\"><img loading=\"lazy\" decoding=\"async\" src=\"https:\/\/madagascar-design.com\/mobilier-design\/wp-content\/uploads\/2023\/09\/design-1.jpg\" width=\"640\" height=\"427\" alt=\"\"\/><\/a> <\/div> <\/div> <\/div> <\/div>\n<\/div><\/div>\n\n\n\n<div class=\"wp-block-uagb-advanced-heading uagb-block-f24fefa5\"><h2 class=\"uagb-heading-text\">Espace bureau<\/h2><\/div>\n\n\n\n<div class=\"wp-block-uagb-container uagb-block-ceb2f739 alignfull uagb-is-root-container\"><div class=\"uagb-container-inner-blocks-wrap\">\n<div class=\"wp-block-uagb-container uagb-block-202b7cc0\">\n<div class=\"wp-block-uagb-advanced-heading uagb-block-1fcbd2f1\"><h2 class=\"uagb-heading-text\">Espace bureau<\/h2><p class=\"uagb-desc-text\">\u00c9levez votre espace de travail \u00e0 un niveau sup\u00e9rieur avec notre s\u00e9lection exceptionnelle de bureaux design. D\u00e9couvrez l&rsquo;\u00e9l\u00e9gance fonctionnelle.<\/p><\/div>\n<\/div>\n\n\n\n<div class=\"wp-block-uagb-container uagb-block-ec8d7764\"><div class=\"rl-gallery-container rl-loading\" id=\"rl-gallery-container-5\" data-gallery_id=\"2204\"> <div class=\"rl-gallery rl-basicmasonry-gallery \" id=\"rl-gallery-5\" data-gallery_no=\"5\"> <div class=\"rl-gutter-sizer\"><\/div><div class=\"rl-grid-sizer\"><\/div> <div class=\"rl-gallery-item rl-gallery-item-width-4\" > <div class=\"rl-gallery-item-content\"> <a href=\"https:\/\/madagascar-design.com\/mobilier-design\/wp-content\/uploads\/2023\/09\/design-3.jpg\" title=\"\" data-rl_title=\"\" class=\"rl-gallery-link\" data-rl_caption=\"\" data-rel=\"lightbox-gallery-5\"><img loading=\"lazy\" decoding=\"async\" src=\"https:\/\/madagascar-design.com\/mobilier-design\/wp-content\/uploads\/2023\/09\/design-3.jpg\" width=\"640\" height=\"427\" alt=\"\"\/><\/a> <\/div> <\/div> <div class=\"rl-gallery-item\" > <div class=\"rl-gallery-item-content\"> <a href=\"https:\/\/madagascar-design.com\/mobilier-design\/wp-content\/uploads\/2023\/09\/interior-Design-1.jpg\" title=\"\" data-rl_title=\"\" class=\"rl-gallery-link\" data-rl_caption=\"\" data-rel=\"lightbox-gallery-5\"><img loading=\"lazy\" decoding=\"async\" src=\"https:\/\/madagascar-design.com\/mobilier-design\/wp-content\/uploads\/2023\/09\/interior-Design-1.jpg\" width=\"640\" height=\"427\" alt=\"\"\/><\/a> <\/div> <\/div> <\/div> <\/div>\n<\/div>\n<\/div><\/div>\n\n\n\n<div class=\"wp-block-uagb-container uagb-block-69b3e2a8 alignfull uagb-is-root-container\"><div class=\"uagb-container-inner-blocks-wrap\">\n<div class=\"rl-gallery-container rl-loading\" id=\"rl-gallery-container-6\" data-gallery_id=\"2203\"> <div class=\"rl-gallery rl-basicmasonry-gallery \" id=\"rl-gallery-6\" data-gallery_no=\"6\"> <div class=\"rl-gutter-sizer\"><\/div><div class=\"rl-grid-sizer\"><\/div> <div class=\"rl-gallery-item rl-gallery-item-width-4\" > <div class=\"rl-gallery-item-content\"> <a href=\"https:\/\/madagascar-design.com\/mobilier-design\/wp-content\/uploads\/2023\/09\/Interior-2.jpg\" title=\"\" data-rl_title=\"\" class=\"rl-gallery-link\" data-rl_caption=\"\" data-rel=\"lightbox-gallery-6\"><img loading=\"lazy\" decoding=\"async\" src=\"https:\/\/madagascar-design.com\/mobilier-design\/wp-content\/uploads\/2023\/09\/Interior-2.jpg\" width=\"640\" height=\"427\" alt=\"\"\/><\/a> <\/div> <\/div> <div class=\"rl-gallery-item\" > <div class=\"rl-gallery-item-content\"> <a href=\"https:\/\/madagascar-design.com\/mobilier-design\/wp-content\/uploads\/2023\/09\/mobilier-design-1.jpeg\" title=\"\" data-rl_title=\"\" class=\"rl-gallery-link\" data-rl_caption=\"\" data-rel=\"lightbox-gallery-6\"><img loading=\"lazy\" decoding=\"async\" src=\"https:\/\/madagascar-design.com\/mobilier-design\/wp-content\/uploads\/2023\/09\/mobilier-design-1.jpeg\" width=\"640\" height=\"427\" alt=\"\"\/><\/a> <\/div> <\/div> <div class=\"rl-gallery-item\" > <div class=\"rl-gallery-item-content\"> <a href=\"https:\/\/madagascar-design.com\/mobilier-design\/wp-content\/uploads\/2023\/09\/mobilier-1.jpeg\" title=\"\" data-rl_title=\"\" class=\"rl-gallery-link\" data-rl_caption=\"\" data-rel=\"lightbox-gallery-6\"><img loading=\"lazy\" decoding=\"async\" src=\"https:\/\/madagascar-design.com\/mobilier-design\/wp-content\/uploads\/2023\/09\/mobilier-1.jpeg\" width=\"640\" height=\"427\" alt=\"\"\/><\/a> <\/div> <\/div> <\/div> <\/div>\n<\/div><\/div>\n\n\n\n<div class=\"wp-block-uagb-advanced-heading uagb-block-2608e746\"><h2 class=\"uagb-heading-text\">Chambre <\/h2><\/div>\n\n\n\n<div class=\"wp-block-uagb-container uagb-block-bc8caad8 alignfull uagb-is-root-container\"><div class=\"uagb-container-inner-blocks-wrap\">\n<div class=\"wp-block-uagb-container uagb-block-1d137a11\">\n<div class=\"wp-block-uagb-advanced-heading uagb-block-1865df56\"><h2 class=\"uagb-heading-text\">Chambres \u00e0 couch\u00e9e<\/h2><p class=\"uagb-desc-text\">Cr\u00e9ez votre havre de paix parfait avec notre magasin de chambres \u00e0 coucher design. Le sommeil devient un art.<\/p><\/div>\n<\/div>\n\n\n\n<div class=\"wp-block-uagb-container uagb-block-dd68571e\"><div class=\"rl-gallery-container rl-loading\" id=\"rl-gallery-container-7\" data-gallery_id=\"2192\"> <div class=\"rl-gallery rl-basicmasonry-gallery \" id=\"rl-gallery-7\" data-gallery_no=\"7\"> <div class=\"rl-gutter-sizer\"><\/div><div class=\"rl-grid-sizer\"><\/div> <div class=\"rl-gallery-item rl-gallery-item-width-4\" > <div class=\"rl-gallery-item-content\"> <a href=\"https:\/\/madagascar-design.com\/mobilier-design\/wp-content\/uploads\/2023\/09\/design-5.jpg\" title=\"\" data-rl_title=\"\" class=\"rl-gallery-link\" data-rl_caption=\"\" data-rel=\"lightbox-gallery-7\"><img loading=\"lazy\" decoding=\"async\" src=\"https:\/\/madagascar-design.com\/mobilier-design\/wp-content\/uploads\/2023\/09\/design-5.jpg\" width=\"640\" height=\"427\" alt=\"\"\/><\/a> <\/div> <\/div> <div class=\"rl-gallery-item\" > <div class=\"rl-gallery-item-content\"> <a href=\"https:\/\/madagascar-design.com\/mobilier-design\/wp-content\/uploads\/2023\/09\/interior-Design-2.jpg\" title=\"\" data-rl_title=\"\" class=\"rl-gallery-link\" data-rl_caption=\"\" data-rel=\"lightbox-gallery-7\"><img loading=\"lazy\" decoding=\"async\" src=\"https:\/\/madagascar-design.com\/mobilier-design\/wp-content\/uploads\/2023\/09\/interior-Design-2.jpg\" width=\"640\" height=\"427\" alt=\"\"\/><\/a> <\/div> <\/div> <\/div> <\/div>\n<\/div>\n<\/div><\/div>\n\n\n\n<div class=\"wp-block-uagb-container uagb-block-8e561118 alignfull uagb-is-root-container\"><div class=\"uagb-container-inner-blocks-wrap\">\n<div class=\"rl-gallery-container rl-loading\" id=\"rl-gallery-container-8\" data-gallery_id=\"2200\"> <div class=\"rl-gallery rl-basicmasonry-gallery \" id=\"rl-gallery-8\" data-gallery_no=\"8\"> <div class=\"rl-gutter-sizer\"><\/div><div class=\"rl-grid-sizer\"><\/div> <div class=\"rl-gallery-item rl-gallery-item-width-4\" > <div class=\"rl-gallery-item-content\"> <a href=\"https:\/\/madagascar-design.com\/mobilier-design\/wp-content\/uploads\/2023\/09\/mobilier-2.jpeg\" title=\"\" data-rl_title=\"\" class=\"rl-gallery-link\" data-rl_caption=\"\" data-rel=\"lightbox-gallery-8\"><img loading=\"lazy\" decoding=\"async\" src=\"https:\/\/madagascar-design.com\/mobilier-design\/wp-content\/uploads\/2023\/09\/mobilier-2.jpeg\" width=\"640\" height=\"427\" alt=\"\"\/><\/a> <\/div> <\/div> <div class=\"rl-gallery-item\" > <div class=\"rl-gallery-item-content\"> <a href=\"https:\/\/madagascar-design.com\/mobilier-design\/wp-content\/uploads\/2023\/09\/mobilier-design-2.jpeg\" title=\"\" data-rl_title=\"\" class=\"rl-gallery-link\" data-rl_caption=\"\" data-rel=\"lightbox-gallery-8\"><img loading=\"lazy\" decoding=\"async\" src=\"https:\/\/madagascar-design.com\/mobilier-design\/wp-content\/uploads\/2023\/09\/mobilier-design-2.jpeg\" width=\"640\" height=\"427\" alt=\"\"\/><\/a> <\/div> <\/div> <div class=\"rl-gallery-item\" > <div class=\"rl-gallery-item-content\"> <a href=\"https:\/\/madagascar-design.com\/mobilier-design\/wp-content\/uploads\/2023\/09\/Interior-3.jpg\" title=\"\" data-rl_title=\"\" class=\"rl-gallery-link\" data-rl_caption=\"\" data-rel=\"lightbox-gallery-8\"><img loading=\"lazy\" decoding=\"async\" src=\"https:\/\/madagascar-design.com\/mobilier-design\/wp-content\/uploads\/2023\/09\/Interior-3.jpg\" width=\"640\" height=\"427\" alt=\"\"\/><\/a> <\/div> <\/div> <\/div> <\/div>\n<\/div><\/div>\n<\/div><\/div>\n","protected":false},"excerpt":{"rendered":"<p>Salon Salon Osez le raffinement absolu : notre magasin de salon design transforme chaque moment en une exp\u00e9rience \u00e9l\u00e9gante.\u200b Cuisine Cuisine Explorez l&rsquo;art culinaire dans un cadre d&rsquo;exception Espace bureau Espace bureau \u00c9levez votre espace de travail \u00e0 un niveau sup\u00e9rieur avec notre s\u00e9lection exceptionnelle de bureaux design. D\u00e9couvrez l&rsquo;\u00e9l\u00e9gance fonctionnelle. Chambre Chambres \u00e0 couch\u00e9e &hellip;<\/p>\n<p class=\"read-more\"> <a class=\"\" href=\"https:\/\/madagascar-design.com\/mobilier-design\/portfolio\/\"> <span class=\"screen-reader-text\">Portfolio<\/span> Lire la suite\u00a0\u00bb<\/a><\/p>\n","protected":false},"author":1,"featured_media":0,"parent":0,"menu_order":0,"comment_status":"closed","ping_status":"closed","template":"","meta":{"_uag_custom_page_level_css":"","site-sidebar-layout":"no-sidebar","site-content-layout":"plain-container","ast-site-content-layout":"normal-width-container","site-content-style":"unboxed","site-sidebar-style":"unboxed","ast-global-header-display":"","ast-banner-title-visibility":"","ast-main-header-display":"","ast-hfb-above-header-display":"","ast-hfb-below-header-display":"","ast-hfb-mobile-header-display":"","site-post-title":"disabled","ast-breadcrumbs-content":"","ast-featured-img":"disabled","footer-sml-layout":"","theme-transparent-header-meta":"enabled","adv-header-id-meta":"","stick-header-meta":"","header-above-stick-meta":"","header-main-stick-meta":"","header-below-stick-meta":"","astra-migrate-meta-layouts":"set","footnotes":""},"class_list":["post-1182","page","type-page","status-publish","hentry"],"uagb_featured_image_src":{"full":false,"thumbnail":false,"medium":false,"medium_large":false,"large":false,"1536x1536":false,"2048x2048":false},"uagb_author_info":{"display_name":"webmaster","author_link":"https:\/\/madagascar-design.com\/mobilier-design\/author\/webmaster\/"},"uagb_comment_info":0,"uagb_excerpt":"Salon Salon Osez le raffinement absolu : notre magasin de salon design transforme chaque moment en une exp\u00e9rience \u00e9l\u00e9gante.\u200b Cuisine Cuisine Explorez l&rsquo;art culinaire dans un cadre d&rsquo;exception Espace bureau Espace bureau \u00c9levez votre espace de travail \u00e0 un niveau sup\u00e9rieur avec notre s\u00e9lection exceptionnelle de bureaux design. D\u00e9couvrez l&rsquo;\u00e9l\u00e9gance fonctionnelle. Chambre Chambres \u00e0 couch\u00e9e\u2026","_links":{"self":[{"href":"https:\/\/madagascar-design.com\/mobilier-design\/wp-json\/wp\/v2\/pages\/1182","targetHints":{"allow":["GET"]}}],"collection":[{"href":"https:\/\/madagascar-design.com\/mobilier-design\/wp-json\/wp\/v2\/pages"}],"about":[{"href":"https:\/\/madagascar-design.com\/mobilier-design\/wp-json\/wp\/v2\/types\/page"}],"author":[{"embeddable":true,"href":"https:\/\/madagascar-design.com\/mobilier-design\/wp-json\/wp\/v2\/users\/1"}],"replies":[{"embeddable":true,"href":"https:\/\/madagascar-design.com\/mobilier-design\/wp-json\/wp\/v2\/comments?post=1182"}],"version-history":[{"count":24,"href":"https:\/\/madagascar-design.com\/mobilier-design\/wp-json\/wp\/v2\/pages\/1182\/revisions"}],"predecessor-version":[{"id":2260,"href":"https:\/\/madagascar-design.com\/mobilier-design\/wp-json\/wp\/v2\/pages\/1182\/revisions\/2260"}],"wp:attachment":[{"href":"https:\/\/madagascar-design.com\/mobilier-design\/wp-json\/wp\/v2\/media?parent=1182"}],"curies":[{"name":"wp","href":"https:\/\/api.w.org\/{rel}","templated":true}]}}