{"id":883,"date":"2023-09-13T10:22:40","date_gmt":"2023-09-13T08:22:40","guid":{"rendered":"http:\/\/madagascar-design.com\/dentist-smv\/?page_id=883"},"modified":"2023-09-28T11:40:17","modified_gmt":"2023-09-28T09:40:17","slug":"services","status":"publish","type":"page","link":"https:\/\/madagascar-design.com\/dentist-smv\/services\/","title":{"rendered":"Services"},"content":{"rendered":"\n<div class=\"wp-block-uagb-container uagb-block-1f54725c alignfull uagb-is-root-container\"><div class=\"uagb-container-inner-blocks-wrap\">\n<div class=\"wp-block-uagb-container uagb-block-ca5b3353\">\n<div class=\"wp-block-uagb-advanced-heading uagb-block-ab3fb5c0\"><h1 class=\"uagb-heading-text\">Services<\/h1><\/div>\n<\/div>\n\n\n\n<div class=\"wp-block-uagb-container uagb-block-406be3d7\"><\/div>\n<\/div><\/div>\n\n\n\n<div class=\"wp-block-uagb-container uagb-block-76c10568 alignfull uagb-is-root-container\"><div class=\"uagb-container-inner-blocks-wrap\">\n<div class=\"wp-block-uagb-container uagb-block-6aa5c44b alignfull uagb-is-root-container\"><div class=\"uagb-container-inner-blocks-wrap\">\n<div class=\"wp-block-uagb-container uagb-block-388d02d5\">\n<div class=\"wp-block-uagb-info-box uagb-block-454099b0 uagb-infobox__content-wrap  uagb-infobox-icon-above-title uagb-infobox-image-valign-top\"><div class=\"uagb-ifb-content\"><div class=\"uagb-ifb-title-wrap\"><span class=\"uagb-ifb-title-prefix\"><strong>Expertise In\u00e9gal\u00e9e<\/strong><\/span><h2 class=\"uagb-ifb-title\">Une vari\u00e9t\u00e9 de services de qualit\u00e9 avec des techniques m\u00e9ticuleuses <\/h2><\/div><p class=\"uagb-ifb-desc\">D\u00e9couvrez notre clinique dentaire sp\u00e9cialis\u00e9e : des <strong>soins dentaires de premi\u00e8re qualit\u00e9<\/strong>, des <strong>proth\u00e8ses dentaires<\/strong> sur mesure, des <strong>implants dentaires<\/strong> durables et une <strong>imagerie par rayons X<\/strong> avanc\u00e9e pour garantir votre sant\u00e9 bucco-dentaire. <br><br><strong>Votre sourire, notre priorit\u00e9 !<\/strong><\/p><\/div><\/div>\n<\/div>\n\n\n\n<div class=\"wp-block-uagb-container uagb-block-492c036c\">\n<div class=\"wp-block-uagb-container uagb-block-f713efb4\">\n<div class=\"wp-block-uagb-info-box uagb-block-141a86e9 uagb-infobox__content-wrap  uagb-infobox-icon-left uagb-infobox-left uagb-infobox-image-valign-top\"><div class=\"uagb-ifb-image-content\"><img decoding=\"async\" src=\"http:\/\/madagascar-design.com\/dentist-smv\/wp-content\/uploads\/2023\/09\/blanchiment-dent.png\" alt=\"Blanchiment de dent\" width=\"66\" height=\"66\" loading=\"lazy\"\/><\/div><div class=\"uagb-ifb-content\"><div class=\"uagb-ifb-title-wrap\"><h5 class=\"uagb-ifb-title\">Blanchiment dentaire<\/h5><\/div><p class=\"uagb-ifb-desc\">Retrouvez l&rsquo;\u00e9clat naturel de votre sourire avec notre service de blanchiment dentaire professionnel.<\/p><\/div><\/div>\n<\/div>\n\n\n\n<div class=\"wp-block-uagb-container uagb-block-57166fd8\">\n<div class=\"wp-block-uagb-info-box uagb-block-cce7e708 uagb-infobox__content-wrap  uagb-infobox-icon-left uagb-infobox-left uagb-infobox-image-valign-top\"><div class=\"uagb-ifb-image-content\"><img decoding=\"async\" src=\"http:\/\/madagascar-design.com\/dentist-smv\/wp-content\/uploads\/2023\/09\/imagerie-x-ray-dent.png\" alt=\"imagerie x ray dent\" width=\"66\" height=\"66\" loading=\"lazy\"\/><\/div><div class=\"uagb-ifb-content\"><div class=\"uagb-ifb-title-wrap\"><h5 class=\"uagb-ifb-title\">Imagerie X-Rays<\/h5><\/div><p class=\"uagb-ifb-desc\">D\u00e9couvrez la pr\u00e9cision de notre service d&rsquo;imagerie par rayons X dentaire. <\/p><\/div><\/div>\n<\/div>\n\n\n\n<div class=\"wp-block-uagb-container uagb-block-8fb23b8e\">\n<div class=\"wp-block-uagb-info-box uagb-block-1dc5c7a8 uagb-infobox__content-wrap  uagb-infobox-icon-left uagb-infobox-left uagb-infobox-image-valign-top\"><div class=\"uagb-ifb-image-content\"><img decoding=\"async\" src=\"http:\/\/madagascar-design.com\/dentist-smv\/wp-content\/uploads\/2023\/09\/implant-dentaire.png\" alt=\"implant dentaire\" width=\"66\" height=\"66\" loading=\"lazy\"\/><\/div><div class=\"uagb-ifb-content\"><div class=\"uagb-ifb-title-wrap\"><h5 class=\"uagb-ifb-title\">Proth\u00e8se dentaire<\/h5><\/div><p class=\"uagb-ifb-desc\">Nos services comprennent la conception, la fabrication et l&rsquo;ajustement de proth\u00e8ses dentaires sur mesure, adapt\u00e9es aux besoins individuels de chaque patient. <\/p><\/div><\/div>\n<\/div>\n<\/div>\n<\/div><\/div>\n<\/div><\/div>\n\n\n\n<div class=\"wp-block-uagb-container uagb-block-2b5d30df alignfull uagb-is-root-container\"><div class=\"uagb-container-inner-blocks-wrap\">\n<div class=\"wp-block-uagb-container uagb-block-98f35fb6\">\n<div class=\"wp-block-uagb-container uagb-block-c53cb87d\">\n<div class=\"wp-block-uagb-info-box uagb-block-789ca1ae uagb-infobox__content-wrap  uagb-infobox-icon-above-title uagb-infobox-image-valign-top\"><div class=\"uagb-ifb-content\"><div class=\"uagb-ifb-title-wrap\"><h2 class=\"uagb-ifb-title\">Soins dentaires<\/h2><\/div><p class=\"uagb-ifb-desc\">Nous proposons des <strong>soins dentaires pr\u00e9ventifs<\/strong>, incluant des examens dentaires r\u00e9guliers, le nettoyage professionnel, et les conseils en mati\u00e8re d&rsquo;hygi\u00e8ne bucco-dentaire pour pr\u00e9venir les probl\u00e8mes dentaires.<br><br>Nos <strong>soins dentaires curatifs<\/strong> comprennent le traitement des caries, le traitement de canal, le traitement parodontal (pour les probl\u00e8mes de gencives), et l&rsquo;extraction dentaire.<\/p><\/div><\/div>\n\n\n\n<div class=\"wp-block-uagb-icon-list uagb-block-f337f9e0\"><div class=\"uagb-icon-list__wrap\">\n<div class=\"wp-block-uagb-icon-list-child uagb-block-8c72f564\"><span class=\"uagb-icon-list__source-wrap\"><svg xmlns=\"https:\/\/www.w3.org\/2000\/svg\" viewBox=\"0 0 448 512\"><path d=\"M438.6 105.4C451.1 117.9 451.1 138.1 438.6 150.6L182.6 406.6C170.1 419.1 149.9 419.1 137.4 406.6L9.372 278.6C-3.124 266.1-3.124 245.9 9.372 233.4C21.87 220.9 42.13 220.9 54.63 233.4L159.1 338.7L393.4 105.4C405.9 92.88 426.1 92.88 438.6 105.4H438.6z\"><\/path><\/svg><\/span><span class=\"uagb-icon-list__label\"><strong>Soins dentaires pr\u00e9ventifs<\/strong><\/span><\/div>\n\n\n\n<div class=\"wp-block-uagb-icon-list-child uagb-block-4ec38cca\"><span class=\"uagb-icon-list__source-wrap\"><svg xmlns=\"https:\/\/www.w3.org\/2000\/svg\" viewBox=\"0 0 448 512\"><path d=\"M438.6 105.4C451.1 117.9 451.1 138.1 438.6 150.6L182.6 406.6C170.1 419.1 149.9 419.1 137.4 406.6L9.372 278.6C-3.124 266.1-3.124 245.9 9.372 233.4C21.87 220.9 42.13 220.9 54.63 233.4L159.1 338.7L393.4 105.4C405.9 92.88 426.1 92.88 438.6 105.4H438.6z\"><\/path><\/svg><\/span><span class=\"uagb-icon-list__label\"><strong>Soins dentaires curatifs<\/strong><\/span><\/div>\n\n\n\n<div class=\"wp-block-uagb-icon-list-child uagb-block-be8e8361\"><span class=\"uagb-icon-list__source-wrap\"><svg xmlns=\"https:\/\/www.w3.org\/2000\/svg\" viewBox=\"0 0 448 512\"><path d=\"M438.6 105.4C451.1 117.9 451.1 138.1 438.6 150.6L182.6 406.6C170.1 419.1 149.9 419.1 137.4 406.6L9.372 278.6C-3.124 266.1-3.124 245.9 9.372 233.4C21.87 220.9 42.13 220.9 54.63 233.4L159.1 338.7L393.4 105.4C405.9 92.88 426.1 92.88 438.6 105.4H438.6z\"><\/path><\/svg><\/span><span class=\"uagb-icon-list__label\"><strong>Offres d&rsquo;abonnement r\u00e9gulier<\/strong><\/span><\/div>\n<\/div><\/div>\n\n\n\n<div class=\"wp-block-uagb-buttons uagb-buttons__outer-wrap uagb-btn__default-btn uagb-btn-tablet__default-btn uagb-btn-mobile__default-btn uagb-block-10f89359\"><div class=\"uagb-buttons__wrap uagb-buttons-layout-wrap\">\n<div class=\"wp-block-uagb-buttons-child uagb-buttons__outer-wrap uagb-block-f59ece0e wp-block-button\"><div class=\"uagb-button__wrapper\"><a class=\"uagb-buttons-repeater wp-block-button__link\" href=\"https:\/\/madagascar-design.com\/dentist-smv\/contact\/\" onclick=\"return true;\" rel=\"follow noopener\" target=\"_self\"><div class=\"uagb-button__link\">Contactez-nous<\/div><\/a><\/div><\/div>\n<\/div><\/div>\n<\/div>\n<\/div>\n\n\n\n<div class=\"wp-block-uagb-container uagb-block-27e6153e\"><\/div>\n<\/div><\/div>\n\n\n\n<div class=\"wp-block-uagb-container uagb-block-8d1105e3 alignfull uagb-is-root-container\"><div class=\"uagb-container-inner-blocks-wrap\">\n<div class=\"wp-block-uagb-container uagb-block-d4e57597\">\n<div class=\"wp-block-uagb-container uagb-block-f6699539\">\n<div class=\"wp-block-uagb-info-box uagb-block-eea8e810 uagb-infobox__content-wrap  uagb-infobox-icon-above-title uagb-infobox-image-valign-top\"><div class=\"uagb-ifb-content\"><div class=\"uagb-ifb-title-wrap\"><h2 class=\"uagb-ifb-title\">Proth\u00e8ses dentaires<\/h2><\/div><p class=\"uagb-ifb-desc\">Nous disposons de moyens techniques avanc\u00e9s pour concevoir, fabriquer et ajuster des proth\u00e8ses dentaires, y compris des dentiers complets ou partiels, ainsi que des couronnes et des ponts dentaires pour remplacer des dents manquantes.<\/p><\/div><\/div>\n\n\n\n<div class=\"wp-block-uagb-icon-list uagb-block-a7613b2b\"><div class=\"uagb-icon-list__wrap\">\n<div class=\"wp-block-uagb-icon-list-child uagb-block-7c8416ab\"><span class=\"uagb-icon-list__source-wrap\"><svg xmlns=\"https:\/\/www.w3.org\/2000\/svg\" viewBox=\"0 0 448 512\"><path d=\"M438.6 105.4C451.1 117.9 451.1 138.1 438.6 150.6L182.6 406.6C170.1 419.1 149.9 419.1 137.4 406.6L9.372 278.6C-3.124 266.1-3.124 245.9 9.372 233.4C21.87 220.9 42.13 220.9 54.63 233.4L159.1 338.7L393.4 105.4C405.9 92.88 426.1 92.88 438.6 105.4H438.6z\"><\/path><\/svg><\/span><span class=\"uagb-icon-list__label\">Dentiers complets ou partiels<\/span><\/div>\n\n\n\n<div class=\"wp-block-uagb-icon-list-child uagb-block-10f4202c\"><span class=\"uagb-icon-list__source-wrap\"><svg xmlns=\"https:\/\/www.w3.org\/2000\/svg\" viewBox=\"0 0 448 512\"><path d=\"M438.6 105.4C451.1 117.9 451.1 138.1 438.6 150.6L182.6 406.6C170.1 419.1 149.9 419.1 137.4 406.6L9.372 278.6C-3.124 266.1-3.124 245.9 9.372 233.4C21.87 220.9 42.13 220.9 54.63 233.4L159.1 338.7L393.4 105.4C405.9 92.88 426.1 92.88 438.6 105.4H438.6z\"><\/path><\/svg><\/span><span class=\"uagb-icon-list__label\">Couronnes<\/span><\/div>\n\n\n\n<div class=\"wp-block-uagb-icon-list-child uagb-block-2c7036a5\"><span class=\"uagb-icon-list__source-wrap\"><svg xmlns=\"https:\/\/www.w3.org\/2000\/svg\" viewBox=\"0 0 448 512\"><path d=\"M438.6 105.4C451.1 117.9 451.1 138.1 438.6 150.6L182.6 406.6C170.1 419.1 149.9 419.1 137.4 406.6L9.372 278.6C-3.124 266.1-3.124 245.9 9.372 233.4C21.87 220.9 42.13 220.9 54.63 233.4L159.1 338.7L393.4 105.4C405.9 92.88 426.1 92.88 438.6 105.4H438.6z\"><\/path><\/svg><\/span><span class=\"uagb-icon-list__label\">Ponts dentaires<\/span><\/div>\n<\/div><\/div>\n\n\n\n<div class=\"wp-block-uagb-buttons uagb-buttons__outer-wrap uagb-btn__default-btn uagb-btn-tablet__default-btn uagb-btn-mobile__default-btn uagb-block-7bdda755\"><div class=\"uagb-buttons__wrap uagb-buttons-layout-wrap\">\n<div class=\"wp-block-uagb-buttons-child uagb-buttons__outer-wrap uagb-block-9caadc8a wp-block-button\"><div class=\"uagb-button__wrapper\"><a class=\"uagb-buttons-repeater wp-block-button__link\" href=\"https:\/\/madagascar-design.com\/dentist-smv\/contact\/\" onclick=\"return true;\" rel=\"follow noopener\" target=\"_self\"><div class=\"uagb-button__link\">Contactez-nous<\/div><\/a><\/div><\/div>\n<\/div><\/div>\n<\/div>\n<\/div>\n\n\n\n<div class=\"wp-block-uagb-container uagb-block-098c056e\"><\/div>\n<\/div><\/div>\n\n\n\n<div class=\"wp-block-uagb-container uagb-block-2e8d9320 alignfull uagb-is-root-container\"><div class=\"uagb-container-inner-blocks-wrap\">\n<div class=\"wp-block-uagb-container uagb-block-6bc49789\">\n<div class=\"wp-block-uagb-container uagb-block-f51b1d2d\">\n<div class=\"wp-block-uagb-info-box uagb-block-ef121436 uagb-infobox__content-wrap  uagb-infobox-icon-above-title uagb-infobox-image-valign-top\"><div class=\"uagb-ifb-content\"><div class=\"uagb-ifb-title-wrap\"><h2 class=\"uagb-ifb-title\"><strong>Implants dentaires<\/strong><\/h2><\/div><p class=\"uagb-ifb-desc\">Notre service d&rsquo;implantologie dentaire professionnel allie l&rsquo;expertise de nos chirurgiens-dentistes exp\u00e9riment\u00e9s \u00e0 la technologie de pointe pour vous offrir des soins de la plus haute qualit\u00e9.<br><br>Les implants dentaires sont une solution r\u00e9volutionnaire pour remplacer les dents manquantes de mani\u00e8re permanente et naturelle. Nos sp\u00e9cialistes en implantologie dentaire sont form\u00e9s pour \u00e9valuer minutieusement votre situation et \u00e9laborer un plan de traitement sur mesure.<\/p><\/div><\/div>\n\n\n\n<div class=\"wp-block-uagb-icon-list uagb-block-ed59ab14\"><div class=\"uagb-icon-list__wrap\">\n<div class=\"wp-block-uagb-icon-list-child uagb-block-56c8537e\"><span class=\"uagb-icon-list__source-wrap\"><svg xmlns=\"https:\/\/www.w3.org\/2000\/svg\" viewBox=\"0 0 448 512\"><path d=\"M438.6 105.4C451.1 117.9 451.1 138.1 438.6 150.6L182.6 406.6C170.1 419.1 149.9 419.1 137.4 406.6L9.372 278.6C-3.124 266.1-3.124 245.9 9.372 233.4C21.87 220.9 42.13 220.9 54.63 233.4L159.1 338.7L393.4 105.4C405.9 92.88 426.1 92.88 438.6 105.4H438.6z\"><\/path><\/svg><\/span><span class=\"uagb-icon-list__label\"><strong>Consultation Compl\u00e8te<\/strong><\/span><\/div>\n\n\n\n<div class=\"wp-block-uagb-icon-list-child uagb-block-ee050e00\"><span class=\"uagb-icon-list__source-wrap\"><svg xmlns=\"https:\/\/www.w3.org\/2000\/svg\" viewBox=\"0 0 448 512\"><path d=\"M438.6 105.4C451.1 117.9 451.1 138.1 438.6 150.6L182.6 406.6C170.1 419.1 149.9 419.1 137.4 406.6L9.372 278.6C-3.124 266.1-3.124 245.9 9.372 233.4C21.87 220.9 42.13 220.9 54.63 233.4L159.1 338.7L393.4 105.4C405.9 92.88 426.1 92.88 438.6 105.4H438.6z\"><\/path><\/svg><\/span><span class=\"uagb-icon-list__label\"><strong>Planification Personnalis\u00e9e<\/strong><\/span><\/div>\n\n\n\n<div class=\"wp-block-uagb-icon-list-child uagb-block-c11ff328\"><span class=\"uagb-icon-list__source-wrap\"><svg xmlns=\"https:\/\/www.w3.org\/2000\/svg\" viewBox=\"0 0 448 512\"><path d=\"M438.6 105.4C451.1 117.9 451.1 138.1 438.6 150.6L182.6 406.6C170.1 419.1 149.9 419.1 137.4 406.6L9.372 278.6C-3.124 266.1-3.124 245.9 9.372 233.4C21.87 220.9 42.13 220.9 54.63 233.4L159.1 338.7L393.4 105.4C405.9 92.88 426.1 92.88 438.6 105.4H438.6z\"><\/path><\/svg><\/span><span class=\"uagb-icon-list__label\"><strong>Chirurgie Minutieuse<\/strong><\/span><\/div>\n\n\n\n<div class=\"wp-block-uagb-icon-list-child uagb-block-8a7c769f\"><span class=\"uagb-icon-list__source-wrap\"><svg xmlns=\"https:\/\/www.w3.org\/2000\/svg\" viewBox=\"0 0 448 512\"><path d=\"M438.6 105.4C451.1 117.9 451.1 138.1 438.6 150.6L182.6 406.6C170.1 419.1 149.9 419.1 137.4 406.6L9.372 278.6C-3.124 266.1-3.124 245.9 9.372 233.4C21.87 220.9 42.13 220.9 54.63 233.4L159.1 338.7L393.4 105.4C405.9 92.88 426.1 92.88 438.6 105.4H438.6z\"><\/path><\/svg><\/span><span class=\"uagb-icon-list__label\"><strong><strong>Phase de Gu\u00e9rison<\/strong><\/strong><\/span><\/div>\n\n\n\n<div class=\"wp-block-uagb-icon-list-child uagb-block-ce8a6724\"><span class=\"uagb-icon-list__source-wrap\"><svg xmlns=\"https:\/\/www.w3.org\/2000\/svg\" viewBox=\"0 0 448 512\"><path d=\"M438.6 105.4C451.1 117.9 451.1 138.1 438.6 150.6L182.6 406.6C170.1 419.1 149.9 419.1 137.4 406.6L9.372 278.6C-3.124 266.1-3.124 245.9 9.372 233.4C21.87 220.9 42.13 220.9 54.63 233.4L159.1 338.7L393.4 105.4C405.9 92.88 426.1 92.88 438.6 105.4H438.6z\"><\/path><\/svg><\/span><span class=\"uagb-icon-list__label\"><strong><strong><strong>Restauration Esth\u00e9tique<\/strong><\/strong><\/strong><\/span><\/div>\n<\/div><\/div>\n\n\n\n<div class=\"wp-block-uagb-buttons uagb-buttons__outer-wrap uagb-btn__default-btn uagb-btn-tablet__default-btn uagb-btn-mobile__default-btn uagb-block-8f46759f\"><div class=\"uagb-buttons__wrap uagb-buttons-layout-wrap\">\n<div class=\"wp-block-uagb-buttons-child uagb-buttons__outer-wrap uagb-block-e3b9226f wp-block-button\"><div class=\"uagb-button__wrapper\"><a class=\"uagb-buttons-repeater wp-block-button__link\" href=\"https:\/\/madagascar-design.com\/dentist-smv\/contact\/\" onclick=\"return true;\" rel=\"follow noopener\" target=\"_self\"><div class=\"uagb-button__link\">Contactez-nous<\/div><\/a><\/div><\/div>\n<\/div><\/div>\n<\/div>\n<\/div>\n\n\n\n<div class=\"wp-block-uagb-container uagb-block-327602a0\"><\/div>\n<\/div><\/div>\n\n\n\n<div class=\"wp-block-uagb-container uagb-block-166e4645 alignfull uagb-is-root-container\"><div class=\"uagb-container-inner-blocks-wrap\">\n<div class=\"wp-block-uagb-advanced-heading uagb-block-145001f4\"><p class=\"uagb-desc-text\">Souriez tout au long de l&rsquo;ann\u00e9e<\/p><h2 class=\"uagb-heading-text\">Des soins dentaires \u00e0 la carte<\/h2><\/div>\n\n\n\n<div class=\"wp-block-uagb-container uagb-block-d6395268\">\n<div class=\"wp-block-uagb-container uagb-block-84e98f8e\">\n<div class=\"wp-block-uagb-info-box uagb-block-c1f16520 uagb-infobox__content-wrap  uagb-infobox-icon-above-title uagb-infobox-image-valign-top\"><div class=\"uagb-ifb-content\"><div class=\"uagb-ifb-title-wrap\"><h3 class=\"uagb-ifb-title\">Abonnement soins pr\u00e9ventifs<\/h3><\/div><p class=\"uagb-ifb-desc\">Cela inclut les examens dentaires r\u00e9guliers, le nettoyage professionnel, et les conseils en mati\u00e8re d&rsquo;hygi\u00e8ne bucco-dentaire pour pr\u00e9venir les probl\u00e8mes dentaires.\u200b<\/p><div class=\"uagb-ifb-separator\"><\/div><\/div><\/div>\n\n\n\n<div class=\"wp-block-uagb-icon-list uagb-block-c5792aaa\"><div class=\"uagb-icon-list__wrap\">\n<div class=\"wp-block-uagb-icon-list-child uagb-block-af43c272\"><span class=\"uagb-icon-list__source-wrap\"><svg xmlns=\"https:\/\/www.w3.org\/2000\/svg\" viewBox=\"0 0 512 512\"><path d=\"M256 512C114.6 512 0 397.4 0 256C0 114.6 114.6 0 256 0C397.4 0 512 114.6 512 256C512 397.4 397.4 512 256 512zM232 256C232 264 236 271.5 242.7 275.1L338.7 339.1C349.7 347.3 364.6 344.3 371.1 333.3C379.3 322.3 376.3 307.4 365.3 300L280 243.2V120C280 106.7 269.3 96 255.1 96C242.7 96 231.1 106.7 231.1 120L232 256z\"><\/path><\/svg><\/span><span class=\"uagb-icon-list__label\">8:30 &#8211; 12:00<\/span><\/div>\n\n\n\n<div class=\"wp-block-uagb-icon-list-child uagb-block-0a99e754\"><span class=\"uagb-icon-list__source-wrap\"><svg xmlns=\"https:\/\/www.w3.org\/2000\/svg\" viewBox=\"0 0 384 512\"><path d=\"M64 240C46.33 240 32 225.7 32 208C32 190.3 46.33 176 64 176H92.29C121.9 92.11 201.1 32 296 32H320C337.7 32 352 46.33 352 64C352 81.67 337.7 96 320 96H296C238.1 96 187.8 128.4 162.1 176H288C305.7 176 320 190.3 320 208C320 225.7 305.7 240 288 240H144.2C144.1 242.6 144 245.3 144 248V264C144 266.7 144.1 269.4 144.2 272H288C305.7 272 320 286.3 320 304C320 321.7 305.7 336 288 336H162.1C187.8 383.6 238.1 416 296 416H320C337.7 416 352 430.3 352 448C352 465.7 337.7 480 320 480H296C201.1 480 121.9 419.9 92.29 336H64C46.33 336 32 321.7 32 304C32 286.3 46.33 272 64 272H80.15C80.05 269.3 80 266.7 80 264V248C80 245.3 80.05 242.7 80.15 240H64z\"><\/path><\/svg><\/span><span class=\"uagb-icon-list__label\">30\u20ac\/mo<\/span><\/div>\n<\/div><\/div>\n<\/div>\n\n\n\n<div class=\"wp-block-uagb-container uagb-block-12b96e91\">\n<div class=\"wp-block-uagb-info-box uagb-block-9f91fe8b uagb-infobox__content-wrap  uagb-infobox-icon-above-title uagb-infobox-image-valign-top\"><div class=\"uagb-ifb-content\"><div class=\"uagb-ifb-title-wrap\"><h3 class=\"uagb-ifb-title\">Abonnement soins curatifs<\/h3><\/div><p class=\"uagb-ifb-desc\">Ceux-ci comprennent le traitement des caries, le traitement de canal, le traitement parodontal (pour les probl\u00e8mes de gencives), et l&rsquo;extraction dentaire lorsque cela est n\u00e9cessaire.\u200b<\/p><div class=\"uagb-ifb-separator\"><\/div><\/div><\/div>\n\n\n\n<div class=\"wp-block-uagb-icon-list uagb-block-b50334db\"><div class=\"uagb-icon-list__wrap\">\n<div class=\"wp-block-uagb-icon-list-child uagb-block-3ccf0d1d\"><span class=\"uagb-icon-list__source-wrap\"><svg xmlns=\"https:\/\/www.w3.org\/2000\/svg\" viewBox=\"0 0 512 512\"><path d=\"M256 512C114.6 512 0 397.4 0 256C0 114.6 114.6 0 256 0C397.4 0 512 114.6 512 256C512 397.4 397.4 512 256 512zM232 256C232 264 236 271.5 242.7 275.1L338.7 339.1C349.7 347.3 364.6 344.3 371.1 333.3C379.3 322.3 376.3 307.4 365.3 300L280 243.2V120C280 106.7 269.3 96 255.1 96C242.7 96 231.1 106.7 231.1 120L232 256z\"><\/path><\/svg><\/span><span class=\"uagb-icon-list__label\">8:30 &#8211; 3:30<\/span><\/div>\n\n\n\n<div class=\"wp-block-uagb-icon-list-child uagb-block-215b8fae\"><span class=\"uagb-icon-list__source-wrap\"><svg xmlns=\"https:\/\/www.w3.org\/2000\/svg\" viewBox=\"0 0 384 512\"><path d=\"M64 240C46.33 240 32 225.7 32 208C32 190.3 46.33 176 64 176H92.29C121.9 92.11 201.1 32 296 32H320C337.7 32 352 46.33 352 64C352 81.67 337.7 96 320 96H296C238.1 96 187.8 128.4 162.1 176H288C305.7 176 320 190.3 320 208C320 225.7 305.7 240 288 240H144.2C144.1 242.6 144 245.3 144 248V264C144 266.7 144.1 269.4 144.2 272H288C305.7 272 320 286.3 320 304C320 321.7 305.7 336 288 336H162.1C187.8 383.6 238.1 416 296 416H320C337.7 416 352 430.3 352 448C352 465.7 337.7 480 320 480H296C201.1 480 121.9 419.9 92.29 336H64C46.33 336 32 321.7 32 304C32 286.3 46.33 272 64 272H80.15C80.05 269.3 80 266.7 80 264V248C80 245.3 80.05 242.7 80.15 240H64z\"><\/path><\/svg><\/span><span class=\"uagb-icon-list__label\">100\u20ac\/mo<\/span><\/div>\n<\/div><\/div>\n<\/div>\n\n\n\n<div class=\"wp-block-uagb-container uagb-block-eaa98491\">\n<div class=\"wp-block-uagb-info-box uagb-block-ecce2d0e uagb-infobox__content-wrap  uagb-infobox-icon-above-title uagb-infobox-image-valign-top\"><div class=\"uagb-ifb-content\"><div class=\"uagb-ifb-title-wrap\"><h3 class=\"uagb-ifb-title\">Proth\u00e8ses dentaires<\/h3><\/div><p class=\"uagb-ifb-desc\">Que ce soit pour des proth\u00e8ses partielles, des dentiers complets, des couronnes dentaires ou des bridges, notre \u00e9quipe de proth\u00e9sistes dentaires hautement qualifi\u00e9s travaille en \u00e9troite collaboration avec les dentistes pour garantir un ajustement pr\u00e9cis et un r\u00e9sultat naturel.<\/p><div class=\"uagb-ifb-separator\"><\/div><\/div><\/div>\n\n\n\n<div class=\"wp-block-uagb-icon-list uagb-block-9611079d\"><div class=\"uagb-icon-list__wrap\">\n<div class=\"wp-block-uagb-icon-list-child uagb-block-8f8d97f3\"><span class=\"uagb-icon-list__source-wrap\"><svg xmlns=\"https:\/\/www.w3.org\/2000\/svg\" viewBox=\"0 0 512 512\"><path d=\"M256 512C114.6 512 0 397.4 0 256C0 114.6 114.6 0 256 0C397.4 0 512 114.6 512 256C512 397.4 397.4 512 256 512zM232 256C232 264 236 271.5 242.7 275.1L338.7 339.1C349.7 347.3 364.6 344.3 371.1 333.3C379.3 322.3 376.3 307.4 365.3 300L280 243.2V120C280 106.7 269.3 96 255.1 96C242.7 96 231.1 106.7 231.1 120L232 256z\"><\/path><\/svg><\/span><span class=\"uagb-icon-list__label\">8:30 &#8211; 5:30<\/span><\/div>\n\n\n\n<div class=\"wp-block-uagb-icon-list-child uagb-block-6280da71\"><span class=\"uagb-icon-list__source-wrap\"><svg xmlns=\"https:\/\/www.w3.org\/2000\/svg\" viewBox=\"0 0 384 512\"><path d=\"M64 240C46.33 240 32 225.7 32 208C32 190.3 46.33 176 64 176H92.29C121.9 92.11 201.1 32 296 32H320C337.7 32 352 46.33 352 64C352 81.67 337.7 96 320 96H296C238.1 96 187.8 128.4 162.1 176H288C305.7 176 320 190.3 320 208C320 225.7 305.7 240 288 240H144.2C144.1 242.6 144 245.3 144 248V264C144 266.7 144.1 269.4 144.2 272H288C305.7 272 320 286.3 320 304C320 321.7 305.7 336 288 336H162.1C187.8 383.6 238.1 416 296 416H320C337.7 416 352 430.3 352 448C352 465.7 337.7 480 320 480H296C201.1 480 121.9 419.9 92.29 336H64C46.33 336 32 321.7 32 304C32 286.3 46.33 272 64 272H80.15C80.05 269.3 80 266.7 80 264V248C80 245.3 80.05 242.7 80.15 240H64z\"><\/path><\/svg><\/span><span class=\"uagb-icon-list__label\">\u00e0 partir de 1200\u20ac<\/span><\/div>\n<\/div><\/div>\n<\/div>\n<\/div>\n\n\n\n<div class=\"wp-block-uagb-advanced-heading uagb-block-f090ed83\"><p class=\"uagb-heading-text\">Contactez-nous d\u00e8s aujourd&rsquo;hui pour planifier votre consultation et commencer votre voyage vers un sourire radieux et fonctionnel qui dure toute une vie. Votre avenir souriant commence ici.<\/p><\/div>\n\n\n\n<div class=\"wp-block-uagb-buttons uagb-buttons__outer-wrap uagb-btn__default-btn uagb-btn-tablet__default-btn uagb-btn-mobile__default-btn uagb-block-89f62bba\"><div class=\"uagb-buttons__wrap uagb-buttons-layout-wrap\">\n<div class=\"wp-block-uagb-buttons-child uagb-buttons__outer-wrap uagb-block-f1540135 wp-block-button is-style-outline\"><div class=\"uagb-button__wrapper\"><a class=\"uagb-buttons-repeater wp-block-button__link\" href=\"https:\/\/madagascar-design.com\/dentist-smv\/contact\/\" onclick=\"return true;\" rel=\"follow noopener\" target=\"_self\"><div class=\"uagb-button__link\">Prenez RDV<\/div><\/a><\/div><\/div>\n<\/div><\/div>\n<\/div><\/div>\n","protected":false},"excerpt":{"rendered":"<p>Services Souriez tout au long de l&rsquo;ann\u00e9e Des soins dentaires \u00e0 la carte Contactez-nous d\u00e8s aujourd&rsquo;hui pour planifier votre consultation et commencer votre voyage vers un sourire radieux et fonctionnel qui dure toute une vie. Votre avenir souriant commence ici.<\/p>\n","protected":false},"author":1,"featured_media":0,"parent":0,"menu_order":0,"comment_status":"closed","ping_status":"closed","template":"","meta":{"_uag_custom_page_level_css":"","site-sidebar-layout":"default","site-content-layout":"","ast-site-content-layout":"default","site-content-style":"default","site-sidebar-style":"default","ast-global-header-display":"","ast-banner-title-visibility":"","ast-main-header-display":"","ast-hfb-above-header-display":"","ast-hfb-below-header-display":"","ast-hfb-mobile-header-display":"","site-post-title":"","ast-breadcrumbs-content":"","ast-featured-img":"","footer-sml-layout":"","theme-transparent-header-meta":"","adv-header-id-meta":"","stick-header-meta":"","header-above-stick-meta":"","header-main-stick-meta":"","header-below-stick-meta":"","astra-migrate-meta-layouts":"set","footnotes":""},"class_list":["post-883","page","type-page","status-publish","hentry"],"uagb_featured_image_src":{"full":false,"thumbnail":false,"medium":false,"medium_large":false,"large":false,"1536x1536":false,"2048x2048":false},"uagb_author_info":{"display_name":"webmaster","author_link":"https:\/\/madagascar-design.com\/dentist-smv\/author\/webmaster\/"},"uagb_comment_info":0,"uagb_excerpt":"Services Souriez tout au long de l&rsquo;ann\u00e9e Des soins dentaires \u00e0 la carte Contactez-nous d\u00e8s aujourd&rsquo;hui pour planifier votre consultation et commencer votre voyage vers un sourire radieux et fonctionnel qui dure toute une vie. Votre avenir souriant commence ici.","_links":{"self":[{"href":"https:\/\/madagascar-design.com\/dentist-smv\/wp-json\/wp\/v2\/pages\/883","targetHints":{"allow":["GET"]}}],"collection":[{"href":"https:\/\/madagascar-design.com\/dentist-smv\/wp-json\/wp\/v2\/pages"}],"about":[{"href":"https:\/\/madagascar-design.com\/dentist-smv\/wp-json\/wp\/v2\/types\/page"}],"author":[{"embeddable":true,"href":"https:\/\/madagascar-design.com\/dentist-smv\/wp-json\/wp\/v2\/users\/1"}],"replies":[{"embeddable":true,"href":"https:\/\/madagascar-design.com\/dentist-smv\/wp-json\/wp\/v2\/comments?post=883"}],"version-history":[{"count":25,"href":"https:\/\/madagascar-design.com\/dentist-smv\/wp-json\/wp\/v2\/pages\/883\/revisions"}],"predecessor-version":[{"id":1096,"href":"https:\/\/madagascar-design.com\/dentist-smv\/wp-json\/wp\/v2\/pages\/883\/revisions\/1096"}],"wp:attachment":[{"href":"https:\/\/madagascar-design.com\/dentist-smv\/wp-json\/wp\/v2\/media?parent=883"}],"curies":[{"name":"wp","href":"https:\/\/api.w.org\/{rel}","templated":true}]}}