{"id":808,"date":"2023-09-12T15:01:05","date_gmt":"2023-09-12T13:01:05","guid":{"rendered":"http:\/\/madagascar-design.com\/dentist-smv\/?page_id=808"},"modified":"2023-09-28T11:39:17","modified_gmt":"2023-09-28T09:39:17","slug":"a-propos","status":"publish","type":"page","link":"https:\/\/madagascar-design.com\/dentist-smv\/a-propos\/","title":{"rendered":"A propos"},"content":{"rendered":"\n<div class=\"wp-block-uagb-container uagb-block-1f54725c alignfull uagb-is-root-container\"><div class=\"uagb-container-inner-blocks-wrap\">\n<div class=\"wp-block-uagb-container uagb-block-ca5b3353\">\n<div class=\"wp-block-uagb-advanced-heading uagb-block-ab3fb5c0\"><h1 class=\"uagb-heading-text\">A propos<\/h1><\/div>\n<\/div>\n\n\n\n<div class=\"wp-block-uagb-container uagb-block-406be3d7\">\n<div class=\"wp-block-uagb-advanced-heading uagb-block-45d73215\"><h5 class=\"uagb-heading-text\">Prenez un RDV<\/h5><\/div>\n\n\n\n<div class=\"wp-block-uagb-advanced-heading uagb-block-6d0f6c01\"><h3 class=\"uagb-heading-text\">+33 1 04 05 02 332\u200b<\/h3><\/div>\n<\/div>\n<\/div><\/div>\n\n\n\n<div class=\"wp-block-uagb-container uagb-block-a79bbcd0 alignfull uagb-is-root-container\"><div class=\"uagb-container-inner-blocks-wrap\">\n<div class=\"wp-block-uagb-advanced-heading uagb-block-84f814f5\"><p class=\"uagb-desc-text\">Soins complets &#8211; Technologies avanc\u00e9es<\/p><h1 class=\"uagb-heading-text\">Consultez-nous d\u00e8s aujourd&rsquo;hui pour des soins dentaires exceptionnels<\/h1><\/div>\n\n\n\n<div class=\"wp-block-uagb-container uagb-block-dfef776f\">\n<div class=\"wp-block-uagb-container uagb-block-3eb5150e\">\n<div class=\"wp-block-uagb-image uagb-block-1c91ce91 wp-block-uagb-image--layout-default wp-block-uagb-image--effect-static wp-block-uagb-image--align-none\"><figure class=\"wp-block-uagb-image__figure\"><img decoding=\"async\" srcset=\"https:\/\/madagascar-design.com\/dentist-smv\/wp-content\/uploads\/2023\/09\/dentistes-2.jpeg \" sizes=\"auto, (max-width: 480px) 150px\" src=\"https:\/\/madagascar-design.com\/dentist-smv\/wp-content\/uploads\/2023\/09\/dentistes-2.jpeg\" alt=\"\" class=\"uag-image-963\" width=\"600\" height=\"600\" title=\"\" loading=\"lazy\"\/><\/figure><\/div>\n<\/div>\n\n\n\n<div class=\"wp-block-uagb-container uagb-block-0807ea80\">\n<div class=\"wp-block-uagb-advanced-heading uagb-block-f6675afe\"><h3 class=\"uagb-heading-text\">Des plans de traitement sur mesure<\/h3><p class=\"uagb-desc-text\">Bienvenue \u00e0 la Clinique Dentaire Dent&rsquo;Art &amp; Proth\u00e8se, votre destination de choix pour une dentisterie sp\u00e9cialis\u00e9e de haute qualit\u00e9. Notre mission est de cr\u00e9er des sourires \u00e9clatants tout en assurant une sant\u00e9 bucco-dentaire optimale gr\u00e2ce \u00e0 des soins dentaires complets et \u00e0 une expertise de pointe en proth\u00e8se dentaire.<br><br>Notre \u00e9quipe de dentistes hautement qualifi\u00e9s, d&rsquo;hygi\u00e9nistes dentaires attentionn\u00e9es et de sp\u00e9cialistes en proth\u00e8se dentaire travaillent de concert pour vous offrir une gamme compl\u00e8te de services, allant des soins de routine \u00e0 la restauration complexe de votre sourire. <br><\/p><\/div>\n<\/div>\n<\/div>\n<\/div><\/div>\n\n\n\n<div class=\"wp-block-uagb-container uagb-block-a4fd6341 alignfull uagb-is-root-container\"><div class=\"uagb-container-inner-blocks-wrap\">\n<div class=\"wp-block-uagb-container uagb-block-a1d31e07\">\n<div class=\"wp-block-uagb-advanced-heading uagb-block-c4303f02\"><h2 class=\"uagb-heading-text\">Soins Dentaires de Confiance<\/h2><p class=\"uagb-desc-text\">Nous nous engageons \u00e0 maintenir les plus hauts standards de qualit\u00e9. Nous utilisons des technologies de pointe pour garantir des diagnostics pr\u00e9cis et des traitements efficaces.<br><br>Notre clinique est con\u00e7ue pour offrir \u00e0 nos patients un environnement confortable et apaisant, o\u00f9 le bien-\u00eatre du patient est au c\u0153ur de nos pr\u00e9occupations.<\/p><\/div>\n<\/div>\n\n\n\n<div class=\"wp-block-uagb-container uagb-block-a0ba220c\">\n<div class=\"wp-block-uagb-image aligncenter uagb-block-36311273 wp-block-uagb-image--layout-default wp-block-uagb-image--effect-static wp-block-uagb-image--align-center\"><figure class=\"wp-block-uagb-image__figure\"><img decoding=\"async\" srcset=\"https:\/\/madagascar-design.com\/dentist-smv\/wp-content\/uploads\/2023\/09\/dentaire-3.jpeg \" sizes=\"auto, (max-width: 480px) 150px\" src=\"https:\/\/madagascar-design.com\/dentist-smv\/wp-content\/uploads\/2023\/09\/dentaire-3.jpeg\" alt=\"\" class=\"uag-image-966\" width=\"320\" height=\"440\" title=\"\" loading=\"lazy\"\/><\/figure><\/div>\n<\/div>\n\n\n\n<div class=\"wp-block-uagb-container uagb-block-2089278f\">\n<div class=\"wp-block-uagb-info-box uagb-block-55905abe uagb-infobox__content-wrap  uagb-infobox-icon-above-title uagb-infobox-image-valign-top\"><div class=\"uagb-ifb-content\"><div class=\"uagb-ifb-icon-wrap\"><svg xmlns=\"https:\/\/www.w3.org\/2000\/svg\" viewBox=\"0 0 448 512\"><path d=\"M96 224C84.72 224 74.05 226.3 64 229.9V224c0-35.3 28.7-64 64-64c17.67 0 32-14.33 32-32S145.7 96 128 96C57.42 96 0 153.4 0 224v96c0 53.02 42.98 96 96 96s96-42.98 96-96S149 224 96 224zM352 224c-11.28 0-21.95 2.305-32 5.879V224c0-35.3 28.7-64 64-64c17.67 0 32-14.33 32-32s-14.33-32-32-32c-70.58 0-128 57.42-128 128v96c0 53.02 42.98 96 96 96s96-42.98 96-96S405 224 352 224z\"><\/path><\/svg><\/div><div class=\"uagb-ifb-title-wrap\"><p class=\"uagb-ifb-title\">Votre sourire m\u00e9rite le meilleur. C&rsquo;est pourquoi nous nous engageons \u00e0 fournir des soins dentaires de classe mondiale \u00e0 chaque patient.<\/p><\/div><\/div><\/div>\n\n\n\n<div class=\"wp-block-uagb-info-box uagb-block-1ed667b4 uagb-infobox__content-wrap  uagb-infobox-icon-above-title uagb-infobox-image-valign-top\"><div class=\"uagb-ifb-content\"><div class=\"uagb-ifb-title-wrap\"><h5 class=\"uagb-ifb-title\">Ursulla BEAUDIERE<\/h5><\/div><\/div><\/div>\n\n\n\n<p>&#8211; Directrice g\u00e9n\u00e9rale<\/p>\n<\/div>\n<\/div><\/div>\n\n\n\n<div class=\"wp-block-uagb-container uagb-block-6795bc4b alignfull uagb-is-root-container\"><div class=\"uagb-container-inner-blocks-wrap\">\n<div class=\"wp-block-uagb-container uagb-block-f858d1f2\">\n<div class=\"wp-block-uagb-info-box uagb-block-d650850b uagb-infobox__content-wrap  uagb-infobox-icon-above-title uagb-infobox-image-valign-top\"><div class=\"uagb-ifb-content\"><div class=\"uagb-ifb-image-content\"><img decoding=\"async\" src=\"http:\/\/madagascar-design.com\/dentist-smv\/wp-content\/uploads\/2023\/09\/soin-complet-150x150.png\" alt=\"\" width=\"41\" height=\"41\" loading=\"lazy\"\/><\/div><div class=\"uagb-ifb-title-wrap\"><h4 class=\"uagb-ifb-title\">Soins complets<\/h4><\/div><p class=\"uagb-ifb-desc\">Offre de soins dentaires de routine, de proth\u00e8ses, d&rsquo;orthodontie, de chirurgie buccale, etc.<\/p><\/div><\/div>\n<\/div>\n\n\n\n<div class=\"wp-block-uagb-container uagb-block-d644becf\">\n<div class=\"wp-block-uagb-info-box uagb-block-73df4223 uagb-infobox__content-wrap  uagb-infobox-icon-above-title uagb-infobox-image-valign-top\"><div class=\"uagb-ifb-content\"><div class=\"uagb-ifb-image-content\"><img decoding=\"async\" src=\"http:\/\/madagascar-design.com\/dentist-smv\/wp-content\/uploads\/2023\/09\/confort-patient-150x150.png\" alt=\"\" width=\"41\" height=\"41\" loading=\"lazy\"\/><\/div><div class=\"uagb-ifb-title-wrap\"><h4 class=\"uagb-ifb-title\">Confort du patient<\/h4><\/div><p class=\"uagb-ifb-desc\">Un environnement accueillant, des proc\u00e9dures indolores, et une \u00e9quipe attentionn\u00e9e.<\/p><\/div><\/div>\n<\/div>\n\n\n\n<div class=\"wp-block-uagb-container uagb-block-3c8d770a\">\n<div class=\"wp-block-uagb-info-box uagb-block-ece560e1 uagb-infobox__content-wrap  uagb-infobox-icon-above-title uagb-infobox-image-valign-top\"><div class=\"uagb-ifb-content\"><div class=\"uagb-ifb-image-content\"><img decoding=\"async\" src=\"http:\/\/madagascar-design.com\/dentist-smv\/wp-content\/uploads\/2023\/09\/accessibilite-150x150.png\" alt=\"\" width=\"41\" height=\"41\" loading=\"lazy\"\/><\/div><div class=\"uagb-ifb-title-wrap\"><h4 class=\"uagb-ifb-title\">Accessibilit\u00e9<\/h4><\/div><p class=\"uagb-ifb-desc\">Des horaires flexibles et des options de financement pour faciliter l&rsquo;acc\u00e8s aux soins.<\/p><\/div><\/div>\n<\/div>\n<\/div><\/div>\n\n\n\n<div class=\"wp-block-uagb-container uagb-block-67bec61e alignfull uagb-is-root-container\"><div class=\"uagb-container-inner-blocks-wrap\">\n<div class=\"wp-block-uagb-container uagb-block-4b312c1f\">\n<div class=\"wp-block-uagb-advanced-heading uagb-block-48cf8dce\"><p class=\"uagb-desc-text\">Une \u00e9quipe de professionnels d\u00e9vou\u00e9s<\/p><h2 class=\"uagb-heading-text\">Votre bien-\u00eatre oral, notre expertise.<\/h2><\/div>\n\n\n\n<div class=\"wp-block-uagb-container uagb-block-2c476ebe\">\n<div class=\"wp-block-uagb-container uagb-block-d93b45e5\">\n<div class=\"wp-block-uagb-info-box uagb-block-b0c11007 uagb-infobox__content-wrap  uagb-infobox-icon-above-title uagb-infobox-image-valign-top\"><div class=\"uagb-ifb-content\"><div class=\"uagb-ifb-image-content\"><img decoding=\"async\" src=\"http:\/\/madagascar-design.com\/dentist-smv\/wp-content\/uploads\/2023\/09\/docteur1.jpeg\" alt=\"\" width=\"288\" height=\"412\" loading=\"lazy\"\/><\/div><div class=\"uagb-ifb-title-wrap\"><h5 class=\"uagb-ifb-title\">Dr Lisa LECLERC<\/h5><\/div><p class=\"uagb-ifb-desc\">Orthodontiste <\/p><\/div><\/div>\n<\/div>\n\n\n\n<div class=\"wp-block-uagb-container uagb-block-3032c3ef\">\n<div class=\"wp-block-uagb-info-box uagb-block-e6fae8c1 uagb-infobox__content-wrap  uagb-infobox-icon-above-title uagb-infobox-image-valign-top\"><div class=\"uagb-ifb-content\"><div class=\"uagb-ifb-image-content\"><img decoding=\"async\" src=\"http:\/\/madagascar-design.com\/dentist-smv\/wp-content\/uploads\/2023\/09\/docteur2.jpeg\" alt=\"\" width=\"288\" height=\"412\" loading=\"lazy\"\/><\/div><div class=\"uagb-ifb-title-wrap\"><h5 class=\"uagb-ifb-title\">Dr Patrick BAILLARD<\/h5><\/div><p class=\"uagb-ifb-desc\">Chirurgien Dentiste<\/p><\/div><\/div>\n<\/div>\n\n\n\n<div class=\"wp-block-uagb-container uagb-block-65035aab\">\n<div class=\"wp-block-uagb-info-box uagb-block-7d468913 uagb-infobox__content-wrap  uagb-infobox-icon-above-title uagb-infobox-image-valign-top\"><div class=\"uagb-ifb-content\"><div class=\"uagb-ifb-image-content\"><img decoding=\"async\" src=\"http:\/\/madagascar-design.com\/dentist-smv\/wp-content\/uploads\/2023\/09\/docteur3.jpeg\" alt=\"\" width=\"288\" height=\"412\" loading=\"lazy\"\/><\/div><div class=\"uagb-ifb-title-wrap\"><h5 class=\"uagb-ifb-title\">Dr Claudine LAFAIETTE<\/h5><\/div><p class=\"uagb-ifb-desc\"><strong>Proth\u00e9siste dentaire<\/strong> <\/p><\/div><\/div>\n<\/div>\n<\/div>\n<\/div>\n<\/div><\/div>\n\n\n\n<div class=\"wp-block-uagb-container uagb-block-3645bfff alignfull uagb-is-root-container\"><div class=\"uagb-container-inner-blocks-wrap\">\n<div class=\"wp-block-uagb-advanced-heading uagb-block-2b1b7259\"><h6 class=\"uagb-heading-text\">AVIS CLIENT<\/h6><\/div>\n\n\n\n<div class=\"wp-block-uagb-container uagb-block-f8ca30ee\">\n<div class=\"wp-block-uagb-container uagb-block-382124c3\">\n<div class=\"wp-block-uagb-image uagb-block-37500b72 wp-block-uagb-image--layout-default wp-block-uagb-image--effect-static wp-block-uagb-image--align-none\"><figure class=\"wp-block-uagb-image__figure\"><img decoding=\"async\" srcset=\"https:\/\/madagascar-design.com\/dentist-smv\/wp-content\/uploads\/2023\/09\/dentistes-2.jpg \" sizes=\"auto, (max-width: 480px) 150px\" src=\"https:\/\/madagascar-design.com\/dentist-smv\/wp-content\/uploads\/2023\/09\/dentistes-2.jpg\" alt=\"\" class=\"uag-image-967\" width=\"320\" height=\"480\" title=\"\" loading=\"lazy\"\/><\/figure><\/div>\n<\/div>\n\n\n\n<div class=\"wp-block-uagb-container uagb-block-346f99d4\">\n<div class=\"wp-block-uagb-info-box uagb-block-5f7c3da1 uagb-infobox__content-wrap  uagb-infobox-icon-above-title uagb-infobox-image-valign-top\"><div class=\"uagb-ifb-content\"><div class=\"uagb-ifb-icon-wrap\"><svg xmlns=\"https:\/\/www.w3.org\/2000\/svg\" viewBox=\"0 0 448 512\"><path d=\"M96 224C84.72 224 74.05 226.3 64 229.9V224c0-35.3 28.7-64 64-64c17.67 0 32-14.33 32-32S145.7 96 128 96C57.42 96 0 153.4 0 224v96c0 53.02 42.98 96 96 96s96-42.98 96-96S149 224 96 224zM352 224c-11.28 0-21.95 2.305-32 5.879V224c0-35.3 28.7-64 64-64c17.67 0 32-14.33 32-32s-14.33-32-32-32c-70.58 0-128 57.42-128 128v96c0 53.02 42.98 96 96 96s96-42.98 96-96S405 224 352 224z\"><\/path><\/svg><\/div><div class=\"uagb-ifb-title-wrap\"><p class=\"uagb-ifb-title\">Les soins dentaires sont g\u00e9n\u00e9ralement une source de stress pour moi, mais cette clinique a r\u00e9ussi \u00e0 me faire me sentir \u00e0 l\u2019aise et d\u00e9tendu \u00e0 chaque visite. Je ne les remercierai jamais assez.<\/p><\/div><p class=\"uagb-ifb-desc\">Evelyne DELACRE<\/p><\/div><\/div>\n<\/div>\n<\/div>\n<\/div><\/div>\n\n\n\n<div class=\"wp-block-uagb-container uagb-block-d7d1f1a1 alignfull uagb-is-root-container\"><div class=\"uagb-container-inner-blocks-wrap\">\n<div class=\"wp-block-uagb-info-box uagb-block-824f5012 uagb-infobox__content-wrap  uagb-infobox-icon-above-title uagb-infobox-image-valign-top\"><div class=\"uagb-ifb-content\"><div class=\"uagb-ifb-title-wrap\"><h1 class=\"uagb-ifb-title\">L&rsquo;\u00e9quipe de dentistes \u00e0 votre service.<\/h1><\/div><p class=\"uagb-ifb-desc\">Joignez-nous d\u00e8s \u00e0 pr\u00e9sent pour r\u00e9server votre consultation gratuite.<\/p><div class=\"uagb-ifb-button-wrapper wp-block-button\"><a href=\"https:\/\/madagascar-design.com\/dentist-smv\/contact\/\" class=\"uagb-infobox-cta-link wp-block-button__link\" target=\"_self\" rel=\"noopener noreferrer\" onclick=\"return true;\" alt=\"\"><span class=\"uagb-inline-editing\">Prenez RDV<\/span><\/a><\/div><\/div><\/div>\n<\/div><\/div>\n","protected":false},"excerpt":{"rendered":"<p>A propos Prenez un RDV +33 1 04 05 02 332\u200b Soins complets &#8211; Technologies avanc\u00e9es Consultez-nous d\u00e8s aujourd&rsquo;hui pour des soins dentaires exceptionnels Des plans de traitement sur mesure Bienvenue \u00e0 la Clinique Dentaire Dent&rsquo;Art &amp; Proth\u00e8se, votre destination de choix pour une dentisterie sp\u00e9cialis\u00e9e de haute qualit\u00e9. Notre mission est de cr\u00e9er des &hellip;<\/p>\n<p class=\"read-more\"> <a class=\"\" href=\"https:\/\/madagascar-design.com\/dentist-smv\/a-propos\/\"> <span class=\"screen-reader-text\">A propos<\/span> Lire la suite\u00a0\u00bb<\/a><\/p>\n","protected":false},"author":1,"featured_media":0,"parent":0,"menu_order":0,"comment_status":"closed","ping_status":"closed","template":"","meta":{"_uag_custom_page_level_css":"","site-sidebar-layout":"default","site-content-layout":"","ast-site-content-layout":"default","site-content-style":"default","site-sidebar-style":"default","ast-global-header-display":"","ast-banner-title-visibility":"","ast-main-header-display":"","ast-hfb-above-header-display":"","ast-hfb-below-header-display":"","ast-hfb-mobile-header-display":"","site-post-title":"","ast-breadcrumbs-content":"","ast-featured-img":"","footer-sml-layout":"","theme-transparent-header-meta":"","adv-header-id-meta":"","stick-header-meta":"","header-above-stick-meta":"","header-main-stick-meta":"","header-below-stick-meta":"","astra-migrate-meta-layouts":"set","footnotes":""},"class_list":["post-808","page","type-page","status-publish","hentry"],"uagb_featured_image_src":{"full":false,"thumbnail":false,"medium":false,"medium_large":false,"large":false,"1536x1536":false,"2048x2048":false},"uagb_author_info":{"display_name":"webmaster","author_link":"https:\/\/madagascar-design.com\/dentist-smv\/author\/webmaster\/"},"uagb_comment_info":0,"uagb_excerpt":"A propos Prenez un RDV +33 1 04 05 02 332\u200b Soins complets &#8211; Technologies avanc\u00e9es Consultez-nous d\u00e8s aujourd&rsquo;hui pour des soins dentaires exceptionnels Des plans de traitement sur mesure Bienvenue \u00e0 la Clinique Dentaire Dent&rsquo;Art &amp; Proth\u00e8se, votre destination de choix pour une dentisterie sp\u00e9cialis\u00e9e de haute qualit\u00e9. Notre mission est de cr\u00e9er des\u2026","_links":{"self":[{"href":"https:\/\/madagascar-design.com\/dentist-smv\/wp-json\/wp\/v2\/pages\/808","targetHints":{"allow":["GET"]}}],"collection":[{"href":"https:\/\/madagascar-design.com\/dentist-smv\/wp-json\/wp\/v2\/pages"}],"about":[{"href":"https:\/\/madagascar-design.com\/dentist-smv\/wp-json\/wp\/v2\/types\/page"}],"author":[{"embeddable":true,"href":"https:\/\/madagascar-design.com\/dentist-smv\/wp-json\/wp\/v2\/users\/1"}],"replies":[{"embeddable":true,"href":"https:\/\/madagascar-design.com\/dentist-smv\/wp-json\/wp\/v2\/comments?post=808"}],"version-history":[{"count":29,"href":"https:\/\/madagascar-design.com\/dentist-smv\/wp-json\/wp\/v2\/pages\/808\/revisions"}],"predecessor-version":[{"id":1095,"href":"https:\/\/madagascar-design.com\/dentist-smv\/wp-json\/wp\/v2\/pages\/808\/revisions\/1095"}],"wp:attachment":[{"href":"https:\/\/madagascar-design.com\/dentist-smv\/wp-json\/wp\/v2\/media?parent=808"}],"curies":[{"name":"wp","href":"https:\/\/api.w.org\/{rel}","templated":true}]}}