{"id":409,"date":"2020-09-10T06:53:58","date_gmt":"2020-09-10T04:53:58","guid":{"rendered":"http:\/\/madagascar-design.com\/dentist-smv\/home\/"},"modified":"2023-09-28T11:38:02","modified_gmt":"2023-09-28T09:38:02","slug":"accueil","status":"publish","type":"page","link":"https:\/\/madagascar-design.com\/dentist-smv\/","title":{"rendered":"Accueil"},"content":{"rendered":"\n<div class=\"wp-block-uagb-container uagb-block-4741146c alignfull uagb-is-root-container\"><div class=\"uagb-container-inner-blocks-wrap\">\n<div class=\"wp-block-uagb-container uagb-block-22006212\">\n<div class=\"wp-block-uagb-advanced-heading uagb-block-5dff5586\"><h4 class=\"uagb-heading-text\">\u00c9clat Dentaire &#8211; Expertise et Perfection<\/h4><div class=\"uagb-separator\"><\/div><\/div>\n\n\n\n<div class=\"wp-block-uagb-advanced-heading uagb-block-5ec14308\"><h1 class=\"uagb-heading-text\">Votre confort et votre sant\u00e9 bucco-dentaire sont notre priorit\u00e9 absolue. <\/h1><\/div>\n<\/div>\n\n\n\n<div class=\"wp-block-uagb-container uagb-block-94d08aa5\">\n<div class=\"wp-block-uagb-advanced-heading uagb-block-3c4599fe\"><h4 class=\"uagb-heading-text\">Prenez RDV<\/h4><div class=\"uagb-separator\"><\/div><\/div>\n\n\n<div class=\"wpforms-container wpforms-block wpforms-block-d97b0dbf-c6c9-47da-a482-835fe80a57fa\" id=\"wpforms-6\"><form id=\"wpforms-form-6\" class=\"wpforms-validate wpforms-form\" data-formid=\"6\" method=\"post\" enctype=\"multipart\/form-data\" action=\"\/dentist-smv\/wp-json\/wp\/v2\/pages\/409\" data-token=\"c33877909cdba363ed0369f64189efc5\"><noscript class=\"wpforms-error-noscript\">Veuillez activer JavaScript dans votre navigateur pour remplir ce formulaire.<\/noscript><div class=\"wpforms-field-container\"><div id=\"wpforms-6-field_0-container\" class=\"wpforms-field wpforms-field-name\" data-field-id=\"0\"><label class=\"wpforms-field-label wpforms-label-hide\" for=\"wpforms-6-field_0\">Nom <span class=\"wpforms-required-label\">*<\/span><\/label><div class=\"wpforms-field-row wpforms-field-large\"><div class=\"wpforms-field-row-block wpforms-first wpforms-one-half\"><input type=\"text\" id=\"wpforms-6-field_0\" class=\"wpforms-field-name-first wpforms-field-required\" name=\"wpforms[fields][0][first]\" placeholder=\"Nom\" required><label for=\"wpforms-6-field_0\" class=\"wpforms-field-sublabel after wpforms-sublabel-hide\">Pr\u00e9nom<\/label><\/div><div class=\"wpforms-field-row-block wpforms-one-half\"><input type=\"text\" id=\"wpforms-6-field_0-last\" class=\"wpforms-field-name-last wpforms-field-required\" name=\"wpforms[fields][0][last]\" placeholder=\"Prenom\" required><label for=\"wpforms-6-field_0-last\" class=\"wpforms-field-sublabel after wpforms-sublabel-hide\">Nom<\/label><\/div><\/div><\/div><div id=\"wpforms-6-field_3-container\" class=\"wpforms-field wpforms-field-text\" data-field-id=\"3\"><label class=\"wpforms-field-label wpforms-label-hide\" for=\"wpforms-6-field_3\">Telephone <span class=\"wpforms-required-label\">*<\/span><\/label><input type=\"text\" id=\"wpforms-6-field_3\" class=\"wpforms-field-large wpforms-field-required\" name=\"wpforms[fields][3]\" placeholder=\"T\u00e9lephone\" required><\/div><div id=\"wpforms-6-field_1-container\" class=\"wpforms-field wpforms-field-email\" data-field-id=\"1\"><label class=\"wpforms-field-label wpforms-label-hide\" for=\"wpforms-6-field_1\">Email <span class=\"wpforms-required-label\">*<\/span><\/label><input type=\"email\" id=\"wpforms-6-field_1\" class=\"wpforms-field-large wpforms-field-required\" name=\"wpforms[fields][1]\" placeholder=\"Email\" spellcheck=\"false\" required><\/div><div id=\"wpforms-6-field_2-container\" class=\"wpforms-field wpforms-field-textarea\" data-field-id=\"2\"><label class=\"wpforms-field-label wpforms-label-hide\" for=\"wpforms-6-field_2\">Message <span class=\"wpforms-required-label\">*<\/span><\/label><textarea id=\"wpforms-6-field_2\" class=\"wpforms-field-medium wpforms-field-required\" name=\"wpforms[fields][2]\" placeholder=\"Message\" required><\/textarea><\/div><\/div><!-- .wpforms-field-container --><div class=\"wpforms-field wpforms-field-hp\"><label for=\"wpforms-6-field-hp\" class=\"wpforms-field-label\">Message<\/label><input type=\"text\" name=\"wpforms[hp]\" id=\"wpforms-6-field-hp\" class=\"wpforms-field-medium\"><\/div><div class=\"wpforms-submit-container\" ><input type=\"hidden\" name=\"wpforms[id]\" value=\"6\"><input type=\"hidden\" name=\"wpforms[author]\" value=\"1\"><button type=\"submit\" name=\"wpforms[submit]\" id=\"wpforms-submit-6\" class=\"wpforms-submit\" data-alt-text=\"Sending...\" data-submit-text=\"Envoyer\" aria-live=\"assertive\" value=\"wpforms-submit\">Envoyer<\/button><\/div><\/form><\/div>  <!-- .wpforms-container --><\/div>\n<\/div><\/div>\n\n\n\n<div id=\"about\" class=\"wp-block-uagb-container uagb-block-022e4851 alignfull uagb-is-root-container\"><div class=\"uagb-container-inner-blocks-wrap\">\n<div class=\"wp-block-uagb-container uagb-block-e9f98931\">\n<div class=\"wp-block-uagb-image uagb-block-6fe9a579 wp-block-uagb-image--layout-default wp-block-uagb-image--effect-static wp-block-uagb-image--align-none\"><figure class=\"wp-block-uagb-image__figure\"><img decoding=\"async\" srcset=\"https:\/\/madagascar-design.com\/dentist-smv\/wp-content\/uploads\/2023\/09\/dent.jpg \" sizes=\"auto, (max-width: 480px) 150px\" src=\"https:\/\/madagascar-design.com\/dentist-smv\/wp-content\/uploads\/2023\/09\/dent.jpg\" alt=\"\" class=\"uag-image-800\" width=\"500\" height=\"600\" title=\"\" loading=\"lazy\"\/><\/figure><\/div>\n\n\n\n<div class=\"wp-block-uagb-image alignright uagb-block-dec73cc5 wp-block-uagb-image--layout-default wp-block-uagb-image--effect-static wp-block-uagb-image--align-right\"><figure class=\"wp-block-uagb-image__figure\"><img decoding=\"async\" srcset=\"https:\/\/madagascar-design.com\/dentist-smv\/wp-content\/uploads\/2023\/09\/dentistes-1-2.jpeg \" sizes=\"auto, (max-width: 480px) 150px\" src=\"https:\/\/madagascar-design.com\/dentist-smv\/wp-content\/uploads\/2023\/09\/dentistes-1-2.jpeg\" alt=\"\" class=\"uag-image-957\" width=\"200\" height=\"300\" title=\"\" loading=\"lazy\"\/><\/figure><\/div>\n<\/div>\n\n\n\n<div class=\"wp-block-uagb-container uagb-block-fa6dac93\">\n<div class=\"wp-block-uagb-info-box uagb-block-0ba85773 uagb-infobox__content-wrap  uagb-infobox-icon-above-title uagb-infobox-image-valign-top\"><div class=\"uagb-ifb-content\"><div class=\"uagb-ifb-title-wrap\"><h2 class=\"uagb-ifb-title\">Des solutions sur mesure pour des sourires uniques\u200b<\/h2><\/div><div class=\"uagb-ifb-separator\"><\/div><p class=\"uagb-ifb-desc\">Notre mission est de cr\u00e9er des sourires radieux et de restaurer la confiance de nos patients gr\u00e2ce \u00e0 des soins dentaires personnalis\u00e9s et \u00e0 la pointe de la technologie. Nous comprenons que chaque sourire est unique, c&rsquo;est pourquoi notre \u00e9quipe d\u00e9vou\u00e9e de dentistes et de sp\u00e9cialistes en proth\u00e8se dentaire travaille en collaboration pour concevoir des solutions sur mesure qui r\u00e9pondent \u00e0 vos besoins sp\u00e9cifiques.<br><br>Nous croyons que le confort du patient est essentiel pour des soins dentaires r\u00e9ussis, c&rsquo;est pourquoi nous mettons tout en \u0153uvre pour que votre visite soit agr\u00e9able et d\u00e9tendue.<\/p><div class=\"uagb-ifb-button-wrapper wp-block-button\"><a href=\"https:\/\/madagascar-design.com\/dentist-smv\/a-propos\/\" class=\"uagb-infobox-cta-link wp-block-button__link\" target=\"_self\" rel=\"noopener noreferrer\" onclick=\"return true;\" alt=\"\"><span class=\"uagb-inline-editing\">En savoir plus<\/span><\/a><\/div><\/div><\/div>\n<\/div>\n<\/div><\/div>\n\n\n\n<div class=\"wp-block-uagb-container uagb-block-c854d785 alignfull uagb-is-root-container\"><div class=\"uagb-container-inner-blocks-wrap\">\n<div class=\"wp-block-uagb-container uagb-block-1af7d822\">\n<div class=\"wp-block-uagb-container uagb-block-7ecc3546\">\n<div class=\"wp-block-uagb-advanced-heading uagb-block-0b9f45a6\"><h3 class=\"uagb-heading-text\">Appelez-nous pour une consultation gratuite\u200b<\/h3><p class=\"uagb-desc-text\">Que vous ayez besoin de soins dentaires de routine, de r\u00e9parations proth\u00e9tiques ou de solutions plus avanc\u00e9es pour restaurer votre sourire, notre clinique est \u00e9quip\u00e9e des derni\u00e8res avanc\u00e9es technologiques pour vous offrir des r\u00e9sultats remarquables.<\/p><\/div>\n<\/div>\n\n\n\n<div class=\"wp-block-uagb-container uagb-block-a12f3337\">\n<div class=\"wp-block-uagb-buttons uagb-buttons__outer-wrap uagb-btn__default-btn uagb-btn-tablet__default-btn uagb-btn-mobile__default-btn uagb-block-1402d9bd\"><div class=\"uagb-buttons__wrap uagb-buttons-layout-wrap\">\n<div class=\"wp-block-uagb-buttons-child uagb-buttons__outer-wrap uagb-block-e2f936e1 wp-block-button is-style-outline\"><div class=\"uagb-button__wrapper\"><a class=\"uagb-buttons-repeater wp-block-button__link\" href=\"#\" onclick=\"return false;\" rel=\"follow noopener\" target=\"_self\"><div class=\"uagb-button__link\">Appelez le +33 1 04 05 02 332<\/div><\/a><\/div><\/div>\n<\/div><\/div>\n<\/div>\n<\/div>\n<\/div><\/div>\n\n\n\n<div id=\"procedures\" class=\"wp-block-uagb-container uagb-block-bab325b7 alignfull uagb-is-root-container\"><div class=\"uagb-container-inner-blocks-wrap\">\n<div class=\"wp-block-uagb-advanced-heading uagb-block-e2344a42\"><h2 class=\"uagb-heading-text\">Un historique de r\u00e9sultats positifs et de patients satisfaits <\/h2><div class=\"uagb-separator\"><\/div><p class=\"uagb-desc-text\">Chez Dent&rsquo;Art &amp; Proth\u00e8se, nous croyons que la sant\u00e9 bucco-dentaire est la cl\u00e9 d&rsquo;une vie \u00e9panouissante. Nous sommes ici pour vous aider \u00e0 atteindre et \u00e0 maintenir cette sant\u00e9, tout en vous offrant un sourire \u00e9clatant qui refl\u00e8te votre beaut\u00e9 int\u00e9rieure.<\/p><\/div>\n\n\n\n<div class=\"wp-block-uagb-container uagb-block-2007c228\">\n<div class=\"wp-block-uagb-container uagb-block-7c2e7a33\">\n<div class=\"wp-block-uagb-info-box uagb-block-a28acd89 uagb-infobox__content-wrap  uagb-infobox-icon-above-title uagb-infobox-image-valign-top\"><div class=\"uagb-ifb-content\"><div class=\"uagb-ifb-image-content\"><img decoding=\"async\" src=\"http:\/\/madagascar-design.com\/dentist-smv\/wp-content\/uploads\/2023\/09\/blanchiment-dent.png\" alt=\"Blanchiment de dent\" width=\"14\" height=\"14\" loading=\"lazy\"\/><\/div><div class=\"uagb-ifb-title-wrap\"><h4 class=\"uagb-ifb-title\">Blanchiment dentaire<\/h4><\/div><p class=\"uagb-ifb-desc\">R\u00e9v\u00e9lez l&rsquo;\u00e9clat naturel de votre sourire avec notre expertise en blanchiment dentaire, pour des dents plus blanches et une confiance in\u00e9gal\u00e9e.<\/p><\/div><\/div>\n<\/div>\n\n\n\n<div class=\"wp-block-uagb-container uagb-block-a807def5\">\n<div class=\"wp-block-uagb-info-box uagb-block-d22f275a uagb-infobox__content-wrap  uagb-infobox-icon-above-title uagb-infobox-image-valign-top\"><div class=\"uagb-ifb-content\"><div class=\"uagb-ifb-image-content\"><img decoding=\"async\" src=\"http:\/\/madagascar-design.com\/dentist-smv\/wp-content\/uploads\/2023\/09\/imagerie-x-ray-dent.png\" alt=\"imagerie x ray dent\" width=\"14\" height=\"14\" loading=\"lazy\"\/><\/div><div class=\"uagb-ifb-title-wrap\"><h4 class=\"uagb-ifb-title\">Imagerie X-Rays\u200b<\/h4><\/div><p class=\"uagb-ifb-desc\">D\u00e9couvrez la clart\u00e9 en profondeur avec notre clinique d&rsquo;imagerie X-ray, o\u00f9 chaque d\u00e9tail compte pour un diagnostic pr\u00e9cis.<\/p><\/div><\/div>\n<\/div>\n\n\n\n<div class=\"wp-block-uagb-container uagb-block-7188beaa\">\n<div class=\"wp-block-uagb-info-box uagb-block-3f481879 uagb-infobox__content-wrap  uagb-infobox-icon-above-title uagb-infobox-image-valign-top\"><div class=\"uagb-ifb-content\"><div class=\"uagb-ifb-image-content\"><img decoding=\"async\" src=\"http:\/\/madagascar-design.com\/dentist-smv\/wp-content\/uploads\/2023\/09\/implant-dentaire.png\" alt=\"implant dentaire\" width=\"14\" height=\"14\" loading=\"lazy\"\/><\/div><div class=\"uagb-ifb-title-wrap\"><h4 class=\"uagb-ifb-title\">Implants\u200b dentaires<\/h4><\/div><p class=\"uagb-ifb-desc\">Reconstruisez votre sourire, votre confiance, et votre qualit\u00e9 de vie avec nos implants dentaires de pointe.<\/p><\/div><\/div>\n<\/div>\n<\/div>\n<\/div><\/div>\n\n\n\n<div id=\"reviews\" class=\"wp-block-uagb-container uagb-block-8818c973 alignfull uagb-is-root-container\"><div class=\"uagb-container-inner-blocks-wrap\">\n<div class=\"wp-block-uagb-advanced-heading uagb-block-18d69f43\"><h2 class=\"uagb-heading-text\">T\u00e9moignages<\/h2><div class=\"uagb-separator\"><\/div><\/div>\n<\/div><\/div>\n\n\n\n<div class=\"wp-block-uagb-container uagb-block-4d15bae9 alignfull uagb-is-root-container\"><div class=\"uagb-container-inner-blocks-wrap\">\n<div class=\"wp-block-uagb-container uagb-block-66494c45\">\n<div class=\"wp-block-uagb-testimonial uagb-slick-carousel uagb-tm__arrow-outside uagb-block-0446af21 uagb-post__carousel_notset uagb-post__carousel_notset-tablet uagb-post__carousel_notset-mobile\"><div class=\"is-carousel uagb-tm__columns-1 uagb-tm__items\"><div class=\"uagb-testimonial__wrap  uagb-tm__imgicon-style-circle uagb-tm__image-position-top uagb-tm__bg-type-none \"><div class=\"uagb-tm__content\"><div class=\"uagb-tm__overlay\"><\/div><div class=\"uagb-tm__image-content\"><div class=\"uagb-tm__image\"><img decoding=\"async\" class=\"uagb-tm-img-src\" src=\"http:\/\/madagascar-design.com\/dentist-smv\/wp-content\/uploads\/2023\/09\/Sans-titre-4-150x150.jpeg\" alt=\"\" width=\"102\" height=\"102\" loading=\"lazy\"\/><\/div><\/div><div class=\"uagb-tm__text-wrap\"><div class=\"uagb-tm__desc\">Les soins dentaires sont g\u00e9n\u00e9ralement une source de stress pour moi, mais cette clinique a r\u00e9ussi \u00e0 me faire me sentir \u00e0 l&rsquo;aise et d\u00e9tendu \u00e0 chaque visite. Je ne les remercierai jamais assez.<\/div><div class=\"uagb-tm__meta-inner\"><div class=\"uagb-testimonial-details\"><span class=\"uagb-tm__author-name\">Evelyne DELACRE<\/span><span class=\"uagb-tm__company\"><\/span><\/div><\/div><\/div><\/div><\/div><\/div><\/div>\n\n\n\n<div class=\"wp-block-uagb-star-rating uagb-block-89afeb85\"><div class=\"uag-star-rating\" title=\"5\/5\"><span class=\"uag-star\">\u2605<\/span><span class=\"uag-star\">\u2605<\/span><span class=\"uag-star\">\u2605<\/span><span class=\"uag-star\">\u2605<\/span><span class=\"uag-star\">\u2605<\/span><\/div><\/div>\n<\/div>\n\n\n\n<div class=\"wp-block-uagb-container uagb-block-64c6608c\">\n<div class=\"wp-block-uagb-container uagb-block-55907e8c\">\n<div class=\"wp-block-uagb-container uagb-block-f94329d4\">\n<div class=\"wp-block-uagb-image aligncenter uagb-block-38f03592 wp-block-uagb-image--layout-default wp-block-uagb-image--effect-static wp-block-uagb-image--align-center\"><figure class=\"wp-block-uagb-image__figure\"><img decoding=\"async\" srcset=\"https:\/\/madagascar-design.com\/dentist-smv\/wp-content\/uploads\/2023\/09\/Sans-titre-3-150x150.jpeg \" sizes=\"auto, (max-width: 480px) 150px\" src=\"https:\/\/madagascar-design.com\/dentist-smv\/wp-content\/uploads\/2023\/09\/Sans-titre-3-150x150.jpeg\" alt=\"\" class=\"uag-image-991\" width=\"75\" height=\"75\" title=\"\" loading=\"lazy\"\/><\/figure><\/div>\n<\/div>\n\n\n\n<div class=\"wp-block-uagb-container uagb-block-4cb66db1\">\n<div class=\"wp-block-uagb-info-box uagb-block-7836dd7f uagb-infobox__content-wrap  uagb-infobox-icon-above-title uagb-infobox-image-valign-top\"><div class=\"uagb-ifb-content\"><div class=\"uagb-ifb-title-wrap\"><span class=\"uagb-ifb-title-prefix\">Je suis impressionn\u00e9 par l&rsquo;attention aux d\u00e9tails et le professionnalisme de l&rsquo;\u00e9quipe. Mes soins dentaires ont \u00e9t\u00e9 impeccables.<\/span><h4 class=\"uagb-ifb-title\">Michelle AURORE<\/h4><\/div><\/div><\/div>\n\n\n\n<div class=\"wp-block-uagb-star-rating uagb-block-cc62d3f1\"><div class=\"uag-star-rating\" title=\"5\/5\"><span class=\"uag-star\">\u2605<\/span><span class=\"uag-star\">\u2605<\/span><span class=\"uag-star\">\u2605<\/span><span class=\"uag-star\">\u2605<\/span><span class=\"uag-star\">\u2605<\/span><\/div><\/div>\n<\/div>\n<\/div>\n\n\n\n<div class=\"wp-block-uagb-container uagb-block-65b2ea44\">\n<div class=\"wp-block-uagb-container uagb-block-2ab10014\">\n<div class=\"wp-block-uagb-image aligncenter uagb-block-0e2fbc30 wp-block-uagb-image--layout-default wp-block-uagb-image--effect-static wp-block-uagb-image--align-center\"><figure class=\"wp-block-uagb-image__figure\"><img decoding=\"async\" srcset=\"https:\/\/madagascar-design.com\/dentist-smv\/wp-content\/uploads\/2023\/09\/dentist.jpeg \" sizes=\"auto, (max-width: 480px) 150px\" src=\"https:\/\/madagascar-design.com\/dentist-smv\/wp-content\/uploads\/2023\/09\/dentist.jpeg\" alt=\"\" class=\"uag-image-992\" width=\"75\" height=\"75\" title=\"\" loading=\"lazy\"\/><\/figure><\/div>\n<\/div>\n\n\n\n<div class=\"wp-block-uagb-container uagb-block-21422b5a\">\n<div class=\"wp-block-uagb-info-box uagb-block-082a3537 uagb-infobox__content-wrap  uagb-infobox-icon-above-title uagb-infobox-image-valign-top\"><div class=\"uagb-ifb-content\"><div class=\"uagb-ifb-title-wrap\"><span class=\"uagb-ifb-title-prefix\">Le personnel \u00e9tait tellement attentionn\u00e9 et pr\u00e9venant. Je me suis senti \u00e0 l&rsquo;aise d\u00e8s la premi\u00e8re visite, et mes probl\u00e8mes dentaires ont \u00e9t\u00e9 r\u00e9solus de mani\u00e8re efficace et confortable.<\/span><h4 class=\"uagb-ifb-title\">Nicole Martinez\u200b<\/h4><\/div><\/div><\/div>\n\n\n\n<div class=\"wp-block-uagb-star-rating uagb-block-7504e15d\"><div class=\"uag-star-rating\" title=\"5\/5\"><span class=\"uag-star\">\u2605<\/span><span class=\"uag-star\">\u2605<\/span><span class=\"uag-star\">\u2605<\/span><span class=\"uag-star\">\u2605<\/span><span class=\"uag-star\">\u2605<\/span><\/div><\/div>\n<\/div>\n<\/div>\n<\/div>\n<\/div><\/div>\n\n\n\n<div class=\"wp-block-uagb-container uagb-block-9d6e1207 alignfull uagb-is-root-container\"><div class=\"uagb-container-inner-blocks-wrap\">\n<div class=\"wp-block-uagb-advanced-heading uagb-block-3e62937e\"><h4 class=\"uagb-heading-text\">Suivez-nous \u200b<\/h4><div class=\"uagb-separator\"><\/div><\/div>\n\n\n\n<div class=\"wp-block-uagb-social-share uagb-social-share__outer-wrap uagb-social-share__layout-horizontal uagb-block-f0f058c8\">\n<div class=\"wp-block-uagb-social-share-child uagb-ss-repeater uagb-ss__wrapper uagb-block-1e406764\"><span class=\"uagb-ss__link\" data-href=\"https:\/\/www.facebook.com\/sharer.php?u=\" tabindex=\"0\" role=\"button\" aria-label=\"facebook\"><span class=\"uagb-ss__source-wrap\"><span class=\"uagb-ss__source-icon\"><svg xmlns=\"https:\/\/www.w3.org\/2000\/svg\" viewBox=\"0 0 512 512\"><path d=\"M504 256C504 119 393 8 256 8S8 119 8 256c0 123.8 90.69 226.4 209.3 245V327.7h-63V256h63v-54.64c0-62.15 37-96.48 93.67-96.48 27.14 0 55.52 4.84 55.52 4.84v61h-31.28c-30.8 0-40.41 19.12-40.41 38.73V256h68.78l-11 71.69h-57.78V501C413.3 482.4 504 379.8 504 256z\"><\/path><\/svg><\/span><\/span><\/span><\/div>\n\n\n\n<div class=\"wp-block-uagb-social-share-child uagb-ss-repeater uagb-ss__wrapper uagb-block-d599449c\"><span class=\"uagb-ss__link\" data-href=\"https:\/\/twitter.com\/share?url=\" tabindex=\"0\" role=\"button\" aria-label=\"twitter\"><span class=\"uagb-ss__source-wrap\"><span class=\"uagb-ss__source-icon\"><svg xmlns=\"https:\/\/www.w3.org\/2000\/svg\" viewBox=\"0 0 512 512\"><path d=\"M459.4 151.7c.325 4.548 .325 9.097 .325 13.65 0 138.7-105.6 298.6-298.6 298.6-59.45 0-114.7-17.22-161.1-47.11 8.447 .974 16.57 1.299 25.34 1.299 49.06 0 94.21-16.57 130.3-44.83-46.13-.975-84.79-31.19-98.11-72.77 6.498 .974 12.99 1.624 19.82 1.624 9.421 0 18.84-1.3 27.61-3.573-48.08-9.747-84.14-51.98-84.14-102.1v-1.299c13.97 7.797 30.21 12.67 47.43 13.32-28.26-18.84-46.78-51.01-46.78-87.39 0-19.49 5.197-37.36 14.29-52.95 51.65 63.67 129.3 105.3 216.4 109.8-1.624-7.797-2.599-15.92-2.599-24.04 0-57.83 46.78-104.9 104.9-104.9 30.21 0 57.5 12.67 76.67 33.14 23.72-4.548 46.46-13.32 66.6-25.34-7.798 24.37-24.37 44.83-46.13 57.83 21.12-2.273 41.58-8.122 60.43-16.24-14.29 20.79-32.16 39.31-52.63 54.25z\"><\/path><\/svg><\/span><\/span><\/span><\/div>\n\n\n\n<div class=\"wp-block-uagb-social-share-child uagb-ss-repeater uagb-ss__wrapper uagb-block-1d10ce58\"><span class=\"uagb-ss__link\" data-href=\"https:\/\/pinterest.com\/pin\/create\/link\/?url=\" tabindex=\"0\" role=\"button\" aria-label=\"pinterest\"><span class=\"uagb-ss__source-wrap\"><span class=\"uagb-ss__source-icon\"><svg xmlns=\"https:\/\/www.w3.org\/2000\/svg\" viewBox=\"0 0 448 512\"><path d=\"M224.1 141c-63.6 0-114.9 51.3-114.9 114.9s51.3 114.9 114.9 114.9S339 319.5 339 255.9 287.7 141 224.1 141zm0 189.6c-41.1 0-74.7-33.5-74.7-74.7s33.5-74.7 74.7-74.7 74.7 33.5 74.7 74.7-33.6 74.7-74.7 74.7zm146.4-194.3c0 14.9-12 26.8-26.8 26.8-14.9 0-26.8-12-26.8-26.8s12-26.8 26.8-26.8 26.8 12 26.8 26.8zm76.1 27.2c-1.7-35.9-9.9-67.7-36.2-93.9-26.2-26.2-58-34.4-93.9-36.2-37-2.1-147.9-2.1-184.9 0-35.8 1.7-67.6 9.9-93.9 36.1s-34.4 58-36.2 93.9c-2.1 37-2.1 147.9 0 184.9 1.7 35.9 9.9 67.7 36.2 93.9s58 34.4 93.9 36.2c37 2.1 147.9 2.1 184.9 0 35.9-1.7 67.7-9.9 93.9-36.2 26.2-26.2 34.4-58 36.2-93.9 2.1-37 2.1-147.8 0-184.8zM398.8 388c-7.8 19.6-22.9 34.7-42.6 42.6-29.5 11.7-99.5 9-132.1 9s-102.7 2.6-132.1-9c-19.6-7.8-34.7-22.9-42.6-42.6-11.7-29.5-9-99.5-9-132.1s-2.6-102.7 9-132.1c7.8-19.6 22.9-34.7 42.6-42.6 29.5-11.7 99.5-9 132.1-9s102.7-2.6 132.1 9c19.6 7.8 34.7 22.9 42.6 42.6 11.7 29.5 9 99.5 9 132.1s2.7 102.7-9 132.1z\"><\/path><\/svg><\/span><\/span><\/span><\/div>\n<\/div>\n<\/div><\/div>\n\n\n\n<div class=\"wp-block-uagb-container uagb-block-4ea0e1fd alignfull uagb-is-root-container\"><div class=\"uagb-container-inner-blocks-wrap\">\n<div class=\"wp-block-uagb-info-box uagb-block-7c9212f5 uagb-infobox__content-wrap  uagb-infobox-icon-above-title uagb-infobox-image-valign-top\"><div class=\"uagb-ifb-content\"><div class=\"uagb-ifb-title-wrap\"><h2 class=\"uagb-ifb-title\">Prenez le premier pas vers un sourire en pleine sant\u00e9\u200b<\/h2><\/div><div class=\"uagb-ifb-separator\"><\/div><p class=\"uagb-ifb-desc\">Avec des traitements rapides, s\u00fbrs et efficaces, nous sommes l\u00e0 pour vous aider \u00e0 obtenir un sourire radieux qui vous fera briller. D\u00e9couvrez une nouvelle confiance en vous et r\u00e9veillez votre sourire \u00e0 notre clinique de blanchiment dentaire.<\/p><div class=\"uagb-ifb-button-wrapper wp-block-button\"><a href=\"https:\/\/madagascar-design.com\/dentist-smv\/contact\/\" class=\"uagb-infobox-cta-link wp-block-button__link\" target=\"_self\" rel=\"noopener noreferrer\" onclick=\"return true;\" alt=\"\"><span class=\"uagb-inline-editing\">Contactez-nous !<\/span><\/a><\/div><\/div><\/div>\n<\/div><\/div>\n\n\n\n<div id=\"contact\" class=\"wp-block-uagb-container uagb-block-e0efc6a4 alignfull uagb-is-root-container\"><div class=\"uagb-container-inner-blocks-wrap\">\t\t\t<div \n\t\t\tclass=\"wp-block-uagb-google-map uagb-google-map__wrap uagb-block-4e4776f6    \"\n\t\t\tstyle=\"\" >\n\t\t\t\t<iframe\n\t\t\t\t\tclass=\"uagb-google-map__iframe\"\n\t\t\t\t\ttitle=\"Google Map for \"\n\t\t\t\t\tsrc=\"https:\/\/maps.google.com\/maps?q=Brainstorm%20Force&#038;z=16&#038;hl=en&#038;t=m&#038;output=embed&#038;iwloc=near\"\n\t\t\t\t\twidth=\"640\"\n\t\t\t\t\theight=\"400\"\n\t\t\t\t\tloading=\"lazy\"\n\t\t\t\t><\/iframe>\n\t\t\t<\/div>\n\t\t\t<\/div><\/div>\n","protected":false},"excerpt":{"rendered":"<p>\u00c9clat Dentaire &#8211; Expertise et Perfection Votre confort et votre sant\u00e9 bucco-dentaire sont notre priorit\u00e9 absolue. Prenez RDV Appelez-nous pour une consultation gratuite\u200b Que vous ayez besoin de soins dentaires de routine, de r\u00e9parations proth\u00e9tiques ou de solutions plus avanc\u00e9es pour restaurer votre sourire, notre clinique est \u00e9quip\u00e9e des derni\u00e8res avanc\u00e9es technologiques pour vous offrir &hellip;<\/p>\n<p class=\"read-more\"> <a class=\"\" href=\"https:\/\/madagascar-design.com\/dentist-smv\/\"> <span class=\"screen-reader-text\">Accueil<\/span> Lire la suite\u00a0\u00bb<\/a><\/p>\n","protected":false},"author":1,"featured_media":0,"parent":0,"menu_order":0,"comment_status":"closed","ping_status":"closed","template":"","meta":{"_uag_custom_page_level_css":"","site-sidebar-layout":"no-sidebar","site-content-layout":"plain-container","ast-site-content-layout":"normal-width-container","site-content-style":"unboxed","site-sidebar-style":"unboxed","ast-global-header-display":"","ast-banner-title-visibility":"","ast-main-header-display":"","ast-hfb-above-header-display":"","ast-hfb-below-header-display":"","ast-hfb-mobile-header-display":"","site-post-title":"disabled","ast-breadcrumbs-content":"","ast-featured-img":"disabled","footer-sml-layout":"","theme-transparent-header-meta":"default","adv-header-id-meta":"","stick-header-meta":"","header-above-stick-meta":"","header-main-stick-meta":"","header-below-stick-meta":"","astra-migrate-meta-layouts":"set","footnotes":""},"class_list":["post-409","page","type-page","status-publish","hentry"],"uagb_featured_image_src":{"full":false,"thumbnail":false,"medium":false,"medium_large":false,"large":false,"1536x1536":false,"2048x2048":false},"uagb_author_info":{"display_name":"webmaster","author_link":"https:\/\/madagascar-design.com\/dentist-smv\/author\/webmaster\/"},"uagb_comment_info":0,"uagb_excerpt":"\u00c9clat Dentaire &#8211; Expertise et Perfection Votre confort et votre sant\u00e9 bucco-dentaire sont notre priorit\u00e9 absolue. Prenez RDV Appelez-nous pour une consultation gratuite\u200b Que vous ayez besoin de soins dentaires de routine, de r\u00e9parations proth\u00e9tiques ou de solutions plus avanc\u00e9es pour restaurer votre sourire, notre clinique est \u00e9quip\u00e9e des derni\u00e8res avanc\u00e9es technologiques pour vous offrir\u2026","_links":{"self":[{"href":"https:\/\/madagascar-design.com\/dentist-smv\/wp-json\/wp\/v2\/pages\/409","targetHints":{"allow":["GET"]}}],"collection":[{"href":"https:\/\/madagascar-design.com\/dentist-smv\/wp-json\/wp\/v2\/pages"}],"about":[{"href":"https:\/\/madagascar-design.com\/dentist-smv\/wp-json\/wp\/v2\/types\/page"}],"author":[{"embeddable":true,"href":"https:\/\/madagascar-design.com\/dentist-smv\/wp-json\/wp\/v2\/users\/1"}],"replies":[{"embeddable":true,"href":"https:\/\/madagascar-design.com\/dentist-smv\/wp-json\/wp\/v2\/comments?post=409"}],"version-history":[{"count":35,"href":"https:\/\/madagascar-design.com\/dentist-smv\/wp-json\/wp\/v2\/pages\/409\/revisions"}],"predecessor-version":[{"id":1099,"href":"https:\/\/madagascar-design.com\/dentist-smv\/wp-json\/wp\/v2\/pages\/409\/revisions\/1099"}],"wp:attachment":[{"href":"https:\/\/madagascar-design.com\/dentist-smv\/wp-json\/wp\/v2\/media?parent=409"}],"curies":[{"name":"wp","href":"https:\/\/api.w.org\/{rel}","templated":true}]}}