{"id":1044,"date":"2023-09-28T08:44:47","date_gmt":"2023-09-28T06:44:47","guid":{"rendered":"https:\/\/madagascar-design.com\/dentist-smv\/?page_id=1044"},"modified":"2023-09-28T11:49:37","modified_gmt":"2023-09-28T09:49:37","slug":"temoignages","status":"publish","type":"page","link":"https:\/\/madagascar-design.com\/dentist-smv\/temoignages\/","title":{"rendered":"T\u00e9moignages"},"content":{"rendered":"\n<div class=\"wp-block-uagb-container uagb-block-1f54725c alignfull uagb-is-root-container\"><div class=\"uagb-container-inner-blocks-wrap\">\n<div class=\"wp-block-uagb-container uagb-block-ca5b3353\">\n<div class=\"wp-block-uagb-advanced-heading uagb-block-ab3fb5c0\"><h1 class=\"uagb-heading-text\">T\u00e9moignages<\/h1><\/div>\n<\/div>\n\n\n\n<div class=\"wp-block-uagb-container uagb-block-406be3d7\"><\/div>\n<\/div><\/div>\n\n\n\n<div class=\"wp-block-uagb-container uagb-block-14c937e2 alignfull uagb-is-root-container\"><div class=\"uagb-container-inner-blocks-wrap\">\n<div class=\"wp-block-uagb-container uagb-block-82c350ee alignfull uagb-is-root-container\"><div class=\"uagb-container-inner-blocks-wrap\">\n<div class=\"wp-block-uagb-container uagb-block-3970a56d\">\n<div class=\"wp-block-uagb-container uagb-block-04b8b0ab\">\n<div class=\"wp-block-uagb-info-box uagb-block-6ac0ca95 uagb-infobox__content-wrap  uagb-infobox-icon-left uagb-infobox-left uagb-infobox-image-valign-middle\"><div class=\"uagb-ifb-image-content\"><img decoding=\"async\" src=\"http:\/\/madagascar-design.com\/dentist-smv\/wp-content\/uploads\/2023\/09\/dent-150x150.jpeg\" alt=\"\" width=\"48\" height=\"48\" loading=\"lazy\"\/><\/div><div class=\"uagb-ifb-content\"><div class=\"uagb-ifb-title-wrap\"><\/div><p class=\"uagb-ifb-desc\"><strong>Michael <\/strong>MACRON<\/p><\/div><\/div>\n\n\n\n<div class=\"wp-block-uagb-advanced-heading uagb-block-cb8147c8\"><p class=\"uagb-desc-text\">\u00ab\u00a0C&rsquo;est la premi\u00e8re fois que je n&rsquo;ai pas ressenti de douleur lors d&rsquo;une intervention dentaire. Bravo \u00e0 cette clinique pour leur approche douce et comp\u00e9tente.\u00a0\u00bb\u200b<\/p><\/div>\n<\/div>\n\n\n\n<div class=\"wp-block-uagb-container uagb-block-8335eae6\">\n<div class=\"wp-block-uagb-info-box uagb-block-7cb7581e uagb-infobox__content-wrap  uagb-infobox-icon-left uagb-infobox-left uagb-infobox-image-valign-middle\"><div class=\"uagb-ifb-image-content\"><img decoding=\"async\" src=\"http:\/\/madagascar-design.com\/dentist-smv\/wp-content\/uploads\/2023\/09\/dentist-1-150x150.jpeg\" alt=\"\" width=\"48\" height=\"48\" loading=\"lazy\"\/><\/div><div class=\"uagb-ifb-content\"><div class=\"uagb-ifb-title-wrap\"><\/div><p class=\"uagb-ifb-desc\"><strong><strong>Nicole <\/strong><\/strong>MARTINEZ<\/p><\/div><\/div>\n\n\n\n<div class=\"wp-block-uagb-advanced-heading uagb-block-a2336ce3\"><p class=\"uagb-desc-text\">\u00ab\u00a0Le personnel \u00e9tait tellement attentionn\u00e9 et pr\u00e9venant. Je me suis senti \u00e0 l\u2019aise d\u00e8s la premi\u00e8re visite, et mes probl\u00e8mes dentaires ont \u00e9t\u00e9 r\u00e9solus de mani\u00e8re efficace et confortable.\u00a0\u00bb\u200b<\/p><\/div>\n<\/div>\n\n\n\n<div class=\"wp-block-uagb-container uagb-block-d3e36cd3\">\n<div class=\"wp-block-uagb-info-box uagb-block-79280b30 uagb-infobox__content-wrap  uagb-infobox-icon-left uagb-infobox-left uagb-infobox-image-valign-middle\"><div class=\"uagb-ifb-image-content\"><img decoding=\"async\" src=\"http:\/\/madagascar-design.com\/dentist-smv\/wp-content\/uploads\/2023\/09\/dentaire-4-150x150.jpeg\" alt=\"\" width=\"48\" height=\"48\" loading=\"lazy\"\/><\/div><div class=\"uagb-ifb-content\"><div class=\"uagb-ifb-title-wrap\"><\/div><p class=\"uagb-ifb-desc\"><strong><strong>Olivier DUCHESNE<\/strong><\/strong><\/p><\/div><\/div>\n\n\n\n<div class=\"wp-block-uagb-advanced-heading uagb-block-eeb4efac\"><p class=\"uagb-desc-text\">\u00ab\u00a0Le blanchiment dentaire que j&rsquo;ai re\u00e7u ici a vraiment fait des merveilles pour mon sourire. Je ne cesse de recevoir des compliments !\u00a0\u00bb\u200b<\/p><\/div>\n<\/div>\n<\/div>\n\n\n\n<div class=\"wp-block-uagb-container uagb-block-f45e53bc\">\n<div class=\"wp-block-uagb-container uagb-block-302a360a\">\n<div class=\"wp-block-uagb-info-box uagb-block-7ede3596 uagb-infobox__content-wrap  uagb-infobox-icon-left uagb-infobox-left uagb-infobox-image-valign-middle\"><div class=\"uagb-ifb-image-content\"><img decoding=\"async\" src=\"http:\/\/madagascar-design.com\/dentist-smv\/wp-content\/uploads\/2023\/09\/dentist-art-150x150.jpeg\" alt=\"\" width=\"48\" height=\"48\" loading=\"lazy\"\/><\/div><div class=\"uagb-ifb-content\"><div class=\"uagb-ifb-title-wrap\"><\/div><p class=\"uagb-ifb-desc\"><strong>Evelyne DELACRE<\/strong><\/p><\/div><\/div>\n\n\n\n<div class=\"wp-block-uagb-advanced-heading uagb-block-af74d8b0\"><p class=\"uagb-desc-text\">\u00ab\u00a0Les soins dentaires sont g\u00e9n\u00e9ralement une source de stress pour moi, mais cette clinique a r\u00e9ussi \u00e0 me faire me sentir \u00e0 l\u2019aise et d\u00e9tendu \u00e0 chaque visite. Je ne les remercierai jamais assez.\u00a0\u00bb\u200b<\/p><\/div>\n<\/div>\n\n\n\n<div class=\"wp-block-uagb-container uagb-block-c7162ca1\">\n<div class=\"wp-block-uagb-info-box uagb-block-b8a11582 uagb-infobox__content-wrap  uagb-infobox-icon-left uagb-infobox-left uagb-infobox-image-valign-middle\"><div class=\"uagb-ifb-image-content\"><img decoding=\"async\" src=\"http:\/\/madagascar-design.com\/dentist-smv\/wp-content\/uploads\/2023\/09\/dentistart-150x150.jpeg\" alt=\"\" width=\"48\" height=\"48\" loading=\"lazy\"\/><\/div><div class=\"uagb-ifb-content\"><div class=\"uagb-ifb-title-wrap\"><\/div><p class=\"uagb-ifb-desc\"><strong><strong>Nicolas<\/strong><\/strong><\/p><\/div><\/div>\n\n\n\n<div class=\"wp-block-uagb-advanced-heading uagb-block-7a50e92c\"><p class=\"uagb-desc-text\">\u00ab\u00a0Je recommande vivement cette clinique \u00e0 quiconque recherche des soins dentaires de qualit\u00e9 sup\u00e9rieure. Mon exp\u00e9rience a \u00e9t\u00e9 exceptionnelle du d\u00e9but \u00e0 la fin.\u00a0\u00bb\u200b<\/p><\/div>\n<\/div>\n\n\n\n<div class=\"wp-block-uagb-container uagb-block-abd978e9\">\n<div class=\"wp-block-uagb-info-box uagb-block-070ef9d9 uagb-infobox__content-wrap  uagb-infobox-icon-left uagb-infobox-left uagb-infobox-image-valign-middle\"><div class=\"uagb-ifb-image-content\"><img decoding=\"async\" src=\"http:\/\/madagascar-design.com\/dentist-smv\/wp-content\/uploads\/2023\/09\/dentists-150x150.jpeg\" alt=\"\" width=\"48\" height=\"48\" loading=\"lazy\"\/><\/div><div class=\"uagb-ifb-content\"><div class=\"uagb-ifb-title-wrap\"><\/div><p class=\"uagb-ifb-desc\"><strong><strong>Michelle AURORE<\/strong><\/strong><\/p><\/div><\/div>\n\n\n\n<div class=\"wp-block-uagb-advanced-heading uagb-block-219885a3\"><p class=\"uagb-desc-text\">\u00ab\u00a0Je suis impressionn\u00e9 par l\u2019attention aux d\u00e9tails et le professionnalisme de l\u2019\u00e9quipe. Mes soins dentaires ont \u00e9t\u00e9 impeccables.\u00a0\u00bb\u200b<\/p><\/div>\n<\/div>\n<\/div>\n\n\n\n<div class=\"wp-block-uagb-container uagb-block-9c72833a\">\n<div class=\"wp-block-uagb-container uagb-block-5041deb8\">\n<div class=\"wp-block-uagb-info-box uagb-block-cdb1143e uagb-infobox__content-wrap  uagb-infobox-icon-left uagb-infobox-left uagb-infobox-image-valign-middle\"><div class=\"uagb-ifb-image-content\"><img decoding=\"async\" src=\"http:\/\/madagascar-design.com\/dentist-smv\/wp-content\/uploads\/2023\/09\/dents-150x150.jpeg\" alt=\"\" width=\"48\" height=\"48\" loading=\"lazy\"\/><\/div><div class=\"uagb-ifb-content\"><div class=\"uagb-ifb-title-wrap\"><\/div><p class=\"uagb-ifb-desc\"><strong>Linda<\/strong><\/p><\/div><\/div>\n\n\n\n<div class=\"wp-block-uagb-advanced-heading uagb-block-1a5538e1\"><p class=\"uagb-desc-text\">\u00ab\u00a0Apr\u00e8s des ann\u00e9es d&#8217;embarras li\u00e9 \u00e0 mes dents manquantes, les implants dentaires de cette clinique ont r\u00e9volutionn\u00e9 ma vie. Je me sens enfin complet.\u00a0\u00bb\u200b<\/p><\/div>\n<\/div>\n\n\n\n<div class=\"wp-block-uagb-container uagb-block-f98d6f42\">\n<div class=\"wp-block-uagb-info-box uagb-block-8a5de594 uagb-infobox__content-wrap  uagb-infobox-icon-left uagb-infobox-left uagb-infobox-image-valign-middle\"><div class=\"uagb-ifb-image-content\"><img decoding=\"async\" src=\"http:\/\/madagascar-design.com\/dentist-smv\/wp-content\/uploads\/2023\/09\/dentale-150x150.jpeg\" alt=\"\" width=\"48\" height=\"48\" loading=\"lazy\"\/><\/div><div class=\"uagb-ifb-content\"><div class=\"uagb-ifb-title-wrap\"><\/div><p class=\"uagb-ifb-desc\"><strong><strong>St\u00e9phanie GRANGE<\/strong><\/strong><\/p><\/div><\/div>\n\n\n\n<div class=\"wp-block-uagb-advanced-heading uagb-block-720ce697\"><p class=\"uagb-desc-text\">\u00ab\u00a0Leur engagement envers la pr\u00e9vention m&rsquo;a aid\u00e9 \u00e0 maintenir une meilleure sant\u00e9 bucco-dentaire. Je suis reconnaissant pour leur \u00e9ducation et leurs soins.\u00a0\u00bb\u200b<\/p><\/div>\n<\/div>\n\n\n\n<div class=\"wp-block-uagb-container uagb-block-5c434b48\">\n<div class=\"wp-block-uagb-info-box uagb-block-2b9f3b1a uagb-infobox__content-wrap  uagb-infobox-icon-left uagb-infobox-left uagb-infobox-image-valign-middle\"><div class=\"uagb-ifb-image-content\"><img decoding=\"async\" src=\"http:\/\/madagascar-design.com\/dentist-smv\/wp-content\/uploads\/2023\/09\/dental-2-150x150.jpeg\" alt=\"\" width=\"48\" height=\"48\" loading=\"lazy\"\/><\/div><div class=\"uagb-ifb-content\"><div class=\"uagb-ifb-title-wrap\"><\/div><p class=\"uagb-ifb-desc\"><strong><strong>Matthieu<\/strong><\/strong><\/p><\/div><\/div>\n\n\n\n<div class=\"wp-block-uagb-advanced-heading uagb-block-8860cbf1\"><p class=\"uagb-desc-text\">\u00ab\u00a0Je suis tellement content d&rsquo;avoir trouv\u00e9 cette clinique. Ils m&rsquo;ont aid\u00e9 \u00e0 retrouver confiance en moi et \u00e0 sourire \u00e0 nouveau.\u00a0\u00bb\u200b<\/p><\/div>\n<\/div>\n<\/div>\n<\/div><\/div>\n<\/div><\/div>\n","protected":false},"excerpt":{"rendered":"<p>T\u00e9moignages \u00ab\u00a0C&rsquo;est la premi\u00e8re fois que je n&rsquo;ai pas ressenti de douleur lors d&rsquo;une intervention dentaire. Bravo \u00e0 cette clinique pour leur approche douce et comp\u00e9tente.\u00a0\u00bb\u200b \u00ab\u00a0Le personnel \u00e9tait tellement attentionn\u00e9 et pr\u00e9venant. Je me suis senti \u00e0 l\u2019aise d\u00e8s la premi\u00e8re visite, et mes probl\u00e8mes dentaires ont \u00e9t\u00e9 r\u00e9solus de mani\u00e8re efficace et confortable.\u00a0\u00bb\u200b &hellip;<\/p>\n<p class=\"read-more\"> <a class=\"\" href=\"https:\/\/madagascar-design.com\/dentist-smv\/temoignages\/\"> <span class=\"screen-reader-text\">T\u00e9moignages<\/span> Lire la suite\u00a0\u00bb<\/a><\/p>\n","protected":false},"author":1,"featured_media":0,"parent":0,"menu_order":0,"comment_status":"closed","ping_status":"closed","template":"","meta":{"_uag_custom_page_level_css":"","site-sidebar-layout":"default","site-content-layout":"","ast-site-content-layout":"default","site-content-style":"default","site-sidebar-style":"default","ast-global-header-display":"","ast-banner-title-visibility":"","ast-main-header-display":"","ast-hfb-above-header-display":"","ast-hfb-below-header-display":"","ast-hfb-mobile-header-display":"","site-post-title":"","ast-breadcrumbs-content":"","ast-featured-img":"","footer-sml-layout":"","theme-transparent-header-meta":"","adv-header-id-meta":"","stick-header-meta":"","header-above-stick-meta":"","header-main-stick-meta":"","header-below-stick-meta":"","astra-migrate-meta-layouts":"set","footnotes":""},"class_list":["post-1044","page","type-page","status-publish","hentry"],"uagb_featured_image_src":{"full":false,"thumbnail":false,"medium":false,"medium_large":false,"large":false,"1536x1536":false,"2048x2048":false},"uagb_author_info":{"display_name":"webmaster","author_link":"https:\/\/madagascar-design.com\/dentist-smv\/author\/webmaster\/"},"uagb_comment_info":0,"uagb_excerpt":"T\u00e9moignages \u00ab\u00a0C&rsquo;est la premi\u00e8re fois que je n&rsquo;ai pas ressenti de douleur lors d&rsquo;une intervention dentaire. Bravo \u00e0 cette clinique pour leur approche douce et comp\u00e9tente.\u00a0\u00bb\u200b \u00ab\u00a0Le personnel \u00e9tait tellement attentionn\u00e9 et pr\u00e9venant. Je me suis senti \u00e0 l\u2019aise d\u00e8s la premi\u00e8re visite, et mes probl\u00e8mes dentaires ont \u00e9t\u00e9 r\u00e9solus de mani\u00e8re efficace et confortable.\u00a0\u00bb\u200b\u2026","_links":{"self":[{"href":"https:\/\/madagascar-design.com\/dentist-smv\/wp-json\/wp\/v2\/pages\/1044","targetHints":{"allow":["GET"]}}],"collection":[{"href":"https:\/\/madagascar-design.com\/dentist-smv\/wp-json\/wp\/v2\/pages"}],"about":[{"href":"https:\/\/madagascar-design.com\/dentist-smv\/wp-json\/wp\/v2\/types\/page"}],"author":[{"embeddable":true,"href":"https:\/\/madagascar-design.com\/dentist-smv\/wp-json\/wp\/v2\/users\/1"}],"replies":[{"embeddable":true,"href":"https:\/\/madagascar-design.com\/dentist-smv\/wp-json\/wp\/v2\/comments?post=1044"}],"version-history":[{"count":9,"href":"https:\/\/madagascar-design.com\/dentist-smv\/wp-json\/wp\/v2\/pages\/1044\/revisions"}],"predecessor-version":[{"id":1098,"href":"https:\/\/madagascar-design.com\/dentist-smv\/wp-json\/wp\/v2\/pages\/1044\/revisions\/1098"}],"wp:attachment":[{"href":"https:\/\/madagascar-design.com\/dentist-smv\/wp-json\/wp\/v2\/media?parent=1044"}],"curies":[{"name":"wp","href":"https:\/\/api.w.org\/{rel}","templated":true}]}}