{"id":72,"date":"2021-07-01T18:33:38","date_gmt":"2021-07-01T16:33:38","guid":{"rendered":"http:\/\/madagascar-design.com\/caina\/?post_type=product&#038;p=72"},"modified":"2023-09-22T15:25:40","modified_gmt":"2023-09-22T13:25:40","slug":"robe-printaniere-flashy","status":"publish","type":"product","link":"https:\/\/madagascar-design.com\/caina\/product\/robe-printaniere-flashy\/","title":{"rendered":"Robe printani\u00e8re flashy"},"content":{"rendered":"<p>Cette longue robe Dona Lisa au motif floral incarne le style boh\u00e8me et vintage \u00e0 adopter cette saison. Son imprim\u00e9 fleuri r\u00e9parti sur l&rsquo;ensemble, semi-transparent, son encolure cache-coeur et ses courtes manches conf\u00e8rent un esprit romantique \u00e0 la pi\u00e8ce. Selon vos envies, vous pourrez accorder cette robe longue d&rsquo;\u00e9t\u00e9 aux couleurs vitamin\u00e9es avec une veste en jean ou un perfecto en cuir.<\/p>\n<p>D\u00e9tails produit<br \/>\n&#8211; Manches courtes<br \/>\n&#8211; Col cache-coeur<br \/>\n&#8211; Longueur: maxi<br \/>\n&#8211; Taille \u00e9lastiqu\u00e9e<br \/>\n&#8211; Ceinture \u00e0 passants, lien \u00e0 nouer<br \/>\n&#8211; Motif imprim\u00e9 liberty<\/p>\n<p>Composition et entretien<br \/>\n&#8211; 95% viscose, 5% \u00e9lasthanne<br \/>\n&#8211; Lavage en machine \u00e0 30\u00b0<\/p>\n","protected":false},"excerpt":{"rendered":"<p>Robe Longue Imprim\u00e9e Iberty<\/p>\n","protected":false},"featured_media":360,"template":"","meta":[],"product_cat":[25,29,17],"product_tag":[86],"_links":{"self":[{"href":"https:\/\/madagascar-design.com\/caina\/wp-json\/wp\/v2\/product\/72"}],"collection":[{"href":"https:\/\/madagascar-design.com\/caina\/wp-json\/wp\/v2\/product"}],"about":[{"href":"https:\/\/madagascar-design.com\/caina\/wp-json\/wp\/v2\/types\/product"}],"wp:featuredmedia":[{"embeddable":true,"href":"https:\/\/madagascar-design.com\/caina\/wp-json\/wp\/v2\/media\/360"}],"wp:attachment":[{"href":"https:\/\/madagascar-design.com\/caina\/wp-json\/wp\/v2\/media?parent=72"}],"wp:term":[{"taxonomy":"product_cat","embeddable":true,"href":"https:\/\/madagascar-design.com\/caina\/wp-json\/wp\/v2\/product_cat?post=72"},{"taxonomy":"product_tag","embeddable":true,"href":"https:\/\/madagascar-design.com\/caina\/wp-json\/wp\/v2\/product_tag?post=72"}],"curies":[{"name":"wp","href":"https:\/\/api.w.org\/{rel}","templated":true}]}}