{"id":68,"date":"2021-07-01T18:22:51","date_gmt":"2021-07-01T16:22:51","guid":{"rendered":"http:\/\/madagascar-design.com\/caina\/?post_type=product&#038;p=68"},"modified":"2023-09-22T13:07:01","modified_gmt":"2023-09-22T11:07:01","slug":"veste-chic-zara","status":"publish","type":"product","link":"https:\/\/madagascar-design.com\/caina\/product\/veste-chic-zara\/","title":{"rendered":"Veste chic ZARA"},"content":{"rendered":"<p>Cette charmante veste \u00e0 carreaux est tout simplement irr\u00e9sistible. Avec ses \u00e9clats d&rsquo;orange et sa broche en forme de fleur amovible, elle est parfaite pour le printemps.<\/p>\n<p>Corps: 57% polyester, 24% acrylique, 7% coton, 4% viscose, 3% polyamide, 2% laine. Doublure: 100% polyester<br \/>\nNettoyage \u00e0 sec uniquement<br \/>\nVeste \u00e0 carreaux funky<br \/>\nBroche fleur amovible<br \/>\nM\u00e9lange unique de boutons<\/p>\n","protected":false},"excerpt":{"rendered":"<p>Veste avec col \u00e0 revers et manches longues. Poches avant plaqu\u00e9es et passepoil\u00e9es. Fermeture par boutons-pression sur le devant.<\/p>\n","protected":false},"featured_media":351,"template":"","meta":[],"product_cat":[25,61,22],"product_tag":[85],"_links":{"self":[{"href":"https:\/\/madagascar-design.com\/caina\/wp-json\/wp\/v2\/product\/68"}],"collection":[{"href":"https:\/\/madagascar-design.com\/caina\/wp-json\/wp\/v2\/product"}],"about":[{"href":"https:\/\/madagascar-design.com\/caina\/wp-json\/wp\/v2\/types\/product"}],"wp:featuredmedia":[{"embeddable":true,"href":"https:\/\/madagascar-design.com\/caina\/wp-json\/wp\/v2\/media\/351"}],"wp:attachment":[{"href":"https:\/\/madagascar-design.com\/caina\/wp-json\/wp\/v2\/media?parent=68"}],"wp:term":[{"taxonomy":"product_cat","embeddable":true,"href":"https:\/\/madagascar-design.com\/caina\/wp-json\/wp\/v2\/product_cat?post=68"},{"taxonomy":"product_tag","embeddable":true,"href":"https:\/\/madagascar-design.com\/caina\/wp-json\/wp\/v2\/product_tag?post=68"}],"curies":[{"name":"wp","href":"https:\/\/api.w.org\/{rel}","templated":true}]}}