{"id":55,"date":"2021-07-01T04:21:27","date_gmt":"2021-07-01T02:21:27","guid":{"rendered":"http:\/\/madagascar-design.com\/caina\/?post_type=product&#038;p=55"},"modified":"2023-09-22T13:26:42","modified_gmt":"2023-09-22T11:26:42","slug":"blouson-jean-delave","status":"publish","type":"product","link":"https:\/\/madagascar-design.com\/caina\/product\/blouson-jean-delave\/","title":{"rendered":"Blouson JEAN d\u00e9lav\u00e9"},"content":{"rendered":"<p>Veste en jean ex-boyfriend trucker, coupe droite for real LEVI&rsquo;S<\/p>\n<p>D\u00e9tails produit<br \/>\n \u2022  Jean<br \/>\n \u2022  Coupe droite<br \/>\n \u2022  Longueur : court<br \/>\n \u2022  Col polo, chemise<\/p>\n<p>Composition et Entretien<br \/>\n \u2022  100% coton (coloris Across The Sky Trucker)<br \/>\n \u2022  79% Coton, 21% Lyocell ( coloris For Real)<br \/>\n \u2022  Pour l&rsquo;entretien, merci de vous r\u00e9f\u00e9rer aux indications figurant sur l&rsquo;\u00e9tiquette du produit<\/p>\n<p>Produit Responsable<br \/>\n \u2022  Choisir un produit qui a subi un d\u00e9lavage durable, c\u2019est consommer responsable. Le d\u00e9lavage durable permet de r\u00e9duire consid\u00e9rablement la consommation d\u2019eau utilis\u00e9e par rapport \u00e0 un d\u00e9lavage classique. De quoi aimer encore plus son denim.<\/p>\n","protected":false},"excerpt":{"rendered":"<p>Veste en jean ex-boyfriend trucker, coupe droite <\/p>\n","protected":false},"featured_media":352,"template":"","meta":[],"product_cat":[25,20,45],"product_tag":[74],"_links":{"self":[{"href":"https:\/\/madagascar-design.com\/caina\/wp-json\/wp\/v2\/product\/55"}],"collection":[{"href":"https:\/\/madagascar-design.com\/caina\/wp-json\/wp\/v2\/product"}],"about":[{"href":"https:\/\/madagascar-design.com\/caina\/wp-json\/wp\/v2\/types\/product"}],"wp:featuredmedia":[{"embeddable":true,"href":"https:\/\/madagascar-design.com\/caina\/wp-json\/wp\/v2\/media\/352"}],"wp:attachment":[{"href":"https:\/\/madagascar-design.com\/caina\/wp-json\/wp\/v2\/media?parent=55"}],"wp:term":[{"taxonomy":"product_cat","embeddable":true,"href":"https:\/\/madagascar-design.com\/caina\/wp-json\/wp\/v2\/product_cat?post=55"},{"taxonomy":"product_tag","embeddable":true,"href":"https:\/\/madagascar-design.com\/caina\/wp-json\/wp\/v2\/product_tag?post=55"}],"curies":[{"name":"wp","href":"https:\/\/api.w.org\/{rel}","templated":true}]}}