{"id":52,"date":"2021-06-30T19:27:35","date_gmt":"2021-06-30T17:27:35","guid":{"rendered":"http:\/\/madagascar-design.com\/caina\/?post_type=product&#038;p=52"},"modified":"2023-09-22T14:05:45","modified_gmt":"2023-09-22T12:05:45","slug":"robe-printemps-glamour","status":"publish","type":"product","link":"https:\/\/madagascar-design.com\/caina\/product\/robe-printemps-glamour\/","title":{"rendered":"Robe printemps glamour"},"content":{"rendered":"<p>Style: Glamour<br \/>\nCouleur: Vert<br \/>\nType de motif: Blocs de couleur<br \/>\nLongueur: Maxi<br \/>\nType: Trap\u00e8ze<br \/>\nd\u00e9tails: Dos-nu, Sequins<br \/>\nType d&rsquo;ajustement: Coupe r\u00e9guli\u00e8re<br \/>\nType du col: Col rond<br \/>\nLongueur des manches: Manches courtes<br \/>\nType de manches: Classiques<\/p>\n","protected":false},"excerpt":{"rendered":"<p>Style: Glamour Couleur: Vert Type de motif: Blocs de couleur Longueur: Maxi Type: Trap\u00e8ze d\u00e9tails: Dos-nu, Sequins Type d&rsquo;ajustement: Coupe r\u00e9guli\u00e8re Type du col: Col rond Longueur des manches: Manches courtes Type de manches: Classiques<\/p>\n","protected":false},"featured_media":358,"template":"","meta":[],"product_cat":[25,27,17],"product_tag":[73],"_links":{"self":[{"href":"https:\/\/madagascar-design.com\/caina\/wp-json\/wp\/v2\/product\/52"}],"collection":[{"href":"https:\/\/madagascar-design.com\/caina\/wp-json\/wp\/v2\/product"}],"about":[{"href":"https:\/\/madagascar-design.com\/caina\/wp-json\/wp\/v2\/types\/product"}],"wp:featuredmedia":[{"embeddable":true,"href":"https:\/\/madagascar-design.com\/caina\/wp-json\/wp\/v2\/media\/358"}],"wp:attachment":[{"href":"https:\/\/madagascar-design.com\/caina\/wp-json\/wp\/v2\/media?parent=52"}],"wp:term":[{"taxonomy":"product_cat","embeddable":true,"href":"https:\/\/madagascar-design.com\/caina\/wp-json\/wp\/v2\/product_cat?post=52"},{"taxonomy":"product_tag","embeddable":true,"href":"https:\/\/madagascar-design.com\/caina\/wp-json\/wp\/v2\/product_tag?post=52"}],"curies":[{"name":"wp","href":"https:\/\/api.w.org\/{rel}","templated":true}]}}